{"id":2994,"date":"2022-06-30T03:57:08","date_gmt":"2022-06-30T07:57:08","guid":{"rendered":"http:\/\/192.46.216.108\/~amster\/producto\/caucho-epdm-dutral-ter-4049\/"},"modified":"2023-02-03T11:32:26","modified_gmt":"2023-02-03T15:32:26","slug":"caucho-epdm-dutral-ter-4049","status":"publish","type":"product","link":"https:\/\/amster.cl\/en\/shop\/caucho-epdm-dutral-ter-4049\/","title":{"rendered":"Caucho EPDM Dutral\u00ae TER 4049"},"content":{"rendered":"","protected":false},"excerpt":{"rendered":"<p>EPDM with non-staining antioxidant, 4.5% wt. ENB and 40% wt. of propylene, amorphous of high molecular weight and medium diene content. It has high capacity to hold loads and have good mechanical properties. Preferred for fast extrusions, fast vulcanization and excellent behavior at low temperatures. Mooney viscosity 76 ML 1+4, 125\u00b0C.<\/p>","protected":false},"featured_media":0,"template":"","meta":[],"pwb-brand":[593],"product_brand":[],"product_cat":[516,577],"product_tag":[],"class_list":{"0":"post-2994","1":"product","2":"type-product","3":"status-publish","5":"pwb-brand-versalis","6":"product_cat-caucho","7":"product_cat-epdm","9":"first","10":"instock","11":"shipping-taxable","12":"product-type-simple","13":"prodpage-classic"},"yoast_head":"<!-- This site is optimized with the Yoast SEO plugin v27.4 - https:\/\/yoast.com\/product\/yoast-seo-wordpress\/ -->\n<title>Caucho EPDM Dutral\u00ae TER 4049 - AMSTER<\/title>\n<meta name=\"robots\" content=\"index, follow, max-snippet:-1, max-image-preview:large, max-video-preview:-1\" \/>\n<link rel=\"canonical\" href=\"https:\/\/amster.cl\/en\/shop\/caucho-epdm-dutral-ter-4049\/\" \/>\n<meta property=\"og:locale\" content=\"en_US\" \/>\n<meta property=\"og:type\" content=\"article\" \/>\n<meta property=\"og:title\" content=\"Caucho EPDM Dutral\u00ae TER 4049 - AMSTER\" \/>\n<meta property=\"og:description\" content=\"EPDM con antioxidante no manchante, 4.5% wt. ENB y 40% wt. de propileno, amorfo de alto peso molecular y contenido de dieno medio. Tiene alta capacidad para contener cargas y tener buenas propiedades mec\u00e1nicas. Preferido para extrusiones r\u00e1pidas, vulcanizaci\u00f3n r\u00e1pida y excelente comportamiento a bajas temperaturas. Viscosidad Mooney 76 ML 1+4, 125\u00b0C.\" \/>\n<meta property=\"og:url\" content=\"https:\/\/amster.cl\/en\/shop\/caucho-epdm-dutral-ter-4049\/\" \/>\n<meta property=\"og:site_name\" content=\"AMSTER\" \/>\n<meta property=\"article:modified_time\" content=\"2023-02-03T15:32:26+00:00\" \/>\n<meta name=\"twitter:card\" content=\"summary_large_image\" \/>\n<script type=\"application\/ld+json\" class=\"yoast-schema-graph\">{\"@context\":\"https:\\\/\\\/schema.org\",\"@graph\":[{\"@type\":\"WebPage\",\"@id\":\"https:\\\/\\\/amster.cl\\\/shop\\\/caucho-epdm-dutral-ter-4049\\\/\",\"url\":\"https:\\\/\\\/amster.cl\\\/shop\\\/caucho-epdm-dutral-ter-4049\\\/\",\"name\":\"Caucho EPDM Dutral\u00ae TER 4049 - AMSTER\",\"isPartOf\":{\"@id\":\"https:\\\/\\\/amster.cl\\\/#website\"},\"datePublished\":\"2022-06-30T07:57:08+00:00\",\"dateModified\":\"2023-02-03T15:32:26+00:00\",\"breadcrumb\":{\"@id\":\"https:\\\/\\\/amster.cl\\\/shop\\\/caucho-epdm-dutral-ter-4049\\\/#breadcrumb\"},\"inLanguage\":\"en-US\",\"potentialAction\":[{\"@type\":\"ReadAction\",\"target\":[\"https:\\\/\\\/amster.cl\\\/shop\\\/caucho-epdm-dutral-ter-4049\\\/\"]}]},{\"@type\":\"BreadcrumbList\",\"@id\":\"https:\\\/\\\/amster.cl\\\/shop\\\/caucho-epdm-dutral-ter-4049\\\/#breadcrumb\",\"itemListElement\":[{\"@type\":\"ListItem\",\"position\":1,\"name\":\"Portada\",\"item\":\"https:\\\/\\\/amster.cl\\\/\"},{\"@type\":\"ListItem\",\"position\":2,\"name\":\"Tienda\",\"item\":\"https:\\\/\\\/amster.cl\\\/tienda\\\/\"},{\"@type\":\"ListItem\",\"position\":3,\"name\":\"Caucho EPDM Dutral\u00ae TER 4049\"}]},{\"@type\":\"WebSite\",\"@id\":\"https:\\\/\\\/amster.cl\\\/#website\",\"url\":\"https:\\\/\\\/amster.cl\\\/\",\"name\":\"AMSTER\",\"description\":\"Proveedor de materias primas para la industria chilena\",\"potentialAction\":[{\"@type\":\"SearchAction\",\"target\":{\"@type\":\"EntryPoint\",\"urlTemplate\":\"https:\\\/\\\/amster.cl\\\/?s={search_term_string}\"},\"query-input\":{\"@type\":\"PropertyValueSpecification\",\"valueRequired\":true,\"valueName\":\"search_term_string\"}}],\"inLanguage\":\"en-US\"}]}<\/script>\n<!-- \/ Yoast SEO plugin. -->","yoast_head_json":{"title":"Caucho EPDM Dutral\u00ae TER 4049 - AMSTER","robots":{"index":"index","follow":"follow","max-snippet":"max-snippet:-1","max-image-preview":"max-image-preview:large","max-video-preview":"max-video-preview:-1"},"canonical":"https:\/\/amster.cl\/en\/shop\/caucho-epdm-dutral-ter-4049\/","og_locale":"en_US","og_type":"article","og_title":"Caucho EPDM Dutral\u00ae TER 4049 - AMSTER","og_description":"EPDM con antioxidante no manchante, 4.5% wt. ENB y 40% wt. de propileno, amorfo de alto peso molecular y contenido de dieno medio. Tiene alta capacidad para contener cargas y tener buenas propiedades mec\u00e1nicas. Preferido para extrusiones r\u00e1pidas, vulcanizaci\u00f3n r\u00e1pida y excelente comportamiento a bajas temperaturas. Viscosidad Mooney 76 ML 1+4, 125\u00b0C.","og_url":"https:\/\/amster.cl\/en\/shop\/caucho-epdm-dutral-ter-4049\/","og_site_name":"AMSTER","article_modified_time":"2023-02-03T15:32:26+00:00","twitter_card":"summary_large_image","schema":{"@context":"https:\/\/schema.org","@graph":[{"@type":"WebPage","@id":"https:\/\/amster.cl\/shop\/caucho-epdm-dutral-ter-4049\/","url":"https:\/\/amster.cl\/shop\/caucho-epdm-dutral-ter-4049\/","name":"Caucho EPDM Dutral\u00ae TER 4049 - AMSTER","isPartOf":{"@id":"https:\/\/amster.cl\/#website"},"datePublished":"2022-06-30T07:57:08+00:00","dateModified":"2023-02-03T15:32:26+00:00","breadcrumb":{"@id":"https:\/\/amster.cl\/shop\/caucho-epdm-dutral-ter-4049\/#breadcrumb"},"inLanguage":"en-US","potentialAction":[{"@type":"ReadAction","target":["https:\/\/amster.cl\/shop\/caucho-epdm-dutral-ter-4049\/"]}]},{"@type":"BreadcrumbList","@id":"https:\/\/amster.cl\/shop\/caucho-epdm-dutral-ter-4049\/#breadcrumb","itemListElement":[{"@type":"ListItem","position":1,"name":"Portada","item":"https:\/\/amster.cl\/"},{"@type":"ListItem","position":2,"name":"Tienda","item":"https:\/\/amster.cl\/tienda\/"},{"@type":"ListItem","position":3,"name":"Caucho EPDM Dutral\u00ae TER 4049"}]},{"@type":"WebSite","@id":"https:\/\/amster.cl\/#website","url":"https:\/\/amster.cl\/","name":"AMSTER","description":"Proveedor de materias primas para la industria chilena","potentialAction":[{"@type":"SearchAction","target":{"@type":"EntryPoint","urlTemplate":"https:\/\/amster.cl\/?s={search_term_string}"},"query-input":{"@type":"PropertyValueSpecification","valueRequired":true,"valueName":"search_term_string"}}],"inLanguage":"en-US"}]}},"brands":[{"id":593,"name":"Versalis","slug":"versalis"}],"_links":{"self":[{"href":"https:\/\/amster.cl\/en\/wp-json\/wp\/v2\/product\/2994","targetHints":{"allow":["GET"]}}],"collection":[{"href":"https:\/\/amster.cl\/en\/wp-json\/wp\/v2\/product"}],"about":[{"href":"https:\/\/amster.cl\/en\/wp-json\/wp\/v2\/types\/product"}],"wp:attachment":[{"href":"https:\/\/amster.cl\/en\/wp-json\/wp\/v2\/media?parent=2994"}],"wp:term":[{"taxonomy":"pwb-brand","embeddable":true,"href":"https:\/\/amster.cl\/en\/wp-json\/wp\/v2\/pwb-brand?post=2994"},{"taxonomy":"product_brand","embeddable":true,"href":"https:\/\/amster.cl\/en\/wp-json\/wp\/v2\/product_brand?post=2994"},{"taxonomy":"product_cat","embeddable":true,"href":"https:\/\/amster.cl\/en\/wp-json\/wp\/v2\/product_cat?post=2994"},{"taxonomy":"product_tag","embeddable":true,"href":"https:\/\/amster.cl\/en\/wp-json\/wp\/v2\/product_tag?post=2994"}],"curies":[{"name":"wp","href":"https:\/\/api.w.org\/{rel}","templated":true}]}}