{"id":2997,"date":"2022-06-30T03:57:09","date_gmt":"2022-06-30T07:57:09","guid":{"rendered":"http:\/\/192.46.216.108\/~amster\/producto\/caucho-natural-sgr-20\/"},"modified":"2023-02-03T11:34:59","modified_gmt":"2023-02-03T15:34:59","slug":"caucho-natural-sgr-20","status":"publish","type":"product","link":"https:\/\/amster.cl\/en\/shop\/caucho-natural-sgr-20\/","title":{"rendered":"Caucho Natural SGR-20"},"content":{"rendered":"","protected":false},"excerpt":{"rendered":"<p>General purpose natural rubber for the manufacture of tires, pipe coatings, pipes and footwear.<\/p>","protected":false},"featured_media":0,"template":"","meta":[],"pwb-brand":[595],"product_brand":[],"product_cat":[516,579],"product_tag":[],"class_list":{"0":"post-2997","1":"product","2":"type-product","3":"status-publish","5":"pwb-brand-introsa","6":"product_cat-caucho","7":"product_cat-natural","9":"first","10":"instock","11":"shipping-taxable","12":"product-type-simple","13":"prodpage-classic"},"yoast_head":"<!-- This site is optimized with the Yoast SEO plugin v27.4 - https:\/\/yoast.com\/product\/yoast-seo-wordpress\/ -->\n<title>Caucho Natural SGR-20 - AMSTER<\/title>\n<meta name=\"robots\" content=\"index, follow, max-snippet:-1, max-image-preview:large, max-video-preview:-1\" \/>\n<link rel=\"canonical\" href=\"https:\/\/amster.cl\/en\/shop\/caucho-natural-sgr-20\/\" \/>\n<meta property=\"og:locale\" content=\"en_US\" \/>\n<meta property=\"og:type\" content=\"article\" \/>\n<meta property=\"og:title\" content=\"Caucho Natural SGR-20 - AMSTER\" \/>\n<meta property=\"og:description\" content=\"Caucho natural de prop\u00f3sito general para la fabricaci\u00f3n de neum\u00e1ticos, recubrimientos de tuber\u00eda, tuber\u00edas y calzado.\" \/>\n<meta property=\"og:url\" content=\"https:\/\/amster.cl\/en\/shop\/caucho-natural-sgr-20\/\" \/>\n<meta property=\"og:site_name\" content=\"AMSTER\" \/>\n<meta property=\"article:modified_time\" content=\"2023-02-03T15:34:59+00:00\" \/>\n<meta name=\"twitter:card\" content=\"summary_large_image\" \/>\n<script type=\"application\/ld+json\" class=\"yoast-schema-graph\">{\"@context\":\"https:\\\/\\\/schema.org\",\"@graph\":[{\"@type\":\"WebPage\",\"@id\":\"https:\\\/\\\/amster.cl\\\/shop\\\/caucho-natural-sgr-20\\\/\",\"url\":\"https:\\\/\\\/amster.cl\\\/shop\\\/caucho-natural-sgr-20\\\/\",\"name\":\"Caucho Natural SGR-20 - AMSTER\",\"isPartOf\":{\"@id\":\"https:\\\/\\\/amster.cl\\\/#website\"},\"datePublished\":\"2022-06-30T07:57:09+00:00\",\"dateModified\":\"2023-02-03T15:34:59+00:00\",\"breadcrumb\":{\"@id\":\"https:\\\/\\\/amster.cl\\\/shop\\\/caucho-natural-sgr-20\\\/#breadcrumb\"},\"inLanguage\":\"en-US\",\"potentialAction\":[{\"@type\":\"ReadAction\",\"target\":[\"https:\\\/\\\/amster.cl\\\/shop\\\/caucho-natural-sgr-20\\\/\"]}]},{\"@type\":\"BreadcrumbList\",\"@id\":\"https:\\\/\\\/amster.cl\\\/shop\\\/caucho-natural-sgr-20\\\/#breadcrumb\",\"itemListElement\":[{\"@type\":\"ListItem\",\"position\":1,\"name\":\"Portada\",\"item\":\"https:\\\/\\\/amster.cl\\\/\"},{\"@type\":\"ListItem\",\"position\":2,\"name\":\"Tienda\",\"item\":\"https:\\\/\\\/amster.cl\\\/tienda\\\/\"},{\"@type\":\"ListItem\",\"position\":3,\"name\":\"Caucho Natural SGR-20\"}]},{\"@type\":\"WebSite\",\"@id\":\"https:\\\/\\\/amster.cl\\\/#website\",\"url\":\"https:\\\/\\\/amster.cl\\\/\",\"name\":\"AMSTER\",\"description\":\"Proveedor de materias primas para la industria chilena\",\"potentialAction\":[{\"@type\":\"SearchAction\",\"target\":{\"@type\":\"EntryPoint\",\"urlTemplate\":\"https:\\\/\\\/amster.cl\\\/?s={search_term_string}\"},\"query-input\":{\"@type\":\"PropertyValueSpecification\",\"valueRequired\":true,\"valueName\":\"search_term_string\"}}],\"inLanguage\":\"en-US\"}]}<\/script>\n<!-- \/ Yoast SEO plugin. -->","yoast_head_json":{"title":"Caucho Natural SGR-20 - AMSTER","robots":{"index":"index","follow":"follow","max-snippet":"max-snippet:-1","max-image-preview":"max-image-preview:large","max-video-preview":"max-video-preview:-1"},"canonical":"https:\/\/amster.cl\/en\/shop\/caucho-natural-sgr-20\/","og_locale":"en_US","og_type":"article","og_title":"Caucho Natural SGR-20 - AMSTER","og_description":"Caucho natural de prop\u00f3sito general para la fabricaci\u00f3n de neum\u00e1ticos, recubrimientos de tuber\u00eda, tuber\u00edas y calzado.","og_url":"https:\/\/amster.cl\/en\/shop\/caucho-natural-sgr-20\/","og_site_name":"AMSTER","article_modified_time":"2023-02-03T15:34:59+00:00","twitter_card":"summary_large_image","schema":{"@context":"https:\/\/schema.org","@graph":[{"@type":"WebPage","@id":"https:\/\/amster.cl\/shop\/caucho-natural-sgr-20\/","url":"https:\/\/amster.cl\/shop\/caucho-natural-sgr-20\/","name":"Caucho Natural SGR-20 - AMSTER","isPartOf":{"@id":"https:\/\/amster.cl\/#website"},"datePublished":"2022-06-30T07:57:09+00:00","dateModified":"2023-02-03T15:34:59+00:00","breadcrumb":{"@id":"https:\/\/amster.cl\/shop\/caucho-natural-sgr-20\/#breadcrumb"},"inLanguage":"en-US","potentialAction":[{"@type":"ReadAction","target":["https:\/\/amster.cl\/shop\/caucho-natural-sgr-20\/"]}]},{"@type":"BreadcrumbList","@id":"https:\/\/amster.cl\/shop\/caucho-natural-sgr-20\/#breadcrumb","itemListElement":[{"@type":"ListItem","position":1,"name":"Portada","item":"https:\/\/amster.cl\/"},{"@type":"ListItem","position":2,"name":"Tienda","item":"https:\/\/amster.cl\/tienda\/"},{"@type":"ListItem","position":3,"name":"Caucho Natural SGR-20"}]},{"@type":"WebSite","@id":"https:\/\/amster.cl\/#website","url":"https:\/\/amster.cl\/","name":"AMSTER","description":"Proveedor de materias primas para la industria chilena","potentialAction":[{"@type":"SearchAction","target":{"@type":"EntryPoint","urlTemplate":"https:\/\/amster.cl\/?s={search_term_string}"},"query-input":{"@type":"PropertyValueSpecification","valueRequired":true,"valueName":"search_term_string"}}],"inLanguage":"en-US"}]}},"brands":[{"id":595,"name":"INTROSA","slug":"introsa"}],"_links":{"self":[{"href":"https:\/\/amster.cl\/en\/wp-json\/wp\/v2\/product\/2997","targetHints":{"allow":["GET"]}}],"collection":[{"href":"https:\/\/amster.cl\/en\/wp-json\/wp\/v2\/product"}],"about":[{"href":"https:\/\/amster.cl\/en\/wp-json\/wp\/v2\/types\/product"}],"wp:attachment":[{"href":"https:\/\/amster.cl\/en\/wp-json\/wp\/v2\/media?parent=2997"}],"wp:term":[{"taxonomy":"pwb-brand","embeddable":true,"href":"https:\/\/amster.cl\/en\/wp-json\/wp\/v2\/pwb-brand?post=2997"},{"taxonomy":"product_brand","embeddable":true,"href":"https:\/\/amster.cl\/en\/wp-json\/wp\/v2\/product_brand?post=2997"},{"taxonomy":"product_cat","embeddable":true,"href":"https:\/\/amster.cl\/en\/wp-json\/wp\/v2\/product_cat?post=2997"},{"taxonomy":"product_tag","embeddable":true,"href":"https:\/\/amster.cl\/en\/wp-json\/wp\/v2\/product_tag?post=2997"}],"curies":[{"name":"wp","href":"https:\/\/api.w.org\/{rel}","templated":true}]}}