{"id":3002,"date":"2022-06-30T03:57:09","date_gmt":"2022-06-30T07:57:09","guid":{"rendered":"http:\/\/192.46.216.108\/~amster\/producto\/caucho-nbr-6240\/"},"modified":"2023-02-03T11:42:16","modified_gmt":"2023-02-03T15:42:16","slug":"caucho-nbr-6240","status":"publish","type":"product","link":"https:\/\/amster.cl\/en\/shop\/caucho-nbr-6240\/","title":{"rendered":"Caucho NBR 6240"},"content":{"rendered":"","protected":false},"excerpt":{"rendered":"<p>Non-staining NBR with 34% wt. acrylonitrile designed for process aid in extrusion and compression molding. It has excellent behavior at low temperatures. Recommended for packaging, footwear, foamed products, products in contact with oil and automotive parts. Mooney viscosity 41 ML 1+4, 100\u00b0C.<\/p>","protected":false},"featured_media":0,"template":"","meta":[],"pwb-brand":[597],"product_brand":[],"product_cat":[516,580],"product_tag":[],"class_list":{"0":"post-3002","1":"product","2":"type-product","3":"status-publish","5":"pwb-brand-lg-chem","6":"product_cat-caucho","7":"product_cat-nbr","9":"first","10":"instock","11":"shipping-taxable","12":"product-type-simple","13":"prodpage-classic"},"yoast_head":"<!-- This site is optimized with the Yoast SEO plugin v27.4 - https:\/\/yoast.com\/product\/yoast-seo-wordpress\/ -->\n<title>Caucho NBR 6240 - AMSTER<\/title>\n<meta name=\"robots\" content=\"index, follow, max-snippet:-1, max-image-preview:large, max-video-preview:-1\" \/>\n<link rel=\"canonical\" href=\"https:\/\/amster.cl\/en\/shop\/caucho-nbr-6240\/\" \/>\n<meta property=\"og:locale\" content=\"en_US\" \/>\n<meta property=\"og:type\" content=\"article\" \/>\n<meta property=\"og:title\" content=\"Caucho NBR 6240 - AMSTER\" \/>\n<meta property=\"og:description\" content=\"NBR no manchante con 34% wt. de acrilonitrilo dise\u00f1ado para ayuda de proceso en extrusi\u00f3n y moldeo por compresi\u00f3n. Tiene excelente comportamiento a bajas temperaturas. Recomendado para empaques, calzado, productos espumados, productos en contacto con aceite y piezas automotrices. Viscosidad Mooney 41 ML 1+4, 100\u00b0C.\" \/>\n<meta property=\"og:url\" content=\"https:\/\/amster.cl\/en\/shop\/caucho-nbr-6240\/\" \/>\n<meta property=\"og:site_name\" content=\"AMSTER\" \/>\n<meta property=\"article:modified_time\" content=\"2023-02-03T15:42:16+00:00\" \/>\n<meta name=\"twitter:card\" content=\"summary_large_image\" \/>\n<script type=\"application\/ld+json\" class=\"yoast-schema-graph\">{\"@context\":\"https:\\\/\\\/schema.org\",\"@graph\":[{\"@type\":\"WebPage\",\"@id\":\"https:\\\/\\\/amster.cl\\\/shop\\\/caucho-nbr-6240\\\/\",\"url\":\"https:\\\/\\\/amster.cl\\\/shop\\\/caucho-nbr-6240\\\/\",\"name\":\"Caucho NBR 6240 - AMSTER\",\"isPartOf\":{\"@id\":\"https:\\\/\\\/amster.cl\\\/#website\"},\"datePublished\":\"2022-06-30T07:57:09+00:00\",\"dateModified\":\"2023-02-03T15:42:16+00:00\",\"breadcrumb\":{\"@id\":\"https:\\\/\\\/amster.cl\\\/shop\\\/caucho-nbr-6240\\\/#breadcrumb\"},\"inLanguage\":\"en-US\",\"potentialAction\":[{\"@type\":\"ReadAction\",\"target\":[\"https:\\\/\\\/amster.cl\\\/shop\\\/caucho-nbr-6240\\\/\"]}]},{\"@type\":\"BreadcrumbList\",\"@id\":\"https:\\\/\\\/amster.cl\\\/shop\\\/caucho-nbr-6240\\\/#breadcrumb\",\"itemListElement\":[{\"@type\":\"ListItem\",\"position\":1,\"name\":\"Portada\",\"item\":\"https:\\\/\\\/amster.cl\\\/\"},{\"@type\":\"ListItem\",\"position\":2,\"name\":\"Tienda\",\"item\":\"https:\\\/\\\/amster.cl\\\/tienda\\\/\"},{\"@type\":\"ListItem\",\"position\":3,\"name\":\"Caucho NBR 6240\"}]},{\"@type\":\"WebSite\",\"@id\":\"https:\\\/\\\/amster.cl\\\/#website\",\"url\":\"https:\\\/\\\/amster.cl\\\/\",\"name\":\"AMSTER\",\"description\":\"Proveedor de materias primas para la industria chilena\",\"potentialAction\":[{\"@type\":\"SearchAction\",\"target\":{\"@type\":\"EntryPoint\",\"urlTemplate\":\"https:\\\/\\\/amster.cl\\\/?s={search_term_string}\"},\"query-input\":{\"@type\":\"PropertyValueSpecification\",\"valueRequired\":true,\"valueName\":\"search_term_string\"}}],\"inLanguage\":\"en-US\"}]}<\/script>\n<!-- \/ Yoast SEO plugin. -->","yoast_head_json":{"title":"Caucho NBR 6240 - AMSTER","robots":{"index":"index","follow":"follow","max-snippet":"max-snippet:-1","max-image-preview":"max-image-preview:large","max-video-preview":"max-video-preview:-1"},"canonical":"https:\/\/amster.cl\/en\/shop\/caucho-nbr-6240\/","og_locale":"en_US","og_type":"article","og_title":"Caucho NBR 6240 - AMSTER","og_description":"NBR no manchante con 34% wt. de acrilonitrilo dise\u00f1ado para ayuda de proceso en extrusi\u00f3n y moldeo por compresi\u00f3n. Tiene excelente comportamiento a bajas temperaturas. Recomendado para empaques, calzado, productos espumados, productos en contacto con aceite y piezas automotrices. Viscosidad Mooney 41 ML 1+4, 100\u00b0C.","og_url":"https:\/\/amster.cl\/en\/shop\/caucho-nbr-6240\/","og_site_name":"AMSTER","article_modified_time":"2023-02-03T15:42:16+00:00","twitter_card":"summary_large_image","schema":{"@context":"https:\/\/schema.org","@graph":[{"@type":"WebPage","@id":"https:\/\/amster.cl\/shop\/caucho-nbr-6240\/","url":"https:\/\/amster.cl\/shop\/caucho-nbr-6240\/","name":"Caucho NBR 6240 - AMSTER","isPartOf":{"@id":"https:\/\/amster.cl\/#website"},"datePublished":"2022-06-30T07:57:09+00:00","dateModified":"2023-02-03T15:42:16+00:00","breadcrumb":{"@id":"https:\/\/amster.cl\/shop\/caucho-nbr-6240\/#breadcrumb"},"inLanguage":"en-US","potentialAction":[{"@type":"ReadAction","target":["https:\/\/amster.cl\/shop\/caucho-nbr-6240\/"]}]},{"@type":"BreadcrumbList","@id":"https:\/\/amster.cl\/shop\/caucho-nbr-6240\/#breadcrumb","itemListElement":[{"@type":"ListItem","position":1,"name":"Portada","item":"https:\/\/amster.cl\/"},{"@type":"ListItem","position":2,"name":"Tienda","item":"https:\/\/amster.cl\/tienda\/"},{"@type":"ListItem","position":3,"name":"Caucho NBR 6240"}]},{"@type":"WebSite","@id":"https:\/\/amster.cl\/#website","url":"https:\/\/amster.cl\/","name":"AMSTER","description":"Proveedor de materias primas para la industria chilena","potentialAction":[{"@type":"SearchAction","target":{"@type":"EntryPoint","urlTemplate":"https:\/\/amster.cl\/?s={search_term_string}"},"query-input":{"@type":"PropertyValueSpecification","valueRequired":true,"valueName":"search_term_string"}}],"inLanguage":"en-US"}]}},"brands":[{"id":597,"name":"LG Chem","slug":"lg-chem"}],"_links":{"self":[{"href":"https:\/\/amster.cl\/en\/wp-json\/wp\/v2\/product\/3002","targetHints":{"allow":["GET"]}}],"collection":[{"href":"https:\/\/amster.cl\/en\/wp-json\/wp\/v2\/product"}],"about":[{"href":"https:\/\/amster.cl\/en\/wp-json\/wp\/v2\/types\/product"}],"wp:attachment":[{"href":"https:\/\/amster.cl\/en\/wp-json\/wp\/v2\/media?parent=3002"}],"wp:term":[{"taxonomy":"pwb-brand","embeddable":true,"href":"https:\/\/amster.cl\/en\/wp-json\/wp\/v2\/pwb-brand?post=3002"},{"taxonomy":"product_brand","embeddable":true,"href":"https:\/\/amster.cl\/en\/wp-json\/wp\/v2\/product_brand?post=3002"},{"taxonomy":"product_cat","embeddable":true,"href":"https:\/\/amster.cl\/en\/wp-json\/wp\/v2\/product_cat?post=3002"},{"taxonomy":"product_tag","embeddable":true,"href":"https:\/\/amster.cl\/en\/wp-json\/wp\/v2\/product_tag?post=3002"}],"curies":[{"name":"wp","href":"https:\/\/api.w.org\/{rel}","templated":true}]}}