{"id":3025,"date":"2022-06-30T03:57:11","date_gmt":"2022-06-30T07:57:11","guid":{"rendered":"http:\/\/192.46.216.108\/~amster\/producto\/desmocoll-540-4-2\/"},"modified":"2023-03-17T10:22:59","modified_gmt":"2023-03-17T14:22:59","slug":"desmocoll-540-4-2","status":"publish","type":"product","link":"https:\/\/amster.cl\/en\/shop\/desmocoll-540-4-2\/","title":{"rendered":"Desmocoll\u00ae 540\/4"},"content":{"rendered":"","protected":false},"excerpt":{"rendered":"<p>Flexible linear polyurethane resin with extremely high crystallization speed and heat activated. It favors the adhesion of flexible PVC, leather, rubber, textiles, wood, many plastics, films and aluminum. High resistance in green and thermal resistance of the adhesive. Crystallization time of 10 min, with minimum activation temperature of 60 \u00b0 C and maximum thermal resistance of 80 \u00b0 C.<\/p>","protected":false},"featured_media":0,"template":"","meta":[],"pwb-brand":[572],"product_brand":[],"product_cat":[585,602],"product_tag":[],"class_list":{"0":"post-3025","1":"product","2":"type-product","3":"status-publish","5":"pwb-brand-covestro","6":"product_cat-adhesivos-general","7":"product_cat-poliuretano-adhesivos-adhesivos-2","9":"first","10":"instock","11":"shipping-taxable","12":"product-type-simple","13":"prodpage-classic"},"yoast_head":"<!-- This site is optimized with the Yoast SEO plugin v27.4 - https:\/\/yoast.com\/product\/yoast-seo-wordpress\/ -->\n<title>Desmocoll\u00ae 540\/4 - AMSTER<\/title>\n<meta name=\"robots\" content=\"index, follow, max-snippet:-1, max-image-preview:large, max-video-preview:-1\" \/>\n<link rel=\"canonical\" href=\"https:\/\/amster.cl\/en\/product\/desmocoll-540-4-2\/\" \/>\n<meta property=\"og:locale\" content=\"en_US\" \/>\n<meta property=\"og:type\" content=\"article\" \/>\n<meta property=\"og:title\" content=\"Desmocoll\u00ae 540\/4 - AMSTER\" \/>\n<meta property=\"og:description\" content=\"Resina de poliuretano lineal flexible con extremadamente alta velocidad de cristalizaci\u00f3n y activada por calor. Favorece la adhesi\u00f3n del PVC flexible, cuero, caucho, textiles, madera, muchos pl\u00e1sticos, pel\u00edculas y de aluminio. Alta resistencia en verde y resistencia t\u00e9rmica del adhesivo. Tiempo de cristalizaci\u00f3n de 10 min, con temperatura m\u00ednima de activaci\u00f3n de 60\u00b0C y resistencia t\u00e9rmina m\u00e1xima de 80\u00b0C.\" \/>\n<meta property=\"og:url\" content=\"https:\/\/amster.cl\/en\/product\/desmocoll-540-4-2\/\" \/>\n<meta property=\"og:site_name\" content=\"AMSTER\" \/>\n<meta property=\"article:modified_time\" content=\"2023-03-17T14:22:59+00:00\" \/>\n<meta name=\"twitter:card\" content=\"summary_large_image\" \/>\n<script type=\"application\/ld+json\" class=\"yoast-schema-graph\">{\"@context\":\"https:\\\/\\\/schema.org\",\"@graph\":[{\"@type\":\"WebPage\",\"@id\":\"https:\\\/\\\/amster.cl\\\/en\\\/product\\\/desmocoll-540-4-2\\\/\",\"url\":\"https:\\\/\\\/amster.cl\\\/en\\\/product\\\/desmocoll-540-4-2\\\/\",\"name\":\"Desmocoll\u00ae 540\\\/4 - AMSTER\",\"isPartOf\":{\"@id\":\"https:\\\/\\\/amster.cl\\\/#website\"},\"datePublished\":\"2022-06-30T07:57:11+00:00\",\"dateModified\":\"2023-03-17T14:22:59+00:00\",\"breadcrumb\":{\"@id\":\"https:\\\/\\\/amster.cl\\\/en\\\/product\\\/desmocoll-540-4-2\\\/#breadcrumb\"},\"inLanguage\":\"en-US\",\"potentialAction\":[{\"@type\":\"ReadAction\",\"target\":[\"https:\\\/\\\/amster.cl\\\/en\\\/product\\\/desmocoll-540-4-2\\\/\"]}]},{\"@type\":\"BreadcrumbList\",\"@id\":\"https:\\\/\\\/amster.cl\\\/en\\\/product\\\/desmocoll-540-4-2\\\/#breadcrumb\",\"itemListElement\":[{\"@type\":\"ListItem\",\"position\":1,\"name\":\"Portada\",\"item\":\"https:\\\/\\\/amster.cl\\\/\"},{\"@type\":\"ListItem\",\"position\":2,\"name\":\"Tienda\",\"item\":\"https:\\\/\\\/amster.cl\\\/tienda\\\/\"},{\"@type\":\"ListItem\",\"position\":3,\"name\":\"Desmocoll\u00ae 540\\\/4\"}]},{\"@type\":\"WebSite\",\"@id\":\"https:\\\/\\\/amster.cl\\\/#website\",\"url\":\"https:\\\/\\\/amster.cl\\\/\",\"name\":\"AMSTER\",\"description\":\"Proveedor de materias primas para la industria chilena\",\"potentialAction\":[{\"@type\":\"SearchAction\",\"target\":{\"@type\":\"EntryPoint\",\"urlTemplate\":\"https:\\\/\\\/amster.cl\\\/?s={search_term_string}\"},\"query-input\":{\"@type\":\"PropertyValueSpecification\",\"valueRequired\":true,\"valueName\":\"search_term_string\"}}],\"inLanguage\":\"en-US\"}]}<\/script>\n<!-- \/ Yoast SEO plugin. -->","yoast_head_json":{"title":"Desmocoll\u00ae 540\/4 - AMSTER","robots":{"index":"index","follow":"follow","max-snippet":"max-snippet:-1","max-image-preview":"max-image-preview:large","max-video-preview":"max-video-preview:-1"},"canonical":"https:\/\/amster.cl\/en\/product\/desmocoll-540-4-2\/","og_locale":"en_US","og_type":"article","og_title":"Desmocoll\u00ae 540\/4 - AMSTER","og_description":"Resina de poliuretano lineal flexible con extremadamente alta velocidad de cristalizaci\u00f3n y activada por calor. Favorece la adhesi\u00f3n del PVC flexible, cuero, caucho, textiles, madera, muchos pl\u00e1sticos, pel\u00edculas y de aluminio. Alta resistencia en verde y resistencia t\u00e9rmica del adhesivo. Tiempo de cristalizaci\u00f3n de 10 min, con temperatura m\u00ednima de activaci\u00f3n de 60\u00b0C y resistencia t\u00e9rmina m\u00e1xima de 80\u00b0C.","og_url":"https:\/\/amster.cl\/en\/product\/desmocoll-540-4-2\/","og_site_name":"AMSTER","article_modified_time":"2023-03-17T14:22:59+00:00","twitter_card":"summary_large_image","schema":{"@context":"https:\/\/schema.org","@graph":[{"@type":"WebPage","@id":"https:\/\/amster.cl\/en\/product\/desmocoll-540-4-2\/","url":"https:\/\/amster.cl\/en\/product\/desmocoll-540-4-2\/","name":"Desmocoll\u00ae 540\/4 - AMSTER","isPartOf":{"@id":"https:\/\/amster.cl\/#website"},"datePublished":"2022-06-30T07:57:11+00:00","dateModified":"2023-03-17T14:22:59+00:00","breadcrumb":{"@id":"https:\/\/amster.cl\/en\/product\/desmocoll-540-4-2\/#breadcrumb"},"inLanguage":"en-US","potentialAction":[{"@type":"ReadAction","target":["https:\/\/amster.cl\/en\/product\/desmocoll-540-4-2\/"]}]},{"@type":"BreadcrumbList","@id":"https:\/\/amster.cl\/en\/product\/desmocoll-540-4-2\/#breadcrumb","itemListElement":[{"@type":"ListItem","position":1,"name":"Portada","item":"https:\/\/amster.cl\/"},{"@type":"ListItem","position":2,"name":"Tienda","item":"https:\/\/amster.cl\/tienda\/"},{"@type":"ListItem","position":3,"name":"Desmocoll\u00ae 540\/4"}]},{"@type":"WebSite","@id":"https:\/\/amster.cl\/#website","url":"https:\/\/amster.cl\/","name":"AMSTER","description":"Proveedor de materias primas para la industria chilena","potentialAction":[{"@type":"SearchAction","target":{"@type":"EntryPoint","urlTemplate":"https:\/\/amster.cl\/?s={search_term_string}"},"query-input":{"@type":"PropertyValueSpecification","valueRequired":true,"valueName":"search_term_string"}}],"inLanguage":"en-US"}]}},"brands":[{"id":572,"name":"Covestro","slug":"covestro"}],"_links":{"self":[{"href":"https:\/\/amster.cl\/en\/wp-json\/wp\/v2\/product\/3025","targetHints":{"allow":["GET"]}}],"collection":[{"href":"https:\/\/amster.cl\/en\/wp-json\/wp\/v2\/product"}],"about":[{"href":"https:\/\/amster.cl\/en\/wp-json\/wp\/v2\/types\/product"}],"wp:attachment":[{"href":"https:\/\/amster.cl\/en\/wp-json\/wp\/v2\/media?parent=3025"}],"wp:term":[{"taxonomy":"pwb-brand","embeddable":true,"href":"https:\/\/amster.cl\/en\/wp-json\/wp\/v2\/pwb-brand?post=3025"},{"taxonomy":"product_brand","embeddable":true,"href":"https:\/\/amster.cl\/en\/wp-json\/wp\/v2\/product_brand?post=3025"},{"taxonomy":"product_cat","embeddable":true,"href":"https:\/\/amster.cl\/en\/wp-json\/wp\/v2\/product_cat?post=3025"},{"taxonomy":"product_tag","embeddable":true,"href":"https:\/\/amster.cl\/en\/wp-json\/wp\/v2\/product_tag?post=3025"}],"curies":[{"name":"wp","href":"https:\/\/api.w.org\/{rel}","templated":true}]}}