{"id":3028,"date":"2022-06-30T03:57:11","date_gmt":"2022-06-30T07:57:11","guid":{"rendered":"http:\/\/192.46.216.108\/~amster\/producto\/desmodur-i\/"},"modified":"2023-03-17T11:43:52","modified_gmt":"2023-03-17T15:43:52","slug":"desmodur-i","status":"publish","type":"product","link":"https:\/\/amster.cl\/en\/shop\/desmodur-i\/","title":{"rendered":"Desmodur\u00ae I"},"content":{"rendered":"","protected":false},"excerpt":{"rendered":"<p>Monomeric cycloaliphatic diisocyanate (IPDI) for the manufacture of aliphatic polyisocyanate and polyurethanes. NCO content: Greater than 37.5%. It can generate reactions at room temperature. Recommended for coatings, adhesives, inks and molded and poured products.<\/p>","protected":false},"featured_media":0,"template":"","meta":[],"pwb-brand":[572],"product_brand":[],"product_cat":[585,602],"product_tag":[],"class_list":{"0":"post-3028","1":"product","2":"type-product","3":"status-publish","5":"pwb-brand-covestro","6":"product_cat-adhesivos-general","7":"product_cat-poliuretano-adhesivos-adhesivos-2","9":"first","10":"instock","11":"shipping-taxable","12":"product-type-simple","13":"prodpage-classic"},"yoast_head":"<!-- This site is optimized with the Yoast SEO plugin v27.4 - https:\/\/yoast.com\/product\/yoast-seo-wordpress\/ -->\n<title>Desmodur\u00ae I - AMSTER<\/title>\n<meta name=\"robots\" content=\"index, follow, max-snippet:-1, max-image-preview:large, max-video-preview:-1\" \/>\n<link rel=\"canonical\" href=\"https:\/\/amster.cl\/en\/shop\/desmodur-i\/\" \/>\n<meta property=\"og:locale\" content=\"en_US\" \/>\n<meta property=\"og:type\" content=\"article\" \/>\n<meta property=\"og:title\" content=\"Desmodur\u00ae I - AMSTER\" \/>\n<meta property=\"og:description\" content=\"Diisocianato cicloalif\u00e1tico monom\u00e9rico (IPDI) para la fabricaci\u00f3n de poliisocianato alif\u00e1tico y poliuretanos. Contenido NCO: Mayor a 37.5%. Puede generar reacciones a temperatura ambiente. Recomendado para recubrimientos, adhesivos, tintas y productos moldeados y vertidos.\" \/>\n<meta property=\"og:url\" content=\"https:\/\/amster.cl\/en\/shop\/desmodur-i\/\" \/>\n<meta property=\"og:site_name\" content=\"AMSTER\" \/>\n<meta property=\"article:modified_time\" content=\"2023-03-17T15:43:52+00:00\" \/>\n<meta name=\"twitter:card\" content=\"summary_large_image\" \/>\n<script type=\"application\/ld+json\" class=\"yoast-schema-graph\">{\"@context\":\"https:\\\/\\\/schema.org\",\"@graph\":[{\"@type\":\"WebPage\",\"@id\":\"https:\\\/\\\/amster.cl\\\/shop\\\/desmodur-i\\\/\",\"url\":\"https:\\\/\\\/amster.cl\\\/shop\\\/desmodur-i\\\/\",\"name\":\"Desmodur\u00ae I - AMSTER\",\"isPartOf\":{\"@id\":\"https:\\\/\\\/amster.cl\\\/#website\"},\"datePublished\":\"2022-06-30T07:57:11+00:00\",\"dateModified\":\"2023-03-17T15:43:52+00:00\",\"breadcrumb\":{\"@id\":\"https:\\\/\\\/amster.cl\\\/shop\\\/desmodur-i\\\/#breadcrumb\"},\"inLanguage\":\"en-US\",\"potentialAction\":[{\"@type\":\"ReadAction\",\"target\":[\"https:\\\/\\\/amster.cl\\\/shop\\\/desmodur-i\\\/\"]}]},{\"@type\":\"BreadcrumbList\",\"@id\":\"https:\\\/\\\/amster.cl\\\/shop\\\/desmodur-i\\\/#breadcrumb\",\"itemListElement\":[{\"@type\":\"ListItem\",\"position\":1,\"name\":\"Portada\",\"item\":\"https:\\\/\\\/amster.cl\\\/\"},{\"@type\":\"ListItem\",\"position\":2,\"name\":\"Tienda\",\"item\":\"https:\\\/\\\/amster.cl\\\/tienda\\\/\"},{\"@type\":\"ListItem\",\"position\":3,\"name\":\"Desmodur\u00ae I\"}]},{\"@type\":\"WebSite\",\"@id\":\"https:\\\/\\\/amster.cl\\\/#website\",\"url\":\"https:\\\/\\\/amster.cl\\\/\",\"name\":\"AMSTER\",\"description\":\"Proveedor de materias primas para la industria chilena\",\"potentialAction\":[{\"@type\":\"SearchAction\",\"target\":{\"@type\":\"EntryPoint\",\"urlTemplate\":\"https:\\\/\\\/amster.cl\\\/?s={search_term_string}\"},\"query-input\":{\"@type\":\"PropertyValueSpecification\",\"valueRequired\":true,\"valueName\":\"search_term_string\"}}],\"inLanguage\":\"en-US\"}]}<\/script>\n<!-- \/ Yoast SEO plugin. -->","yoast_head_json":{"title":"Desmodur\u00ae I - AMSTER","robots":{"index":"index","follow":"follow","max-snippet":"max-snippet:-1","max-image-preview":"max-image-preview:large","max-video-preview":"max-video-preview:-1"},"canonical":"https:\/\/amster.cl\/en\/shop\/desmodur-i\/","og_locale":"en_US","og_type":"article","og_title":"Desmodur\u00ae I - AMSTER","og_description":"Diisocianato cicloalif\u00e1tico monom\u00e9rico (IPDI) para la fabricaci\u00f3n de poliisocianato alif\u00e1tico y poliuretanos. Contenido NCO: Mayor a 37.5%. Puede generar reacciones a temperatura ambiente. Recomendado para recubrimientos, adhesivos, tintas y productos moldeados y vertidos.","og_url":"https:\/\/amster.cl\/en\/shop\/desmodur-i\/","og_site_name":"AMSTER","article_modified_time":"2023-03-17T15:43:52+00:00","twitter_card":"summary_large_image","schema":{"@context":"https:\/\/schema.org","@graph":[{"@type":"WebPage","@id":"https:\/\/amster.cl\/shop\/desmodur-i\/","url":"https:\/\/amster.cl\/shop\/desmodur-i\/","name":"Desmodur\u00ae I - AMSTER","isPartOf":{"@id":"https:\/\/amster.cl\/#website"},"datePublished":"2022-06-30T07:57:11+00:00","dateModified":"2023-03-17T15:43:52+00:00","breadcrumb":{"@id":"https:\/\/amster.cl\/shop\/desmodur-i\/#breadcrumb"},"inLanguage":"en-US","potentialAction":[{"@type":"ReadAction","target":["https:\/\/amster.cl\/shop\/desmodur-i\/"]}]},{"@type":"BreadcrumbList","@id":"https:\/\/amster.cl\/shop\/desmodur-i\/#breadcrumb","itemListElement":[{"@type":"ListItem","position":1,"name":"Portada","item":"https:\/\/amster.cl\/"},{"@type":"ListItem","position":2,"name":"Tienda","item":"https:\/\/amster.cl\/tienda\/"},{"@type":"ListItem","position":3,"name":"Desmodur\u00ae I"}]},{"@type":"WebSite","@id":"https:\/\/amster.cl\/#website","url":"https:\/\/amster.cl\/","name":"AMSTER","description":"Proveedor de materias primas para la industria chilena","potentialAction":[{"@type":"SearchAction","target":{"@type":"EntryPoint","urlTemplate":"https:\/\/amster.cl\/?s={search_term_string}"},"query-input":{"@type":"PropertyValueSpecification","valueRequired":true,"valueName":"search_term_string"}}],"inLanguage":"en-US"}]}},"brands":[{"id":572,"name":"Covestro","slug":"covestro"}],"_links":{"self":[{"href":"https:\/\/amster.cl\/en\/wp-json\/wp\/v2\/product\/3028","targetHints":{"allow":["GET"]}}],"collection":[{"href":"https:\/\/amster.cl\/en\/wp-json\/wp\/v2\/product"}],"about":[{"href":"https:\/\/amster.cl\/en\/wp-json\/wp\/v2\/types\/product"}],"wp:attachment":[{"href":"https:\/\/amster.cl\/en\/wp-json\/wp\/v2\/media?parent=3028"}],"wp:term":[{"taxonomy":"pwb-brand","embeddable":true,"href":"https:\/\/amster.cl\/en\/wp-json\/wp\/v2\/pwb-brand?post=3028"},{"taxonomy":"product_brand","embeddable":true,"href":"https:\/\/amster.cl\/en\/wp-json\/wp\/v2\/product_brand?post=3028"},{"taxonomy":"product_cat","embeddable":true,"href":"https:\/\/amster.cl\/en\/wp-json\/wp\/v2\/product_cat?post=3028"},{"taxonomy":"product_tag","embeddable":true,"href":"https:\/\/amster.cl\/en\/wp-json\/wp\/v2\/product_tag?post=3028"}],"curies":[{"name":"wp","href":"https:\/\/api.w.org\/{rel}","templated":true}]}}