{"id":3054,"date":"2022-06-30T03:57:14","date_gmt":"2022-06-30T07:57:14","guid":{"rendered":"http:\/\/192.46.216.108\/~amster\/producto\/estearato-de-zinc\/"},"modified":"2022-06-30T04:25:30","modified_gmt":"2022-06-30T08:25:30","slug":"estearato-de-zinc","status":"publish","type":"product","link":"https:\/\/amster.cl\/en\/shop\/estearato-de-zinc\/","title":{"rendered":"Estearato de zinc"},"content":{"rendered":"","protected":false},"excerpt":{"rendered":"<p>Zinc stearate is a lubricant and stabilizer in the production of PVC compounds, and helps disperse pigment if masterbatches are used. For rubber, it is an activator of vulcanization, facilitates the dispersion of polyolefins in the rubber compound.<\/p>","protected":false},"featured_media":0,"template":"","meta":[],"pwb-brand":[626],"product_brand":[],"product_cat":[524,523,615],"product_tag":[],"class_list":{"0":"post-3054","1":"product","2":"type-product","3":"status-publish","5":"pwb-brand-lestar","6":"product_cat-aditivos-plastico","7":"product_cat-plastico","8":"product_cat-protectores-desmoldantes-y-lubricantes-aditivos-plastico","10":"first","11":"instock","12":"shipping-taxable","13":"product-type-simple","14":"prodpage-classic"},"yoast_head":"<!-- This site is optimized with the Yoast SEO plugin v27.4 - https:\/\/yoast.com\/product\/yoast-seo-wordpress\/ -->\n<title>Estearato de zinc - AMSTER<\/title>\n<meta name=\"robots\" content=\"index, follow, max-snippet:-1, max-image-preview:large, max-video-preview:-1\" \/>\n<link rel=\"canonical\" href=\"https:\/\/amster.cl\/en\/shop\/estearato-de-zinc\/\" \/>\n<meta property=\"og:locale\" content=\"en_US\" \/>\n<meta property=\"og:type\" content=\"article\" \/>\n<meta property=\"og:title\" content=\"Estearato de zinc - AMSTER\" \/>\n<meta property=\"og:description\" content=\"Estearato de zinc es un lubricante y estabilizante en la producci\u00f3n de compuestos de PVC, adem\u00e1s ayuda a dispersar el pigmento si se usan masterbatches. Para el caucho, es un activador de la vulcanizaci\u00f3n, facilita la dispersi\u00f3n de poliolefinas en el compuesto de caucho.\" \/>\n<meta property=\"og:url\" content=\"https:\/\/amster.cl\/en\/shop\/estearato-de-zinc\/\" \/>\n<meta property=\"og:site_name\" content=\"AMSTER\" \/>\n<meta property=\"article:modified_time\" content=\"2022-06-30T08:25:30+00:00\" \/>\n<meta name=\"twitter:card\" content=\"summary_large_image\" \/>\n<script type=\"application\/ld+json\" class=\"yoast-schema-graph\">{\"@context\":\"https:\\\/\\\/schema.org\",\"@graph\":[{\"@type\":\"WebPage\",\"@id\":\"https:\\\/\\\/amster.cl\\\/shop\\\/estearato-de-zinc\\\/\",\"url\":\"https:\\\/\\\/amster.cl\\\/shop\\\/estearato-de-zinc\\\/\",\"name\":\"Estearato de zinc - AMSTER\",\"isPartOf\":{\"@id\":\"https:\\\/\\\/amster.cl\\\/#website\"},\"datePublished\":\"2022-06-30T07:57:14+00:00\",\"dateModified\":\"2022-06-30T08:25:30+00:00\",\"breadcrumb\":{\"@id\":\"https:\\\/\\\/amster.cl\\\/shop\\\/estearato-de-zinc\\\/#breadcrumb\"},\"inLanguage\":\"en-US\",\"potentialAction\":[{\"@type\":\"ReadAction\",\"target\":[\"https:\\\/\\\/amster.cl\\\/shop\\\/estearato-de-zinc\\\/\"]}]},{\"@type\":\"BreadcrumbList\",\"@id\":\"https:\\\/\\\/amster.cl\\\/shop\\\/estearato-de-zinc\\\/#breadcrumb\",\"itemListElement\":[{\"@type\":\"ListItem\",\"position\":1,\"name\":\"Portada\",\"item\":\"https:\\\/\\\/amster.cl\\\/\"},{\"@type\":\"ListItem\",\"position\":2,\"name\":\"Tienda\",\"item\":\"https:\\\/\\\/amster.cl\\\/tienda\\\/\"},{\"@type\":\"ListItem\",\"position\":3,\"name\":\"Estearato de zinc\"}]},{\"@type\":\"WebSite\",\"@id\":\"https:\\\/\\\/amster.cl\\\/#website\",\"url\":\"https:\\\/\\\/amster.cl\\\/\",\"name\":\"AMSTER\",\"description\":\"Proveedor de materias primas para la industria chilena\",\"potentialAction\":[{\"@type\":\"SearchAction\",\"target\":{\"@type\":\"EntryPoint\",\"urlTemplate\":\"https:\\\/\\\/amster.cl\\\/?s={search_term_string}\"},\"query-input\":{\"@type\":\"PropertyValueSpecification\",\"valueRequired\":true,\"valueName\":\"search_term_string\"}}],\"inLanguage\":\"en-US\"}]}<\/script>\n<!-- \/ Yoast SEO plugin. -->","yoast_head_json":{"title":"Estearato de zinc - AMSTER","robots":{"index":"index","follow":"follow","max-snippet":"max-snippet:-1","max-image-preview":"max-image-preview:large","max-video-preview":"max-video-preview:-1"},"canonical":"https:\/\/amster.cl\/en\/shop\/estearato-de-zinc\/","og_locale":"en_US","og_type":"article","og_title":"Estearato de zinc - AMSTER","og_description":"Estearato de zinc es un lubricante y estabilizante en la producci\u00f3n de compuestos de PVC, adem\u00e1s ayuda a dispersar el pigmento si se usan masterbatches. Para el caucho, es un activador de la vulcanizaci\u00f3n, facilita la dispersi\u00f3n de poliolefinas en el compuesto de caucho.","og_url":"https:\/\/amster.cl\/en\/shop\/estearato-de-zinc\/","og_site_name":"AMSTER","article_modified_time":"2022-06-30T08:25:30+00:00","twitter_card":"summary_large_image","schema":{"@context":"https:\/\/schema.org","@graph":[{"@type":"WebPage","@id":"https:\/\/amster.cl\/shop\/estearato-de-zinc\/","url":"https:\/\/amster.cl\/shop\/estearato-de-zinc\/","name":"Estearato de zinc - AMSTER","isPartOf":{"@id":"https:\/\/amster.cl\/#website"},"datePublished":"2022-06-30T07:57:14+00:00","dateModified":"2022-06-30T08:25:30+00:00","breadcrumb":{"@id":"https:\/\/amster.cl\/shop\/estearato-de-zinc\/#breadcrumb"},"inLanguage":"en-US","potentialAction":[{"@type":"ReadAction","target":["https:\/\/amster.cl\/shop\/estearato-de-zinc\/"]}]},{"@type":"BreadcrumbList","@id":"https:\/\/amster.cl\/shop\/estearato-de-zinc\/#breadcrumb","itemListElement":[{"@type":"ListItem","position":1,"name":"Portada","item":"https:\/\/amster.cl\/"},{"@type":"ListItem","position":2,"name":"Tienda","item":"https:\/\/amster.cl\/tienda\/"},{"@type":"ListItem","position":3,"name":"Estearato de zinc"}]},{"@type":"WebSite","@id":"https:\/\/amster.cl\/#website","url":"https:\/\/amster.cl\/","name":"AMSTER","description":"Proveedor de materias primas para la industria chilena","potentialAction":[{"@type":"SearchAction","target":{"@type":"EntryPoint","urlTemplate":"https:\/\/amster.cl\/?s={search_term_string}"},"query-input":{"@type":"PropertyValueSpecification","valueRequired":true,"valueName":"search_term_string"}}],"inLanguage":"en-US"}]}},"brands":[{"id":626,"name":"Lestar","slug":"lestar"}],"_links":{"self":[{"href":"https:\/\/amster.cl\/en\/wp-json\/wp\/v2\/product\/3054","targetHints":{"allow":["GET"]}}],"collection":[{"href":"https:\/\/amster.cl\/en\/wp-json\/wp\/v2\/product"}],"about":[{"href":"https:\/\/amster.cl\/en\/wp-json\/wp\/v2\/types\/product"}],"wp:attachment":[{"href":"https:\/\/amster.cl\/en\/wp-json\/wp\/v2\/media?parent=3054"}],"wp:term":[{"taxonomy":"pwb-brand","embeddable":true,"href":"https:\/\/amster.cl\/en\/wp-json\/wp\/v2\/pwb-brand?post=3054"},{"taxonomy":"product_brand","embeddable":true,"href":"https:\/\/amster.cl\/en\/wp-json\/wp\/v2\/product_brand?post=3054"},{"taxonomy":"product_cat","embeddable":true,"href":"https:\/\/amster.cl\/en\/wp-json\/wp\/v2\/product_cat?post=3054"},{"taxonomy":"product_tag","embeddable":true,"href":"https:\/\/amster.cl\/en\/wp-json\/wp\/v2\/product_tag?post=3054"}],"curies":[{"name":"wp","href":"https:\/\/api.w.org\/{rel}","templated":true}]}}