{"id":3092,"date":"2022-06-30T03:57:16","date_gmt":"2022-06-30T07:57:16","guid":{"rendered":"http:\/\/192.46.216.108\/~amster\/producto\/mirasil-serum\/"},"modified":"2023-03-17T10:45:57","modified_gmt":"2023-03-17T14:45:57","slug":"mirasil-serum","status":"publish","type":"product","link":"https:\/\/amster.cl\/en\/shop\/mirasil-serum\/","title":{"rendered":"Mirasil\u00ae Serum"},"content":{"rendered":"","protected":false},"excerpt":{"rendered":"<p>Nourishing oil lowered in silicone to moisturize dry and damaged hair. It gives shine, prevents frizz and leaves hair silky, also maintains color and provides thermal protection. Recommended to be mixed with natural oils and extracts.<\/p>","protected":false},"featured_media":0,"template":"","meta":[],"pwb-brand":[536],"product_brand":[],"product_cat":[635,636],"product_tag":[],"class_list":{"0":"post-3092","1":"product","2":"type-product","3":"status-publish","5":"pwb-brand-elkem-silicones","6":"product_cat-aceites-y-emulsiones-home-care","7":"product_cat-siliconas-cosmeticas","9":"first","10":"instock","11":"shipping-taxable","12":"product-type-simple","13":"prodpage-classic"},"yoast_head":"<!-- This site is optimized with the Yoast SEO plugin v27.4 - https:\/\/yoast.com\/product\/yoast-seo-wordpress\/ -->\n<title>Mirasil\u00ae Serum - AMSTER<\/title>\n<meta name=\"robots\" content=\"index, follow, max-snippet:-1, max-image-preview:large, max-video-preview:-1\" \/>\n<link rel=\"canonical\" href=\"https:\/\/amster.cl\/en\/producto\/mirasil-serum\/\" \/>\n<meta property=\"og:locale\" content=\"en_US\" \/>\n<meta property=\"og:type\" content=\"article\" \/>\n<meta property=\"og:title\" content=\"Mirasil\u00ae Serum - AMSTER\" \/>\n<meta property=\"og:description\" content=\"Aceite nutritivo bajado en silicona para humecar cabello seco y da\u00f1ado. Da brillo, previene el frizz y deja el cabello sedoso, adem\u00e1s mantiene el color y proporciona protecci\u00f3n t\u00e9rmica. Recomendado para mezclarse con aceites y extractos naturales.\" \/>\n<meta property=\"og:url\" content=\"https:\/\/amster.cl\/en\/producto\/mirasil-serum\/\" \/>\n<meta property=\"og:site_name\" content=\"AMSTER\" \/>\n<meta property=\"article:modified_time\" content=\"2023-03-17T14:45:57+00:00\" \/>\n<meta name=\"twitter:card\" content=\"summary_large_image\" \/>\n<script type=\"application\/ld+json\" class=\"yoast-schema-graph\">{\"@context\":\"https:\\\/\\\/schema.org\",\"@graph\":[{\"@type\":\"WebPage\",\"@id\":\"https:\\\/\\\/amster.cl\\\/producto\\\/mirasil-serum\\\/\",\"url\":\"https:\\\/\\\/amster.cl\\\/producto\\\/mirasil-serum\\\/\",\"name\":\"Mirasil\u00ae Serum - AMSTER\",\"isPartOf\":{\"@id\":\"https:\\\/\\\/amster.cl\\\/#website\"},\"datePublished\":\"2022-06-30T07:57:16+00:00\",\"dateModified\":\"2023-03-17T14:45:57+00:00\",\"breadcrumb\":{\"@id\":\"https:\\\/\\\/amster.cl\\\/producto\\\/mirasil-serum\\\/#breadcrumb\"},\"inLanguage\":\"en-US\",\"potentialAction\":[{\"@type\":\"ReadAction\",\"target\":[\"https:\\\/\\\/amster.cl\\\/producto\\\/mirasil-serum\\\/\"]}]},{\"@type\":\"BreadcrumbList\",\"@id\":\"https:\\\/\\\/amster.cl\\\/producto\\\/mirasil-serum\\\/#breadcrumb\",\"itemListElement\":[{\"@type\":\"ListItem\",\"position\":1,\"name\":\"Portada\",\"item\":\"https:\\\/\\\/amster.cl\\\/\"},{\"@type\":\"ListItem\",\"position\":2,\"name\":\"Tienda\",\"item\":\"https:\\\/\\\/amster.cl\\\/tienda\\\/\"},{\"@type\":\"ListItem\",\"position\":3,\"name\":\"Mirasil\u00ae Serum\"}]},{\"@type\":\"WebSite\",\"@id\":\"https:\\\/\\\/amster.cl\\\/#website\",\"url\":\"https:\\\/\\\/amster.cl\\\/\",\"name\":\"AMSTER\",\"description\":\"Proveedor de materias primas para la industria chilena\",\"potentialAction\":[{\"@type\":\"SearchAction\",\"target\":{\"@type\":\"EntryPoint\",\"urlTemplate\":\"https:\\\/\\\/amster.cl\\\/?s={search_term_string}\"},\"query-input\":{\"@type\":\"PropertyValueSpecification\",\"valueRequired\":true,\"valueName\":\"search_term_string\"}}],\"inLanguage\":\"en-US\"}]}<\/script>\n<!-- \/ Yoast SEO plugin. -->","yoast_head_json":{"title":"Mirasil\u00ae Serum - AMSTER","robots":{"index":"index","follow":"follow","max-snippet":"max-snippet:-1","max-image-preview":"max-image-preview:large","max-video-preview":"max-video-preview:-1"},"canonical":"https:\/\/amster.cl\/en\/producto\/mirasil-serum\/","og_locale":"en_US","og_type":"article","og_title":"Mirasil\u00ae Serum - AMSTER","og_description":"Aceite nutritivo bajado en silicona para humecar cabello seco y da\u00f1ado. Da brillo, previene el frizz y deja el cabello sedoso, adem\u00e1s mantiene el color y proporciona protecci\u00f3n t\u00e9rmica. Recomendado para mezclarse con aceites y extractos naturales.","og_url":"https:\/\/amster.cl\/en\/producto\/mirasil-serum\/","og_site_name":"AMSTER","article_modified_time":"2023-03-17T14:45:57+00:00","twitter_card":"summary_large_image","schema":{"@context":"https:\/\/schema.org","@graph":[{"@type":"WebPage","@id":"https:\/\/amster.cl\/producto\/mirasil-serum\/","url":"https:\/\/amster.cl\/producto\/mirasil-serum\/","name":"Mirasil\u00ae Serum - AMSTER","isPartOf":{"@id":"https:\/\/amster.cl\/#website"},"datePublished":"2022-06-30T07:57:16+00:00","dateModified":"2023-03-17T14:45:57+00:00","breadcrumb":{"@id":"https:\/\/amster.cl\/producto\/mirasil-serum\/#breadcrumb"},"inLanguage":"en-US","potentialAction":[{"@type":"ReadAction","target":["https:\/\/amster.cl\/producto\/mirasil-serum\/"]}]},{"@type":"BreadcrumbList","@id":"https:\/\/amster.cl\/producto\/mirasil-serum\/#breadcrumb","itemListElement":[{"@type":"ListItem","position":1,"name":"Portada","item":"https:\/\/amster.cl\/"},{"@type":"ListItem","position":2,"name":"Tienda","item":"https:\/\/amster.cl\/tienda\/"},{"@type":"ListItem","position":3,"name":"Mirasil\u00ae Serum"}]},{"@type":"WebSite","@id":"https:\/\/amster.cl\/#website","url":"https:\/\/amster.cl\/","name":"AMSTER","description":"Proveedor de materias primas para la industria chilena","potentialAction":[{"@type":"SearchAction","target":{"@type":"EntryPoint","urlTemplate":"https:\/\/amster.cl\/?s={search_term_string}"},"query-input":{"@type":"PropertyValueSpecification","valueRequired":true,"valueName":"search_term_string"}}],"inLanguage":"en-US"}]}},"brands":[{"id":536,"name":"Elkem Silicones","slug":"elkem-silicones"}],"_links":{"self":[{"href":"https:\/\/amster.cl\/en\/wp-json\/wp\/v2\/product\/3092","targetHints":{"allow":["GET"]}}],"collection":[{"href":"https:\/\/amster.cl\/en\/wp-json\/wp\/v2\/product"}],"about":[{"href":"https:\/\/amster.cl\/en\/wp-json\/wp\/v2\/types\/product"}],"wp:attachment":[{"href":"https:\/\/amster.cl\/en\/wp-json\/wp\/v2\/media?parent=3092"}],"wp:term":[{"taxonomy":"pwb-brand","embeddable":true,"href":"https:\/\/amster.cl\/en\/wp-json\/wp\/v2\/pwb-brand?post=3092"},{"taxonomy":"product_brand","embeddable":true,"href":"https:\/\/amster.cl\/en\/wp-json\/wp\/v2\/product_brand?post=3092"},{"taxonomy":"product_cat","embeddable":true,"href":"https:\/\/amster.cl\/en\/wp-json\/wp\/v2\/product_cat?post=3092"},{"taxonomy":"product_tag","embeddable":true,"href":"https:\/\/amster.cl\/en\/wp-json\/wp\/v2\/product_tag?post=3092"}],"curies":[{"name":"wp","href":"https:\/\/api.w.org\/{rel}","templated":true}]}}