{"id":3101,"date":"2022-06-30T03:57:17","date_gmt":"2022-06-30T07:57:17","guid":{"rendered":"http:\/\/192.46.216.108\/~amster\/producto\/monarch-900\/"},"modified":"2022-06-30T03:57:17","modified_gmt":"2022-06-30T07:57:17","slug":"monarch-900","status":"publish","type":"product","link":"https:\/\/amster.cl\/en\/shop\/monarch-900\/","title":{"rendered":"Monarch\u00ae 900"},"content":{"rendered":"","protected":false},"excerpt":{"rendered":"<p>Special carbon black to impart depth, blue undertone and UV protection to different items. For plastics, pigment for molded products that require very deep black color with a blue undertone, such as electronics, car interiors and household appliances; for industrial and architectural coatings; for dispersions, such as pigment including color dispersions for leather.<\/p>","protected":false},"featured_media":0,"template":"","meta":[],"pwb-brand":[573],"product_brand":[],"product_cat":[638,637,549],"product_tag":[],"class_list":{"0":"post-3101","1":"product","2":"type-product","3":"status-publish","5":"pwb-brand-cabot-corporation","6":"product_cat-negro-de-humo-pigmentos-pinturas","7":"product_cat-pigmentos-pinturas","8":"product_cat-pinturas","10":"first","11":"instock","12":"shipping-taxable","13":"product-type-simple","14":"prodpage-classic"},"yoast_head":"<!-- This site is optimized with the Yoast SEO plugin v27.4 - https:\/\/yoast.com\/product\/yoast-seo-wordpress\/ -->\n<title>Monarch\u00ae 900 - AMSTER<\/title>\n<meta name=\"robots\" content=\"index, follow, max-snippet:-1, max-image-preview:large, max-video-preview:-1\" \/>\n<link rel=\"canonical\" href=\"https:\/\/amster.cl\/en\/shop\/monarch-900\/\" \/>\n<meta property=\"og:locale\" content=\"en_US\" \/>\n<meta property=\"og:type\" content=\"article\" \/>\n<meta property=\"og:title\" content=\"Monarch\u00ae 900 - AMSTER\" \/>\n<meta property=\"og:description\" content=\"Negro de humo especial para impartir profundidad, subtono azul y protecci\u00f3n a los rayos UV a diferentes art\u00edculos. Para pl\u00e1sticos, pigmento para productos moldeados que requieren color negro muy profundos con un subtono azul, como productos electr\u00f3nicos, interior de autom\u00f3viles y electrodom\u00e9sticos; para recubrimientos industriales y arquitect\u00f3nicos; para dispersiones, como pigmento inclu\u00eddas dispersiones de color para cuero.\" \/>\n<meta property=\"og:url\" content=\"https:\/\/amster.cl\/en\/shop\/monarch-900\/\" \/>\n<meta property=\"og:site_name\" content=\"AMSTER\" \/>\n<meta name=\"twitter:card\" content=\"summary_large_image\" \/>\n<script type=\"application\/ld+json\" class=\"yoast-schema-graph\">{\"@context\":\"https:\\\/\\\/schema.org\",\"@graph\":[{\"@type\":\"WebPage\",\"@id\":\"https:\\\/\\\/amster.cl\\\/shop\\\/monarch-900\\\/\",\"url\":\"https:\\\/\\\/amster.cl\\\/shop\\\/monarch-900\\\/\",\"name\":\"Monarch\u00ae 900 - AMSTER\",\"isPartOf\":{\"@id\":\"https:\\\/\\\/amster.cl\\\/#website\"},\"datePublished\":\"2022-06-30T07:57:17+00:00\",\"breadcrumb\":{\"@id\":\"https:\\\/\\\/amster.cl\\\/shop\\\/monarch-900\\\/#breadcrumb\"},\"inLanguage\":\"en-US\",\"potentialAction\":[{\"@type\":\"ReadAction\",\"target\":[\"https:\\\/\\\/amster.cl\\\/shop\\\/monarch-900\\\/\"]}]},{\"@type\":\"BreadcrumbList\",\"@id\":\"https:\\\/\\\/amster.cl\\\/shop\\\/monarch-900\\\/#breadcrumb\",\"itemListElement\":[{\"@type\":\"ListItem\",\"position\":1,\"name\":\"Portada\",\"item\":\"https:\\\/\\\/amster.cl\\\/\"},{\"@type\":\"ListItem\",\"position\":2,\"name\":\"Tienda\",\"item\":\"https:\\\/\\\/amster.cl\\\/tienda\\\/\"},{\"@type\":\"ListItem\",\"position\":3,\"name\":\"Monarch\u00ae 900\"}]},{\"@type\":\"WebSite\",\"@id\":\"https:\\\/\\\/amster.cl\\\/#website\",\"url\":\"https:\\\/\\\/amster.cl\\\/\",\"name\":\"AMSTER\",\"description\":\"Proveedor de materias primas para la industria chilena\",\"potentialAction\":[{\"@type\":\"SearchAction\",\"target\":{\"@type\":\"EntryPoint\",\"urlTemplate\":\"https:\\\/\\\/amster.cl\\\/?s={search_term_string}\"},\"query-input\":{\"@type\":\"PropertyValueSpecification\",\"valueRequired\":true,\"valueName\":\"search_term_string\"}}],\"inLanguage\":\"en-US\"}]}<\/script>\n<!-- \/ Yoast SEO plugin. -->","yoast_head_json":{"title":"Monarch\u00ae 900 - AMSTER","robots":{"index":"index","follow":"follow","max-snippet":"max-snippet:-1","max-image-preview":"max-image-preview:large","max-video-preview":"max-video-preview:-1"},"canonical":"https:\/\/amster.cl\/en\/shop\/monarch-900\/","og_locale":"en_US","og_type":"article","og_title":"Monarch\u00ae 900 - AMSTER","og_description":"Negro de humo especial para impartir profundidad, subtono azul y protecci\u00f3n a los rayos UV a diferentes art\u00edculos. Para pl\u00e1sticos, pigmento para productos moldeados que requieren color negro muy profundos con un subtono azul, como productos electr\u00f3nicos, interior de autom\u00f3viles y electrodom\u00e9sticos; para recubrimientos industriales y arquitect\u00f3nicos; para dispersiones, como pigmento inclu\u00eddas dispersiones de color para cuero.","og_url":"https:\/\/amster.cl\/en\/shop\/monarch-900\/","og_site_name":"AMSTER","twitter_card":"summary_large_image","schema":{"@context":"https:\/\/schema.org","@graph":[{"@type":"WebPage","@id":"https:\/\/amster.cl\/shop\/monarch-900\/","url":"https:\/\/amster.cl\/shop\/monarch-900\/","name":"Monarch\u00ae 900 - AMSTER","isPartOf":{"@id":"https:\/\/amster.cl\/#website"},"datePublished":"2022-06-30T07:57:17+00:00","breadcrumb":{"@id":"https:\/\/amster.cl\/shop\/monarch-900\/#breadcrumb"},"inLanguage":"en-US","potentialAction":[{"@type":"ReadAction","target":["https:\/\/amster.cl\/shop\/monarch-900\/"]}]},{"@type":"BreadcrumbList","@id":"https:\/\/amster.cl\/shop\/monarch-900\/#breadcrumb","itemListElement":[{"@type":"ListItem","position":1,"name":"Portada","item":"https:\/\/amster.cl\/"},{"@type":"ListItem","position":2,"name":"Tienda","item":"https:\/\/amster.cl\/tienda\/"},{"@type":"ListItem","position":3,"name":"Monarch\u00ae 900"}]},{"@type":"WebSite","@id":"https:\/\/amster.cl\/#website","url":"https:\/\/amster.cl\/","name":"AMSTER","description":"Proveedor de materias primas para la industria chilena","potentialAction":[{"@type":"SearchAction","target":{"@type":"EntryPoint","urlTemplate":"https:\/\/amster.cl\/?s={search_term_string}"},"query-input":{"@type":"PropertyValueSpecification","valueRequired":true,"valueName":"search_term_string"}}],"inLanguage":"en-US"}]}},"brands":[{"id":573,"name":"Cabot Corporation","slug":"cabot-corporation"}],"_links":{"self":[{"href":"https:\/\/amster.cl\/en\/wp-json\/wp\/v2\/product\/3101","targetHints":{"allow":["GET"]}}],"collection":[{"href":"https:\/\/amster.cl\/en\/wp-json\/wp\/v2\/product"}],"about":[{"href":"https:\/\/amster.cl\/en\/wp-json\/wp\/v2\/types\/product"}],"wp:attachment":[{"href":"https:\/\/amster.cl\/en\/wp-json\/wp\/v2\/media?parent=3101"}],"wp:term":[{"taxonomy":"pwb-brand","embeddable":true,"href":"https:\/\/amster.cl\/en\/wp-json\/wp\/v2\/pwb-brand?post=3101"},{"taxonomy":"product_brand","embeddable":true,"href":"https:\/\/amster.cl\/en\/wp-json\/wp\/v2\/product_brand?post=3101"},{"taxonomy":"product_cat","embeddable":true,"href":"https:\/\/amster.cl\/en\/wp-json\/wp\/v2\/product_cat?post=3101"},{"taxonomy":"product_tag","embeddable":true,"href":"https:\/\/amster.cl\/en\/wp-json\/wp\/v2\/product_tag?post=3101"}],"curies":[{"name":"wp","href":"https:\/\/api.w.org\/{rel}","templated":true}]}}