{"id":3103,"date":"2022-06-30T03:57:17","date_gmt":"2022-06-30T07:57:17","guid":{"rendered":"http:\/\/192.46.216.108\/~amster\/producto\/mono-coat-1098-wbr-2\/"},"modified":"2023-03-17T08:59:57","modified_gmt":"2023-03-17T12:59:57","slug":"mono-coat-1098-wbr-2","status":"publish","type":"product","link":"https:\/\/amster.cl\/en\/shop\/mono-coat-1098-wbr-2\/","title":{"rendered":"Mono-coat\u00ae 1098 WBR"},"content":{"rendered":"","protected":false},"excerpt":{"rendered":"<p>Semi-permanent release agent of molded rubber products that also protects the mold surface from corrosion and other forms of degradation. It does not migrate or interfere with rubber\/metal adhesion.<\/p>","protected":false},"featured_media":0,"template":"","meta":[],"pwb-brand":[598],"product_brand":[],"product_cat":[521,516,641],"product_tag":[],"class_list":{"0":"post-3103","1":"product","2":"type-product","3":"status-publish","5":"pwb-brand-chemtrend","6":"product_cat-aditivos-caucho","7":"product_cat-caucho","8":"product_cat-protectores-aditivos-caucho-2","10":"first","11":"instock","12":"shipping-taxable","13":"product-type-simple","14":"prodpage-classic"},"yoast_head":"<!-- This site is optimized with the Yoast SEO plugin v27.4 - https:\/\/yoast.com\/product\/yoast-seo-wordpress\/ -->\n<title>Mono-coat\u00ae 1098 WBR - AMSTER<\/title>\n<meta name=\"robots\" content=\"index, follow, max-snippet:-1, max-image-preview:large, max-video-preview:-1\" \/>\n<link rel=\"canonical\" href=\"https:\/\/amster.cl\/en\/shop\/mono-coat-1098-wbr-2\/\" \/>\n<meta property=\"og:locale\" content=\"en_US\" \/>\n<meta property=\"og:type\" content=\"article\" \/>\n<meta property=\"og:title\" content=\"Mono-coat\u00ae 1098 WBR - AMSTER\" \/>\n<meta property=\"og:description\" content=\"Agente desmoldante semipermanente de productos de caucho moldeados que adem\u00e1s protege la superficie del molde de la corrosi\u00f3n y otras formas de degradaci\u00f3n. No migra ni interfiere en la adhesi\u00f3n caucho\/metal.\" \/>\n<meta property=\"og:url\" content=\"https:\/\/amster.cl\/en\/shop\/mono-coat-1098-wbr-2\/\" \/>\n<meta property=\"og:site_name\" content=\"AMSTER\" \/>\n<meta property=\"article:modified_time\" content=\"2023-03-17T12:59:57+00:00\" \/>\n<meta name=\"twitter:card\" content=\"summary_large_image\" \/>\n<script type=\"application\/ld+json\" class=\"yoast-schema-graph\">{\"@context\":\"https:\\\/\\\/schema.org\",\"@graph\":[{\"@type\":\"WebPage\",\"@id\":\"https:\\\/\\\/amster.cl\\\/shop\\\/mono-coat-1098-wbr-2\\\/\",\"url\":\"https:\\\/\\\/amster.cl\\\/shop\\\/mono-coat-1098-wbr-2\\\/\",\"name\":\"Mono-coat\u00ae 1098 WBR - AMSTER\",\"isPartOf\":{\"@id\":\"https:\\\/\\\/amster.cl\\\/#website\"},\"datePublished\":\"2022-06-30T07:57:17+00:00\",\"dateModified\":\"2023-03-17T12:59:57+00:00\",\"breadcrumb\":{\"@id\":\"https:\\\/\\\/amster.cl\\\/shop\\\/mono-coat-1098-wbr-2\\\/#breadcrumb\"},\"inLanguage\":\"en-US\",\"potentialAction\":[{\"@type\":\"ReadAction\",\"target\":[\"https:\\\/\\\/amster.cl\\\/shop\\\/mono-coat-1098-wbr-2\\\/\"]}]},{\"@type\":\"BreadcrumbList\",\"@id\":\"https:\\\/\\\/amster.cl\\\/shop\\\/mono-coat-1098-wbr-2\\\/#breadcrumb\",\"itemListElement\":[{\"@type\":\"ListItem\",\"position\":1,\"name\":\"Portada\",\"item\":\"https:\\\/\\\/amster.cl\\\/\"},{\"@type\":\"ListItem\",\"position\":2,\"name\":\"Tienda\",\"item\":\"https:\\\/\\\/amster.cl\\\/tienda\\\/\"},{\"@type\":\"ListItem\",\"position\":3,\"name\":\"Mono-coat\u00ae 1098 WBR\"}]},{\"@type\":\"WebSite\",\"@id\":\"https:\\\/\\\/amster.cl\\\/#website\",\"url\":\"https:\\\/\\\/amster.cl\\\/\",\"name\":\"AMSTER\",\"description\":\"Proveedor de materias primas para la industria chilena\",\"potentialAction\":[{\"@type\":\"SearchAction\",\"target\":{\"@type\":\"EntryPoint\",\"urlTemplate\":\"https:\\\/\\\/amster.cl\\\/?s={search_term_string}\"},\"query-input\":{\"@type\":\"PropertyValueSpecification\",\"valueRequired\":true,\"valueName\":\"search_term_string\"}}],\"inLanguage\":\"en-US\"}]}<\/script>\n<!-- \/ Yoast SEO plugin. -->","yoast_head_json":{"title":"Mono-coat\u00ae 1098 WBR - AMSTER","robots":{"index":"index","follow":"follow","max-snippet":"max-snippet:-1","max-image-preview":"max-image-preview:large","max-video-preview":"max-video-preview:-1"},"canonical":"https:\/\/amster.cl\/en\/shop\/mono-coat-1098-wbr-2\/","og_locale":"en_US","og_type":"article","og_title":"Mono-coat\u00ae 1098 WBR - AMSTER","og_description":"Agente desmoldante semipermanente de productos de caucho moldeados que adem\u00e1s protege la superficie del molde de la corrosi\u00f3n y otras formas de degradaci\u00f3n. No migra ni interfiere en la adhesi\u00f3n caucho\/metal.","og_url":"https:\/\/amster.cl\/en\/shop\/mono-coat-1098-wbr-2\/","og_site_name":"AMSTER","article_modified_time":"2023-03-17T12:59:57+00:00","twitter_card":"summary_large_image","schema":{"@context":"https:\/\/schema.org","@graph":[{"@type":"WebPage","@id":"https:\/\/amster.cl\/shop\/mono-coat-1098-wbr-2\/","url":"https:\/\/amster.cl\/shop\/mono-coat-1098-wbr-2\/","name":"Mono-coat\u00ae 1098 WBR - AMSTER","isPartOf":{"@id":"https:\/\/amster.cl\/#website"},"datePublished":"2022-06-30T07:57:17+00:00","dateModified":"2023-03-17T12:59:57+00:00","breadcrumb":{"@id":"https:\/\/amster.cl\/shop\/mono-coat-1098-wbr-2\/#breadcrumb"},"inLanguage":"en-US","potentialAction":[{"@type":"ReadAction","target":["https:\/\/amster.cl\/shop\/mono-coat-1098-wbr-2\/"]}]},{"@type":"BreadcrumbList","@id":"https:\/\/amster.cl\/shop\/mono-coat-1098-wbr-2\/#breadcrumb","itemListElement":[{"@type":"ListItem","position":1,"name":"Portada","item":"https:\/\/amster.cl\/"},{"@type":"ListItem","position":2,"name":"Tienda","item":"https:\/\/amster.cl\/tienda\/"},{"@type":"ListItem","position":3,"name":"Mono-coat\u00ae 1098 WBR"}]},{"@type":"WebSite","@id":"https:\/\/amster.cl\/#website","url":"https:\/\/amster.cl\/","name":"AMSTER","description":"Proveedor de materias primas para la industria chilena","potentialAction":[{"@type":"SearchAction","target":{"@type":"EntryPoint","urlTemplate":"https:\/\/amster.cl\/?s={search_term_string}"},"query-input":{"@type":"PropertyValueSpecification","valueRequired":true,"valueName":"search_term_string"}}],"inLanguage":"en-US"}]}},"brands":[{"id":598,"name":"ChemTrend","slug":"chemtrend"}],"_links":{"self":[{"href":"https:\/\/amster.cl\/en\/wp-json\/wp\/v2\/product\/3103","targetHints":{"allow":["GET"]}}],"collection":[{"href":"https:\/\/amster.cl\/en\/wp-json\/wp\/v2\/product"}],"about":[{"href":"https:\/\/amster.cl\/en\/wp-json\/wp\/v2\/types\/product"}],"wp:attachment":[{"href":"https:\/\/amster.cl\/en\/wp-json\/wp\/v2\/media?parent=3103"}],"wp:term":[{"taxonomy":"pwb-brand","embeddable":true,"href":"https:\/\/amster.cl\/en\/wp-json\/wp\/v2\/pwb-brand?post=3103"},{"taxonomy":"product_brand","embeddable":true,"href":"https:\/\/amster.cl\/en\/wp-json\/wp\/v2\/product_brand?post=3103"},{"taxonomy":"product_cat","embeddable":true,"href":"https:\/\/amster.cl\/en\/wp-json\/wp\/v2\/product_cat?post=3103"},{"taxonomy":"product_tag","embeddable":true,"href":"https:\/\/amster.cl\/en\/wp-json\/wp\/v2\/product_tag?post=3103"}],"curies":[{"name":"wp","href":"https:\/\/api.w.org\/{rel}","templated":true}]}}