{"id":3116,"date":"2022-06-30T03:57:18","date_gmt":"2022-06-30T07:57:18","guid":{"rendered":"http:\/\/192.46.216.108\/~amster\/producto\/oxido-de-zinc-sello-oro\/"},"modified":"2023-03-17T11:05:19","modified_gmt":"2023-03-17T15:05:19","slug":"oxido-de-zinc-sello-oro","status":"publish","type":"product","link":"https:\/\/amster.cl\/en\/shop\/oxido-de-zinc-sello-oro\/","title":{"rendered":"\u00d3xido de zinc sello oro"},"content":{"rendered":"","protected":false},"excerpt":{"rendered":"<p>Zinc oxide for cosmetic and personal hygiene products such as makeup, nail polish, baby lotions, bath soap and talc powder to protect the skin from irritation, UV rays, burns, moisture. It is FDA approved up to 25% concentrations.<\/p>","protected":false},"featured_media":0,"template":"","meta":[],"pwb-brand":[658],"product_brand":[],"product_cat":[521,654],"product_tag":[],"class_list":{"0":"post-3116","1":"product","2":"type-product","3":"status-publish","5":"pwb-brand-zinc-industrias-nacionales","6":"product_cat-aditivos-caucho","7":"product_cat-oxido-de-zinc","9":"first","10":"instock","11":"shipping-taxable","12":"product-type-simple","13":"prodpage-classic"},"yoast_head":"<!-- This site is optimized with the Yoast SEO plugin v27.4 - https:\/\/yoast.com\/product\/yoast-seo-wordpress\/ -->\n<title>\u00d3xido de zinc sello oro - AMSTER<\/title>\n<meta name=\"robots\" content=\"index, follow, max-snippet:-1, max-image-preview:large, max-video-preview:-1\" \/>\n<link rel=\"canonical\" href=\"https:\/\/amster.cl\/en\/producto\/oxido-de-zinc-sello-oro\/\" \/>\n<meta property=\"og:locale\" content=\"en_US\" \/>\n<meta property=\"og:type\" content=\"article\" \/>\n<meta property=\"og:title\" content=\"\u00d3xido de zinc sello oro - AMSTER\" \/>\n<meta property=\"og:description\" content=\"\u00d3xido de zinc para productos cosm\u00e9ticos y de aseo personal como maquillaje, esmalte de u\u00f1as, lociones para beb\u00e9, jab\u00f3n de ba\u00f1o y talco para proteger la piel de irritaciones, rayos UV, quemaduras, humedad. Est\u00e1 aprobado por la FDA hasta concentraciones del 25%.\" \/>\n<meta property=\"og:url\" content=\"https:\/\/amster.cl\/en\/producto\/oxido-de-zinc-sello-oro\/\" \/>\n<meta property=\"og:site_name\" content=\"AMSTER\" \/>\n<meta property=\"article:modified_time\" content=\"2023-03-17T15:05:19+00:00\" \/>\n<meta name=\"twitter:card\" content=\"summary_large_image\" \/>\n<script type=\"application\/ld+json\" class=\"yoast-schema-graph\">{\"@context\":\"https:\\\/\\\/schema.org\",\"@graph\":[{\"@type\":\"WebPage\",\"@id\":\"https:\\\/\\\/amster.cl\\\/producto\\\/oxido-de-zinc-sello-oro\\\/\",\"url\":\"https:\\\/\\\/amster.cl\\\/producto\\\/oxido-de-zinc-sello-oro\\\/\",\"name\":\"\u00d3xido de zinc sello oro - AMSTER\",\"isPartOf\":{\"@id\":\"https:\\\/\\\/amster.cl\\\/#website\"},\"datePublished\":\"2022-06-30T07:57:18+00:00\",\"dateModified\":\"2023-03-17T15:05:19+00:00\",\"breadcrumb\":{\"@id\":\"https:\\\/\\\/amster.cl\\\/producto\\\/oxido-de-zinc-sello-oro\\\/#breadcrumb\"},\"inLanguage\":\"en-US\",\"potentialAction\":[{\"@type\":\"ReadAction\",\"target\":[\"https:\\\/\\\/amster.cl\\\/producto\\\/oxido-de-zinc-sello-oro\\\/\"]}]},{\"@type\":\"BreadcrumbList\",\"@id\":\"https:\\\/\\\/amster.cl\\\/producto\\\/oxido-de-zinc-sello-oro\\\/#breadcrumb\",\"itemListElement\":[{\"@type\":\"ListItem\",\"position\":1,\"name\":\"Portada\",\"item\":\"https:\\\/\\\/amster.cl\\\/\"},{\"@type\":\"ListItem\",\"position\":2,\"name\":\"Tienda\",\"item\":\"https:\\\/\\\/amster.cl\\\/tienda\\\/\"},{\"@type\":\"ListItem\",\"position\":3,\"name\":\"\u00d3xido de zinc sello oro\"}]},{\"@type\":\"WebSite\",\"@id\":\"https:\\\/\\\/amster.cl\\\/#website\",\"url\":\"https:\\\/\\\/amster.cl\\\/\",\"name\":\"AMSTER\",\"description\":\"Proveedor de materias primas para la industria chilena\",\"potentialAction\":[{\"@type\":\"SearchAction\",\"target\":{\"@type\":\"EntryPoint\",\"urlTemplate\":\"https:\\\/\\\/amster.cl\\\/?s={search_term_string}\"},\"query-input\":{\"@type\":\"PropertyValueSpecification\",\"valueRequired\":true,\"valueName\":\"search_term_string\"}}],\"inLanguage\":\"en-US\"}]}<\/script>\n<!-- \/ Yoast SEO plugin. -->","yoast_head_json":{"title":"\u00d3xido de zinc sello oro - AMSTER","robots":{"index":"index","follow":"follow","max-snippet":"max-snippet:-1","max-image-preview":"max-image-preview:large","max-video-preview":"max-video-preview:-1"},"canonical":"https:\/\/amster.cl\/en\/producto\/oxido-de-zinc-sello-oro\/","og_locale":"en_US","og_type":"article","og_title":"\u00d3xido de zinc sello oro - AMSTER","og_description":"\u00d3xido de zinc para productos cosm\u00e9ticos y de aseo personal como maquillaje, esmalte de u\u00f1as, lociones para beb\u00e9, jab\u00f3n de ba\u00f1o y talco para proteger la piel de irritaciones, rayos UV, quemaduras, humedad. Est\u00e1 aprobado por la FDA hasta concentraciones del 25%.","og_url":"https:\/\/amster.cl\/en\/producto\/oxido-de-zinc-sello-oro\/","og_site_name":"AMSTER","article_modified_time":"2023-03-17T15:05:19+00:00","twitter_card":"summary_large_image","schema":{"@context":"https:\/\/schema.org","@graph":[{"@type":"WebPage","@id":"https:\/\/amster.cl\/producto\/oxido-de-zinc-sello-oro\/","url":"https:\/\/amster.cl\/producto\/oxido-de-zinc-sello-oro\/","name":"\u00d3xido de zinc sello oro - AMSTER","isPartOf":{"@id":"https:\/\/amster.cl\/#website"},"datePublished":"2022-06-30T07:57:18+00:00","dateModified":"2023-03-17T15:05:19+00:00","breadcrumb":{"@id":"https:\/\/amster.cl\/producto\/oxido-de-zinc-sello-oro\/#breadcrumb"},"inLanguage":"en-US","potentialAction":[{"@type":"ReadAction","target":["https:\/\/amster.cl\/producto\/oxido-de-zinc-sello-oro\/"]}]},{"@type":"BreadcrumbList","@id":"https:\/\/amster.cl\/producto\/oxido-de-zinc-sello-oro\/#breadcrumb","itemListElement":[{"@type":"ListItem","position":1,"name":"Portada","item":"https:\/\/amster.cl\/"},{"@type":"ListItem","position":2,"name":"Tienda","item":"https:\/\/amster.cl\/tienda\/"},{"@type":"ListItem","position":3,"name":"\u00d3xido de zinc sello oro"}]},{"@type":"WebSite","@id":"https:\/\/amster.cl\/#website","url":"https:\/\/amster.cl\/","name":"AMSTER","description":"Proveedor de materias primas para la industria chilena","potentialAction":[{"@type":"SearchAction","target":{"@type":"EntryPoint","urlTemplate":"https:\/\/amster.cl\/?s={search_term_string}"},"query-input":{"@type":"PropertyValueSpecification","valueRequired":true,"valueName":"search_term_string"}}],"inLanguage":"en-US"}]}},"brands":[{"id":658,"name":"Zinc Industrias Nacionales","slug":"zinc-industrias-nacionales"}],"_links":{"self":[{"href":"https:\/\/amster.cl\/en\/wp-json\/wp\/v2\/product\/3116","targetHints":{"allow":["GET"]}}],"collection":[{"href":"https:\/\/amster.cl\/en\/wp-json\/wp\/v2\/product"}],"about":[{"href":"https:\/\/amster.cl\/en\/wp-json\/wp\/v2\/types\/product"}],"wp:attachment":[{"href":"https:\/\/amster.cl\/en\/wp-json\/wp\/v2\/media?parent=3116"}],"wp:term":[{"taxonomy":"pwb-brand","embeddable":true,"href":"https:\/\/amster.cl\/en\/wp-json\/wp\/v2\/pwb-brand?post=3116"},{"taxonomy":"product_brand","embeddable":true,"href":"https:\/\/amster.cl\/en\/wp-json\/wp\/v2\/product_brand?post=3116"},{"taxonomy":"product_cat","embeddable":true,"href":"https:\/\/amster.cl\/en\/wp-json\/wp\/v2\/product_cat?post=3116"},{"taxonomy":"product_tag","embeddable":true,"href":"https:\/\/amster.cl\/en\/wp-json\/wp\/v2\/product_tag?post=3116"}],"curies":[{"name":"wp","href":"https:\/\/api.w.org\/{rel}","templated":true}]}}