{"id":3117,"date":"2022-06-30T03:57:18","date_gmt":"2022-06-30T07:57:18","guid":{"rendered":"http:\/\/192.46.216.108\/~amster\/producto\/oxido-de-zinc-sello-oro-2\/"},"modified":"2022-06-30T03:57:18","modified_gmt":"2022-06-30T07:57:18","slug":"oxido-de-zinc-sello-oro-2","status":"publish","type":"product","link":"https:\/\/amster.cl\/en\/shop\/oxido-de-zinc-sello-oro-2\/","title":{"rendered":"\u00d3xido de zinc sello oro"},"content":{"rendered":"","protected":false},"excerpt":{"rendered":"<p>Zinc oxide that acts as an activator of vulcanization. It adds mechanical resistance and improves the thermal, abrasion and durability resistance of the compound as well as protecting it against ultraviolet degradation. In tire compounds, high zinc oxide content increases durability and heat dissipation.<\/p>","protected":false},"featured_media":0,"template":"","meta":[],"pwb-brand":[658],"product_brand":[],"product_cat":[546,521,516],"product_tag":[],"class_list":{"0":"post-3117","1":"product","2":"type-product","3":"status-publish","5":"pwb-brand-zinc-industrias-nacionales","6":"product_cat-activadores-de-vulcanizacion","7":"product_cat-aditivos-caucho","8":"product_cat-caucho","10":"first","11":"instock","12":"shipping-taxable","13":"product-type-simple","14":"prodpage-classic"},"yoast_head":"<!-- This site is optimized with the Yoast SEO plugin v27.4 - https:\/\/yoast.com\/product\/yoast-seo-wordpress\/ -->\n<title>\u00d3xido de zinc sello oro - AMSTER<\/title>\n<meta name=\"robots\" content=\"index, follow, max-snippet:-1, max-image-preview:large, max-video-preview:-1\" \/>\n<link rel=\"canonical\" href=\"https:\/\/amster.cl\/en\/shop\/oxido-de-zinc-sello-oro-2\/\" \/>\n<meta property=\"og:locale\" content=\"en_US\" \/>\n<meta property=\"og:type\" content=\"article\" \/>\n<meta property=\"og:title\" content=\"\u00d3xido de zinc sello oro - AMSTER\" \/>\n<meta property=\"og:description\" content=\"\u00d3xido de zinc que act\u00faa como activador de la vulcanizaci\u00f3n. Agrega resistencia mec\u00e1nica y mejora la resistencia t\u00e9rmica, a la abrasi\u00f3n y durabilidad del compuesto adem\u00e1s de protegerlo contra la degradaci\u00f3n ultravioleta. En compuestos para neum\u00e1ticos, altos contenidos de \u00f3xido de zinc aumenta la durabilidad y la disipaci\u00f3n t\u00e9rmica.\" \/>\n<meta property=\"og:url\" content=\"https:\/\/amster.cl\/en\/shop\/oxido-de-zinc-sello-oro-2\/\" \/>\n<meta property=\"og:site_name\" content=\"AMSTER\" \/>\n<meta name=\"twitter:card\" content=\"summary_large_image\" \/>\n<script type=\"application\/ld+json\" class=\"yoast-schema-graph\">{\"@context\":\"https:\\\/\\\/schema.org\",\"@graph\":[{\"@type\":\"WebPage\",\"@id\":\"https:\\\/\\\/amster.cl\\\/shop\\\/oxido-de-zinc-sello-oro-2\\\/\",\"url\":\"https:\\\/\\\/amster.cl\\\/shop\\\/oxido-de-zinc-sello-oro-2\\\/\",\"name\":\"\u00d3xido de zinc sello oro - AMSTER\",\"isPartOf\":{\"@id\":\"https:\\\/\\\/amster.cl\\\/#website\"},\"datePublished\":\"2022-06-30T07:57:18+00:00\",\"breadcrumb\":{\"@id\":\"https:\\\/\\\/amster.cl\\\/shop\\\/oxido-de-zinc-sello-oro-2\\\/#breadcrumb\"},\"inLanguage\":\"en-US\",\"potentialAction\":[{\"@type\":\"ReadAction\",\"target\":[\"https:\\\/\\\/amster.cl\\\/shop\\\/oxido-de-zinc-sello-oro-2\\\/\"]}]},{\"@type\":\"BreadcrumbList\",\"@id\":\"https:\\\/\\\/amster.cl\\\/shop\\\/oxido-de-zinc-sello-oro-2\\\/#breadcrumb\",\"itemListElement\":[{\"@type\":\"ListItem\",\"position\":1,\"name\":\"Portada\",\"item\":\"https:\\\/\\\/amster.cl\\\/\"},{\"@type\":\"ListItem\",\"position\":2,\"name\":\"Tienda\",\"item\":\"https:\\\/\\\/amster.cl\\\/tienda\\\/\"},{\"@type\":\"ListItem\",\"position\":3,\"name\":\"\u00d3xido de zinc sello oro\"}]},{\"@type\":\"WebSite\",\"@id\":\"https:\\\/\\\/amster.cl\\\/#website\",\"url\":\"https:\\\/\\\/amster.cl\\\/\",\"name\":\"AMSTER\",\"description\":\"Proveedor de materias primas para la industria chilena\",\"potentialAction\":[{\"@type\":\"SearchAction\",\"target\":{\"@type\":\"EntryPoint\",\"urlTemplate\":\"https:\\\/\\\/amster.cl\\\/?s={search_term_string}\"},\"query-input\":{\"@type\":\"PropertyValueSpecification\",\"valueRequired\":true,\"valueName\":\"search_term_string\"}}],\"inLanguage\":\"en-US\"}]}<\/script>\n<!-- \/ Yoast SEO plugin. -->","yoast_head_json":{"title":"\u00d3xido de zinc sello oro - AMSTER","robots":{"index":"index","follow":"follow","max-snippet":"max-snippet:-1","max-image-preview":"max-image-preview:large","max-video-preview":"max-video-preview:-1"},"canonical":"https:\/\/amster.cl\/en\/shop\/oxido-de-zinc-sello-oro-2\/","og_locale":"en_US","og_type":"article","og_title":"\u00d3xido de zinc sello oro - AMSTER","og_description":"\u00d3xido de zinc que act\u00faa como activador de la vulcanizaci\u00f3n. Agrega resistencia mec\u00e1nica y mejora la resistencia t\u00e9rmica, a la abrasi\u00f3n y durabilidad del compuesto adem\u00e1s de protegerlo contra la degradaci\u00f3n ultravioleta. En compuestos para neum\u00e1ticos, altos contenidos de \u00f3xido de zinc aumenta la durabilidad y la disipaci\u00f3n t\u00e9rmica.","og_url":"https:\/\/amster.cl\/en\/shop\/oxido-de-zinc-sello-oro-2\/","og_site_name":"AMSTER","twitter_card":"summary_large_image","schema":{"@context":"https:\/\/schema.org","@graph":[{"@type":"WebPage","@id":"https:\/\/amster.cl\/shop\/oxido-de-zinc-sello-oro-2\/","url":"https:\/\/amster.cl\/shop\/oxido-de-zinc-sello-oro-2\/","name":"\u00d3xido de zinc sello oro - AMSTER","isPartOf":{"@id":"https:\/\/amster.cl\/#website"},"datePublished":"2022-06-30T07:57:18+00:00","breadcrumb":{"@id":"https:\/\/amster.cl\/shop\/oxido-de-zinc-sello-oro-2\/#breadcrumb"},"inLanguage":"en-US","potentialAction":[{"@type":"ReadAction","target":["https:\/\/amster.cl\/shop\/oxido-de-zinc-sello-oro-2\/"]}]},{"@type":"BreadcrumbList","@id":"https:\/\/amster.cl\/shop\/oxido-de-zinc-sello-oro-2\/#breadcrumb","itemListElement":[{"@type":"ListItem","position":1,"name":"Portada","item":"https:\/\/amster.cl\/"},{"@type":"ListItem","position":2,"name":"Tienda","item":"https:\/\/amster.cl\/tienda\/"},{"@type":"ListItem","position":3,"name":"\u00d3xido de zinc sello oro"}]},{"@type":"WebSite","@id":"https:\/\/amster.cl\/#website","url":"https:\/\/amster.cl\/","name":"AMSTER","description":"Proveedor de materias primas para la industria chilena","potentialAction":[{"@type":"SearchAction","target":{"@type":"EntryPoint","urlTemplate":"https:\/\/amster.cl\/?s={search_term_string}"},"query-input":{"@type":"PropertyValueSpecification","valueRequired":true,"valueName":"search_term_string"}}],"inLanguage":"en-US"}]}},"brands":[{"id":658,"name":"Zinc Industrias Nacionales","slug":"zinc-industrias-nacionales"}],"_links":{"self":[{"href":"https:\/\/amster.cl\/en\/wp-json\/wp\/v2\/product\/3117","targetHints":{"allow":["GET"]}}],"collection":[{"href":"https:\/\/amster.cl\/en\/wp-json\/wp\/v2\/product"}],"about":[{"href":"https:\/\/amster.cl\/en\/wp-json\/wp\/v2\/types\/product"}],"wp:attachment":[{"href":"https:\/\/amster.cl\/en\/wp-json\/wp\/v2\/media?parent=3117"}],"wp:term":[{"taxonomy":"pwb-brand","embeddable":true,"href":"https:\/\/amster.cl\/en\/wp-json\/wp\/v2\/pwb-brand?post=3117"},{"taxonomy":"product_brand","embeddable":true,"href":"https:\/\/amster.cl\/en\/wp-json\/wp\/v2\/product_brand?post=3117"},{"taxonomy":"product_cat","embeddable":true,"href":"https:\/\/amster.cl\/en\/wp-json\/wp\/v2\/product_cat?post=3117"},{"taxonomy":"product_tag","embeddable":true,"href":"https:\/\/amster.cl\/en\/wp-json\/wp\/v2\/product_tag?post=3117"}],"curies":[{"name":"wp","href":"https:\/\/api.w.org\/{rel}","templated":true}]}}