{"id":3118,"date":"2022-06-30T03:57:18","date_gmt":"2022-06-30T07:57:18","guid":{"rendered":"http:\/\/192.46.216.108\/~amster\/producto\/par-clay\/"},"modified":"2023-03-17T09:11:31","modified_gmt":"2023-03-17T13:11:31","slug":"par-clay","status":"publish","type":"product","link":"https:\/\/amster.cl\/en\/shop\/par-clay\/","title":{"rendered":"Par\u00ae Clay"},"content":{"rendered":"","protected":false},"excerpt":{"rendered":"<p>Non-reinforcing fiiller with fine surface that reduces cracking and shrinkage of rubber. Improves thermal stability, processing, resistance to impact and chemical attack.<\/p>","protected":false},"featured_media":0,"template":"","meta":[],"pwb-brand":[541],"product_brand":[],"product_cat":[655,568,516],"product_tag":[],"class_list":{"0":"post-3118","1":"product","2":"type-product","3":"status-publish","5":"pwb-brand-vanderbilt-chemicals","6":"product_cat-caolin-cargas-caucho-caucho","7":"product_cat-cargas-caucho","8":"product_cat-caucho","10":"first","11":"instock","12":"shipping-taxable","13":"product-type-simple","14":"prodpage-classic"},"yoast_head":"<!-- This site is optimized with the Yoast SEO plugin v27.4 - https:\/\/yoast.com\/product\/yoast-seo-wordpress\/ -->\n<title>Par\u00ae Clay - AMSTER<\/title>\n<meta name=\"robots\" content=\"index, follow, max-snippet:-1, max-image-preview:large, max-video-preview:-1\" \/>\n<link rel=\"canonical\" href=\"https:\/\/amster.cl\/en\/shop\/par-clay\/\" \/>\n<meta property=\"og:locale\" content=\"en_US\" \/>\n<meta property=\"og:type\" content=\"article\" \/>\n<meta property=\"og:title\" content=\"Par\u00ae Clay - AMSTER\" \/>\n<meta property=\"og:description\" content=\"Carga no reforzante con superficie fina que reduce el agrietamiento y la contracci\u00f3n del caucho. Mejora la estabilidad t\u00e9rmica, procesamiento, resistencia al impacto y ataque qu\u00edmico.\" \/>\n<meta property=\"og:url\" content=\"https:\/\/amster.cl\/en\/shop\/par-clay\/\" \/>\n<meta property=\"og:site_name\" content=\"AMSTER\" \/>\n<meta property=\"article:modified_time\" content=\"2023-03-17T13:11:31+00:00\" \/>\n<meta name=\"twitter:card\" content=\"summary_large_image\" \/>\n<script type=\"application\/ld+json\" class=\"yoast-schema-graph\">{\"@context\":\"https:\\\/\\\/schema.org\",\"@graph\":[{\"@type\":\"WebPage\",\"@id\":\"https:\\\/\\\/amster.cl\\\/shop\\\/par-clay\\\/\",\"url\":\"https:\\\/\\\/amster.cl\\\/shop\\\/par-clay\\\/\",\"name\":\"Par\u00ae Clay - AMSTER\",\"isPartOf\":{\"@id\":\"https:\\\/\\\/amster.cl\\\/#website\"},\"datePublished\":\"2022-06-30T07:57:18+00:00\",\"dateModified\":\"2023-03-17T13:11:31+00:00\",\"breadcrumb\":{\"@id\":\"https:\\\/\\\/amster.cl\\\/shop\\\/par-clay\\\/#breadcrumb\"},\"inLanguage\":\"en-US\",\"potentialAction\":[{\"@type\":\"ReadAction\",\"target\":[\"https:\\\/\\\/amster.cl\\\/shop\\\/par-clay\\\/\"]}]},{\"@type\":\"BreadcrumbList\",\"@id\":\"https:\\\/\\\/amster.cl\\\/shop\\\/par-clay\\\/#breadcrumb\",\"itemListElement\":[{\"@type\":\"ListItem\",\"position\":1,\"name\":\"Portada\",\"item\":\"https:\\\/\\\/amster.cl\\\/\"},{\"@type\":\"ListItem\",\"position\":2,\"name\":\"Tienda\",\"item\":\"https:\\\/\\\/amster.cl\\\/tienda\\\/\"},{\"@type\":\"ListItem\",\"position\":3,\"name\":\"Par\u00ae Clay\"}]},{\"@type\":\"WebSite\",\"@id\":\"https:\\\/\\\/amster.cl\\\/#website\",\"url\":\"https:\\\/\\\/amster.cl\\\/\",\"name\":\"AMSTER\",\"description\":\"Proveedor de materias primas para la industria chilena\",\"potentialAction\":[{\"@type\":\"SearchAction\",\"target\":{\"@type\":\"EntryPoint\",\"urlTemplate\":\"https:\\\/\\\/amster.cl\\\/?s={search_term_string}\"},\"query-input\":{\"@type\":\"PropertyValueSpecification\",\"valueRequired\":true,\"valueName\":\"search_term_string\"}}],\"inLanguage\":\"en-US\"}]}<\/script>\n<!-- \/ Yoast SEO plugin. -->","yoast_head_json":{"title":"Par\u00ae Clay - AMSTER","robots":{"index":"index","follow":"follow","max-snippet":"max-snippet:-1","max-image-preview":"max-image-preview:large","max-video-preview":"max-video-preview:-1"},"canonical":"https:\/\/amster.cl\/en\/shop\/par-clay\/","og_locale":"en_US","og_type":"article","og_title":"Par\u00ae Clay - AMSTER","og_description":"Carga no reforzante con superficie fina que reduce el agrietamiento y la contracci\u00f3n del caucho. Mejora la estabilidad t\u00e9rmica, procesamiento, resistencia al impacto y ataque qu\u00edmico.","og_url":"https:\/\/amster.cl\/en\/shop\/par-clay\/","og_site_name":"AMSTER","article_modified_time":"2023-03-17T13:11:31+00:00","twitter_card":"summary_large_image","schema":{"@context":"https:\/\/schema.org","@graph":[{"@type":"WebPage","@id":"https:\/\/amster.cl\/shop\/par-clay\/","url":"https:\/\/amster.cl\/shop\/par-clay\/","name":"Par\u00ae Clay - AMSTER","isPartOf":{"@id":"https:\/\/amster.cl\/#website"},"datePublished":"2022-06-30T07:57:18+00:00","dateModified":"2023-03-17T13:11:31+00:00","breadcrumb":{"@id":"https:\/\/amster.cl\/shop\/par-clay\/#breadcrumb"},"inLanguage":"en-US","potentialAction":[{"@type":"ReadAction","target":["https:\/\/amster.cl\/shop\/par-clay\/"]}]},{"@type":"BreadcrumbList","@id":"https:\/\/amster.cl\/shop\/par-clay\/#breadcrumb","itemListElement":[{"@type":"ListItem","position":1,"name":"Portada","item":"https:\/\/amster.cl\/"},{"@type":"ListItem","position":2,"name":"Tienda","item":"https:\/\/amster.cl\/tienda\/"},{"@type":"ListItem","position":3,"name":"Par\u00ae Clay"}]},{"@type":"WebSite","@id":"https:\/\/amster.cl\/#website","url":"https:\/\/amster.cl\/","name":"AMSTER","description":"Proveedor de materias primas para la industria chilena","potentialAction":[{"@type":"SearchAction","target":{"@type":"EntryPoint","urlTemplate":"https:\/\/amster.cl\/?s={search_term_string}"},"query-input":{"@type":"PropertyValueSpecification","valueRequired":true,"valueName":"search_term_string"}}],"inLanguage":"en-US"}]}},"brands":[{"id":541,"name":"Vanderbilt Chemicals","slug":"vanderbilt-chemicals"}],"_links":{"self":[{"href":"https:\/\/amster.cl\/en\/wp-json\/wp\/v2\/product\/3118","targetHints":{"allow":["GET"]}}],"collection":[{"href":"https:\/\/amster.cl\/en\/wp-json\/wp\/v2\/product"}],"about":[{"href":"https:\/\/amster.cl\/en\/wp-json\/wp\/v2\/types\/product"}],"wp:attachment":[{"href":"https:\/\/amster.cl\/en\/wp-json\/wp\/v2\/media?parent=3118"}],"wp:term":[{"taxonomy":"pwb-brand","embeddable":true,"href":"https:\/\/amster.cl\/en\/wp-json\/wp\/v2\/pwb-brand?post=3118"},{"taxonomy":"product_brand","embeddable":true,"href":"https:\/\/amster.cl\/en\/wp-json\/wp\/v2\/product_brand?post=3118"},{"taxonomy":"product_cat","embeddable":true,"href":"https:\/\/amster.cl\/en\/wp-json\/wp\/v2\/product_cat?post=3118"},{"taxonomy":"product_tag","embeddable":true,"href":"https:\/\/amster.cl\/en\/wp-json\/wp\/v2\/product_tag?post=3118"}],"curies":[{"name":"wp","href":"https:\/\/api.w.org\/{rel}","templated":true}]}}