{"id":3141,"date":"2022-06-30T03:57:20","date_gmt":"2022-06-30T07:57:20","guid":{"rendered":"http:\/\/192.46.216.108\/~amster\/producto\/primex-121\/"},"modified":"2022-06-30T03:57:20","modified_gmt":"2022-06-30T07:57:20","slug":"primex-121","status":"publish","type":"product","link":"https:\/\/amster.cl\/en\/shop\/primex-121\/","title":{"rendered":"Primex\u00ae 121"},"content":{"rendered":"","protected":false},"excerpt":{"rendered":"<p>Dispersion of high molecular weight homopolymer PVC powder. Easy to disperse, recommended for rotomolding, immersion molding, emptying, roller coating, spray coatings, sealants, repairers, seals for jars and general-purpose plastisols. With MFI of 12 g\/100 s and K value of 77.<\/p>","protected":false},"featured_media":0,"template":"","meta":[],"pwb-brand":[676],"product_brand":[],"product_cat":[523,659,660],"product_tag":[],"class_list":{"0":"post-3141","1":"product","2":"type-product","3":"status-publish","5":"pwb-brand-mexichem","6":"product_cat-plastico","7":"product_cat-plastico-plastico","8":"product_cat-pvc","10":"first","11":"instock","12":"shipping-taxable","13":"product-type-simple","14":"prodpage-classic"},"yoast_head":"<!-- This site is optimized with the Yoast SEO plugin v27.4 - https:\/\/yoast.com\/product\/yoast-seo-wordpress\/ -->\n<title>Primex\u00ae 121 - AMSTER<\/title>\n<meta name=\"robots\" content=\"index, follow, max-snippet:-1, max-image-preview:large, max-video-preview:-1\" \/>\n<link rel=\"canonical\" href=\"https:\/\/amster.cl\/en\/shop\/primex-121\/\" \/>\n<meta property=\"og:locale\" content=\"en_US\" \/>\n<meta property=\"og:type\" content=\"article\" \/>\n<meta property=\"og:title\" content=\"Primex\u00ae 121 - AMSTER\" \/>\n<meta property=\"og:description\" content=\"Dispersi\u00f3n de PVC homopol\u00edmero de alto peso molecular en polvo. De f\u00e1cil dispersi\u00f3n, recomendada para rotomoldeo, moldeo por inmersi\u00f3n, vaciado, recubrimiento de rodillos, recubrimientos por aspersi\u00f3n, selladores, resanadores, sellos para frascos y plastisoles de uso general. Con MFI de 12 g\/100 s y valor K de 77.\" \/>\n<meta property=\"og:url\" content=\"https:\/\/amster.cl\/en\/shop\/primex-121\/\" \/>\n<meta property=\"og:site_name\" content=\"AMSTER\" \/>\n<meta name=\"twitter:card\" content=\"summary_large_image\" \/>\n<script type=\"application\/ld+json\" class=\"yoast-schema-graph\">{\"@context\":\"https:\\\/\\\/schema.org\",\"@graph\":[{\"@type\":\"WebPage\",\"@id\":\"https:\\\/\\\/amster.cl\\\/shop\\\/primex-121\\\/\",\"url\":\"https:\\\/\\\/amster.cl\\\/shop\\\/primex-121\\\/\",\"name\":\"Primex\u00ae 121 - AMSTER\",\"isPartOf\":{\"@id\":\"https:\\\/\\\/amster.cl\\\/#website\"},\"datePublished\":\"2022-06-30T07:57:20+00:00\",\"breadcrumb\":{\"@id\":\"https:\\\/\\\/amster.cl\\\/shop\\\/primex-121\\\/#breadcrumb\"},\"inLanguage\":\"en-US\",\"potentialAction\":[{\"@type\":\"ReadAction\",\"target\":[\"https:\\\/\\\/amster.cl\\\/shop\\\/primex-121\\\/\"]}]},{\"@type\":\"BreadcrumbList\",\"@id\":\"https:\\\/\\\/amster.cl\\\/shop\\\/primex-121\\\/#breadcrumb\",\"itemListElement\":[{\"@type\":\"ListItem\",\"position\":1,\"name\":\"Portada\",\"item\":\"https:\\\/\\\/amster.cl\\\/\"},{\"@type\":\"ListItem\",\"position\":2,\"name\":\"Tienda\",\"item\":\"https:\\\/\\\/amster.cl\\\/tienda\\\/\"},{\"@type\":\"ListItem\",\"position\":3,\"name\":\"Primex\u00ae 121\"}]},{\"@type\":\"WebSite\",\"@id\":\"https:\\\/\\\/amster.cl\\\/#website\",\"url\":\"https:\\\/\\\/amster.cl\\\/\",\"name\":\"AMSTER\",\"description\":\"Proveedor de materias primas para la industria chilena\",\"potentialAction\":[{\"@type\":\"SearchAction\",\"target\":{\"@type\":\"EntryPoint\",\"urlTemplate\":\"https:\\\/\\\/amster.cl\\\/?s={search_term_string}\"},\"query-input\":{\"@type\":\"PropertyValueSpecification\",\"valueRequired\":true,\"valueName\":\"search_term_string\"}}],\"inLanguage\":\"en-US\"}]}<\/script>\n<!-- \/ Yoast SEO plugin. -->","yoast_head_json":{"title":"Primex\u00ae 121 - AMSTER","robots":{"index":"index","follow":"follow","max-snippet":"max-snippet:-1","max-image-preview":"max-image-preview:large","max-video-preview":"max-video-preview:-1"},"canonical":"https:\/\/amster.cl\/en\/shop\/primex-121\/","og_locale":"en_US","og_type":"article","og_title":"Primex\u00ae 121 - AMSTER","og_description":"Dispersi\u00f3n de PVC homopol\u00edmero de alto peso molecular en polvo. De f\u00e1cil dispersi\u00f3n, recomendada para rotomoldeo, moldeo por inmersi\u00f3n, vaciado, recubrimiento de rodillos, recubrimientos por aspersi\u00f3n, selladores, resanadores, sellos para frascos y plastisoles de uso general. Con MFI de 12 g\/100 s y valor K de 77.","og_url":"https:\/\/amster.cl\/en\/shop\/primex-121\/","og_site_name":"AMSTER","twitter_card":"summary_large_image","schema":{"@context":"https:\/\/schema.org","@graph":[{"@type":"WebPage","@id":"https:\/\/amster.cl\/shop\/primex-121\/","url":"https:\/\/amster.cl\/shop\/primex-121\/","name":"Primex\u00ae 121 - AMSTER","isPartOf":{"@id":"https:\/\/amster.cl\/#website"},"datePublished":"2022-06-30T07:57:20+00:00","breadcrumb":{"@id":"https:\/\/amster.cl\/shop\/primex-121\/#breadcrumb"},"inLanguage":"en-US","potentialAction":[{"@type":"ReadAction","target":["https:\/\/amster.cl\/shop\/primex-121\/"]}]},{"@type":"BreadcrumbList","@id":"https:\/\/amster.cl\/shop\/primex-121\/#breadcrumb","itemListElement":[{"@type":"ListItem","position":1,"name":"Portada","item":"https:\/\/amster.cl\/"},{"@type":"ListItem","position":2,"name":"Tienda","item":"https:\/\/amster.cl\/tienda\/"},{"@type":"ListItem","position":3,"name":"Primex\u00ae 121"}]},{"@type":"WebSite","@id":"https:\/\/amster.cl\/#website","url":"https:\/\/amster.cl\/","name":"AMSTER","description":"Proveedor de materias primas para la industria chilena","potentialAction":[{"@type":"SearchAction","target":{"@type":"EntryPoint","urlTemplate":"https:\/\/amster.cl\/?s={search_term_string}"},"query-input":{"@type":"PropertyValueSpecification","valueRequired":true,"valueName":"search_term_string"}}],"inLanguage":"en-US"}]}},"brands":[{"id":676,"name":"Mexichem","slug":"mexichem"}],"_links":{"self":[{"href":"https:\/\/amster.cl\/en\/wp-json\/wp\/v2\/product\/3141","targetHints":{"allow":["GET"]}}],"collection":[{"href":"https:\/\/amster.cl\/en\/wp-json\/wp\/v2\/product"}],"about":[{"href":"https:\/\/amster.cl\/en\/wp-json\/wp\/v2\/types\/product"}],"wp:attachment":[{"href":"https:\/\/amster.cl\/en\/wp-json\/wp\/v2\/media?parent=3141"}],"wp:term":[{"taxonomy":"pwb-brand","embeddable":true,"href":"https:\/\/amster.cl\/en\/wp-json\/wp\/v2\/pwb-brand?post=3141"},{"taxonomy":"product_brand","embeddable":true,"href":"https:\/\/amster.cl\/en\/wp-json\/wp\/v2\/product_brand?post=3141"},{"taxonomy":"product_cat","embeddable":true,"href":"https:\/\/amster.cl\/en\/wp-json\/wp\/v2\/product_cat?post=3141"},{"taxonomy":"product_tag","embeddable":true,"href":"https:\/\/amster.cl\/en\/wp-json\/wp\/v2\/product_tag?post=3141"}],"curies":[{"name":"wp","href":"https:\/\/api.w.org\/{rel}","templated":true}]}}