{"id":3155,"date":"2022-06-30T03:57:21","date_gmt":"2022-06-30T07:57:21","guid":{"rendered":"http:\/\/192.46.216.108\/~amster\/producto\/silcolease-crosslinker-321\/"},"modified":"2022-06-30T03:57:21","modified_gmt":"2022-06-30T07:57:21","slug":"silcolease-crosslinker-321","status":"publish","type":"product","link":"https:\/\/amster.cl\/en\/shop\/silcolease-crosslinker-321\/","title":{"rendered":"Silcolease\u00ae Crosslinker 321"},"content":{"rendered":"","protected":false},"excerpt":{"rendered":"<p>Crosslinker used with Silcolease\u00ae 91B (catalyst) and Silcolease\u00ae 7611 (polymer) to cure at relatively low temperatures having good catalyzed stability and good resistance to the inhibition effects of different substrates. You have to dissolve with toluene. Designed specifically for paper release applications and can coat a wide range of paper substrates, films and sheets.<\/p>","protected":false},"featured_media":0,"template":"","meta":[],"pwb-brand":[536],"product_brand":[],"product_cat":[663,565,668],"product_tag":[],"class_list":{"0":"post-3155","1":"product","2":"type-product","3":"status-publish","5":"pwb-brand-elkem-silicones","6":"product_cat-aceites-y-emulsiones-celulosa-papel","7":"product_cat-celulosa-papel","8":"product_cat-reticulantes","10":"first","11":"instock","12":"shipping-taxable","13":"product-type-simple","14":"prodpage-classic"},"yoast_head":"<!-- This site is optimized with the Yoast SEO plugin v27.4 - https:\/\/yoast.com\/product\/yoast-seo-wordpress\/ -->\n<title>Silcolease\u00ae Crosslinker 321 - AMSTER<\/title>\n<meta name=\"robots\" content=\"index, follow, max-snippet:-1, max-image-preview:large, max-video-preview:-1\" \/>\n<link rel=\"canonical\" href=\"https:\/\/amster.cl\/en\/producto\/silcolease-crosslinker-321\/\" \/>\n<meta property=\"og:locale\" content=\"en_US\" \/>\n<meta property=\"og:type\" content=\"article\" \/>\n<meta property=\"og:title\" content=\"Silcolease\u00ae Crosslinker 321 - AMSTER\" \/>\n<meta property=\"og:description\" content=\"Reticulante usado con Silcolease\u00ae 91B (catalizador) y Silcolease\u00ae 7611 (pol\u00edmero) para curar a temperaturas relativamente bajas teniendo buena estabilidad del catalizado y buena resistencia a los efectos de inhibici\u00f3n de diferentes sustratos. Tiene que disolver con tolueno. Dise\u00f1ado especificamente para aplicaciones de liberaci\u00f3n de papel y puede recubrir una amplia gama de sustratos de papel, pel\u00edculas y l\u00e1minas.\" \/>\n<meta property=\"og:url\" content=\"https:\/\/amster.cl\/en\/producto\/silcolease-crosslinker-321\/\" \/>\n<meta property=\"og:site_name\" content=\"AMSTER\" \/>\n<meta name=\"twitter:card\" content=\"summary_large_image\" \/>\n<script type=\"application\/ld+json\" class=\"yoast-schema-graph\">{\"@context\":\"https:\\\/\\\/schema.org\",\"@graph\":[{\"@type\":\"WebPage\",\"@id\":\"https:\\\/\\\/amster.cl\\\/producto\\\/silcolease-crosslinker-321\\\/\",\"url\":\"https:\\\/\\\/amster.cl\\\/producto\\\/silcolease-crosslinker-321\\\/\",\"name\":\"Silcolease\u00ae Crosslinker 321 - AMSTER\",\"isPartOf\":{\"@id\":\"https:\\\/\\\/amster.cl\\\/#website\"},\"datePublished\":\"2022-06-30T07:57:21+00:00\",\"breadcrumb\":{\"@id\":\"https:\\\/\\\/amster.cl\\\/producto\\\/silcolease-crosslinker-321\\\/#breadcrumb\"},\"inLanguage\":\"en-US\",\"potentialAction\":[{\"@type\":\"ReadAction\",\"target\":[\"https:\\\/\\\/amster.cl\\\/producto\\\/silcolease-crosslinker-321\\\/\"]}]},{\"@type\":\"BreadcrumbList\",\"@id\":\"https:\\\/\\\/amster.cl\\\/producto\\\/silcolease-crosslinker-321\\\/#breadcrumb\",\"itemListElement\":[{\"@type\":\"ListItem\",\"position\":1,\"name\":\"Portada\",\"item\":\"https:\\\/\\\/amster.cl\\\/\"},{\"@type\":\"ListItem\",\"position\":2,\"name\":\"Tienda\",\"item\":\"https:\\\/\\\/amster.cl\\\/tienda\\\/\"},{\"@type\":\"ListItem\",\"position\":3,\"name\":\"Silcolease\u00ae Crosslinker 321\"}]},{\"@type\":\"WebSite\",\"@id\":\"https:\\\/\\\/amster.cl\\\/#website\",\"url\":\"https:\\\/\\\/amster.cl\\\/\",\"name\":\"AMSTER\",\"description\":\"Proveedor de materias primas para la industria chilena\",\"potentialAction\":[{\"@type\":\"SearchAction\",\"target\":{\"@type\":\"EntryPoint\",\"urlTemplate\":\"https:\\\/\\\/amster.cl\\\/?s={search_term_string}\"},\"query-input\":{\"@type\":\"PropertyValueSpecification\",\"valueRequired\":true,\"valueName\":\"search_term_string\"}}],\"inLanguage\":\"en-US\"}]}<\/script>\n<!-- \/ Yoast SEO plugin. -->","yoast_head_json":{"title":"Silcolease\u00ae Crosslinker 321 - AMSTER","robots":{"index":"index","follow":"follow","max-snippet":"max-snippet:-1","max-image-preview":"max-image-preview:large","max-video-preview":"max-video-preview:-1"},"canonical":"https:\/\/amster.cl\/en\/producto\/silcolease-crosslinker-321\/","og_locale":"en_US","og_type":"article","og_title":"Silcolease\u00ae Crosslinker 321 - AMSTER","og_description":"Reticulante usado con Silcolease\u00ae 91B (catalizador) y Silcolease\u00ae 7611 (pol\u00edmero) para curar a temperaturas relativamente bajas teniendo buena estabilidad del catalizado y buena resistencia a los efectos de inhibici\u00f3n de diferentes sustratos. Tiene que disolver con tolueno. Dise\u00f1ado especificamente para aplicaciones de liberaci\u00f3n de papel y puede recubrir una amplia gama de sustratos de papel, pel\u00edculas y l\u00e1minas.","og_url":"https:\/\/amster.cl\/en\/producto\/silcolease-crosslinker-321\/","og_site_name":"AMSTER","twitter_card":"summary_large_image","schema":{"@context":"https:\/\/schema.org","@graph":[{"@type":"WebPage","@id":"https:\/\/amster.cl\/producto\/silcolease-crosslinker-321\/","url":"https:\/\/amster.cl\/producto\/silcolease-crosslinker-321\/","name":"Silcolease\u00ae Crosslinker 321 - AMSTER","isPartOf":{"@id":"https:\/\/amster.cl\/#website"},"datePublished":"2022-06-30T07:57:21+00:00","breadcrumb":{"@id":"https:\/\/amster.cl\/producto\/silcolease-crosslinker-321\/#breadcrumb"},"inLanguage":"en-US","potentialAction":[{"@type":"ReadAction","target":["https:\/\/amster.cl\/producto\/silcolease-crosslinker-321\/"]}]},{"@type":"BreadcrumbList","@id":"https:\/\/amster.cl\/producto\/silcolease-crosslinker-321\/#breadcrumb","itemListElement":[{"@type":"ListItem","position":1,"name":"Portada","item":"https:\/\/amster.cl\/"},{"@type":"ListItem","position":2,"name":"Tienda","item":"https:\/\/amster.cl\/tienda\/"},{"@type":"ListItem","position":3,"name":"Silcolease\u00ae Crosslinker 321"}]},{"@type":"WebSite","@id":"https:\/\/amster.cl\/#website","url":"https:\/\/amster.cl\/","name":"AMSTER","description":"Proveedor de materias primas para la industria chilena","potentialAction":[{"@type":"SearchAction","target":{"@type":"EntryPoint","urlTemplate":"https:\/\/amster.cl\/?s={search_term_string}"},"query-input":{"@type":"PropertyValueSpecification","valueRequired":true,"valueName":"search_term_string"}}],"inLanguage":"en-US"}]}},"brands":[{"id":536,"name":"Elkem Silicones","slug":"elkem-silicones"}],"_links":{"self":[{"href":"https:\/\/amster.cl\/en\/wp-json\/wp\/v2\/product\/3155","targetHints":{"allow":["GET"]}}],"collection":[{"href":"https:\/\/amster.cl\/en\/wp-json\/wp\/v2\/product"}],"about":[{"href":"https:\/\/amster.cl\/en\/wp-json\/wp\/v2\/types\/product"}],"wp:attachment":[{"href":"https:\/\/amster.cl\/en\/wp-json\/wp\/v2\/media?parent=3155"}],"wp:term":[{"taxonomy":"pwb-brand","embeddable":true,"href":"https:\/\/amster.cl\/en\/wp-json\/wp\/v2\/pwb-brand?post=3155"},{"taxonomy":"product_brand","embeddable":true,"href":"https:\/\/amster.cl\/en\/wp-json\/wp\/v2\/product_brand?post=3155"},{"taxonomy":"product_cat","embeddable":true,"href":"https:\/\/amster.cl\/en\/wp-json\/wp\/v2\/product_cat?post=3155"},{"taxonomy":"product_tag","embeddable":true,"href":"https:\/\/amster.cl\/en\/wp-json\/wp\/v2\/product_tag?post=3155"}],"curies":[{"name":"wp","href":"https:\/\/api.w.org\/{rel}","templated":true}]}}