{"id":3161,"date":"2022-06-30T03:57:21","date_gmt":"2022-06-30T07:57:21","guid":{"rendered":"http:\/\/192.46.216.108\/~amster\/producto\/sp-560\/"},"modified":"2023-03-17T10:22:35","modified_gmt":"2023-03-17T14:22:35","slug":"sp-560","status":"publish","type":"product","link":"https:\/\/amster.cl\/en\/shop\/sp-560\/","title":{"rendered":"SP-560"},"content":{"rendered":"","protected":false},"excerpt":{"rendered":"<p>Thermoplastic oleosolubride terpene phenolic resin used as a biobased agent for different types of polychloroprene adhesive formulations. It provides good resistance and detection of stickiness.<\/p>","protected":false},"featured_media":0,"template":"","meta":[],"pwb-brand":[648],"product_brand":[],"product_cat":[585,671],"product_tag":[],"class_list":{"0":"post-3161","1":"product","2":"type-product","3":"status-publish","5":"pwb-brand-si-group","6":"product_cat-adhesivos-general","7":"product_cat-tactificantes-adhesivos-adhesivos-2","9":"first","10":"instock","11":"shipping-taxable","12":"product-type-simple","13":"prodpage-classic"},"yoast_head":"<!-- This site is optimized with the Yoast SEO plugin v27.4 - https:\/\/yoast.com\/product\/yoast-seo-wordpress\/ -->\n<title>SP-560 - AMSTER<\/title>\n<meta name=\"robots\" content=\"index, follow, max-snippet:-1, max-image-preview:large, max-video-preview:-1\" \/>\n<link rel=\"canonical\" href=\"https:\/\/amster.cl\/en\/producto\/sp-560\/\" \/>\n<meta property=\"og:locale\" content=\"en_US\" \/>\n<meta property=\"og:type\" content=\"article\" \/>\n<meta property=\"og:title\" content=\"SP-560 - AMSTER\" \/>\n<meta property=\"og:description\" content=\"Resina fen\u00f3lica terp\u00e9nica oleosolubre termopl\u00e1stica usada como tactificante biobasado para diferentes tipos de formulaciones de adhesivos de policloropreno. Proporciona buena resistencia y retecci\u00f3n de la pegajosidad.\" \/>\n<meta property=\"og:url\" content=\"https:\/\/amster.cl\/en\/producto\/sp-560\/\" \/>\n<meta property=\"og:site_name\" content=\"AMSTER\" \/>\n<meta property=\"article:modified_time\" content=\"2023-03-17T14:22:35+00:00\" \/>\n<meta name=\"twitter:card\" content=\"summary_large_image\" \/>\n<script type=\"application\/ld+json\" class=\"yoast-schema-graph\">{\"@context\":\"https:\\\/\\\/schema.org\",\"@graph\":[{\"@type\":\"WebPage\",\"@id\":\"https:\\\/\\\/amster.cl\\\/producto\\\/sp-560\\\/\",\"url\":\"https:\\\/\\\/amster.cl\\\/producto\\\/sp-560\\\/\",\"name\":\"SP-560 - AMSTER\",\"isPartOf\":{\"@id\":\"https:\\\/\\\/amster.cl\\\/#website\"},\"datePublished\":\"2022-06-30T07:57:21+00:00\",\"dateModified\":\"2023-03-17T14:22:35+00:00\",\"breadcrumb\":{\"@id\":\"https:\\\/\\\/amster.cl\\\/producto\\\/sp-560\\\/#breadcrumb\"},\"inLanguage\":\"en-US\",\"potentialAction\":[{\"@type\":\"ReadAction\",\"target\":[\"https:\\\/\\\/amster.cl\\\/producto\\\/sp-560\\\/\"]}]},{\"@type\":\"BreadcrumbList\",\"@id\":\"https:\\\/\\\/amster.cl\\\/producto\\\/sp-560\\\/#breadcrumb\",\"itemListElement\":[{\"@type\":\"ListItem\",\"position\":1,\"name\":\"Portada\",\"item\":\"https:\\\/\\\/amster.cl\\\/\"},{\"@type\":\"ListItem\",\"position\":2,\"name\":\"Tienda\",\"item\":\"https:\\\/\\\/amster.cl\\\/tienda\\\/\"},{\"@type\":\"ListItem\",\"position\":3,\"name\":\"SP-560\"}]},{\"@type\":\"WebSite\",\"@id\":\"https:\\\/\\\/amster.cl\\\/#website\",\"url\":\"https:\\\/\\\/amster.cl\\\/\",\"name\":\"AMSTER\",\"description\":\"Proveedor de materias primas para la industria chilena\",\"potentialAction\":[{\"@type\":\"SearchAction\",\"target\":{\"@type\":\"EntryPoint\",\"urlTemplate\":\"https:\\\/\\\/amster.cl\\\/?s={search_term_string}\"},\"query-input\":{\"@type\":\"PropertyValueSpecification\",\"valueRequired\":true,\"valueName\":\"search_term_string\"}}],\"inLanguage\":\"en-US\"}]}<\/script>\n<!-- \/ Yoast SEO plugin. -->","yoast_head_json":{"title":"SP-560 - AMSTER","robots":{"index":"index","follow":"follow","max-snippet":"max-snippet:-1","max-image-preview":"max-image-preview:large","max-video-preview":"max-video-preview:-1"},"canonical":"https:\/\/amster.cl\/en\/producto\/sp-560\/","og_locale":"en_US","og_type":"article","og_title":"SP-560 - AMSTER","og_description":"Resina fen\u00f3lica terp\u00e9nica oleosolubre termopl\u00e1stica usada como tactificante biobasado para diferentes tipos de formulaciones de adhesivos de policloropreno. Proporciona buena resistencia y retecci\u00f3n de la pegajosidad.","og_url":"https:\/\/amster.cl\/en\/producto\/sp-560\/","og_site_name":"AMSTER","article_modified_time":"2023-03-17T14:22:35+00:00","twitter_card":"summary_large_image","schema":{"@context":"https:\/\/schema.org","@graph":[{"@type":"WebPage","@id":"https:\/\/amster.cl\/producto\/sp-560\/","url":"https:\/\/amster.cl\/producto\/sp-560\/","name":"SP-560 - AMSTER","isPartOf":{"@id":"https:\/\/amster.cl\/#website"},"datePublished":"2022-06-30T07:57:21+00:00","dateModified":"2023-03-17T14:22:35+00:00","breadcrumb":{"@id":"https:\/\/amster.cl\/producto\/sp-560\/#breadcrumb"},"inLanguage":"en-US","potentialAction":[{"@type":"ReadAction","target":["https:\/\/amster.cl\/producto\/sp-560\/"]}]},{"@type":"BreadcrumbList","@id":"https:\/\/amster.cl\/producto\/sp-560\/#breadcrumb","itemListElement":[{"@type":"ListItem","position":1,"name":"Portada","item":"https:\/\/amster.cl\/"},{"@type":"ListItem","position":2,"name":"Tienda","item":"https:\/\/amster.cl\/tienda\/"},{"@type":"ListItem","position":3,"name":"SP-560"}]},{"@type":"WebSite","@id":"https:\/\/amster.cl\/#website","url":"https:\/\/amster.cl\/","name":"AMSTER","description":"Proveedor de materias primas para la industria chilena","potentialAction":[{"@type":"SearchAction","target":{"@type":"EntryPoint","urlTemplate":"https:\/\/amster.cl\/?s={search_term_string}"},"query-input":{"@type":"PropertyValueSpecification","valueRequired":true,"valueName":"search_term_string"}}],"inLanguage":"en-US"}]}},"brands":[{"id":648,"name":"SI Group","slug":"si-group"}],"_links":{"self":[{"href":"https:\/\/amster.cl\/en\/wp-json\/wp\/v2\/product\/3161","targetHints":{"allow":["GET"]}}],"collection":[{"href":"https:\/\/amster.cl\/en\/wp-json\/wp\/v2\/product"}],"about":[{"href":"https:\/\/amster.cl\/en\/wp-json\/wp\/v2\/types\/product"}],"wp:attachment":[{"href":"https:\/\/amster.cl\/en\/wp-json\/wp\/v2\/media?parent=3161"}],"wp:term":[{"taxonomy":"pwb-brand","embeddable":true,"href":"https:\/\/amster.cl\/en\/wp-json\/wp\/v2\/pwb-brand?post=3161"},{"taxonomy":"product_brand","embeddable":true,"href":"https:\/\/amster.cl\/en\/wp-json\/wp\/v2\/product_brand?post=3161"},{"taxonomy":"product_cat","embeddable":true,"href":"https:\/\/amster.cl\/en\/wp-json\/wp\/v2\/product_cat?post=3161"},{"taxonomy":"product_tag","embeddable":true,"href":"https:\/\/amster.cl\/en\/wp-json\/wp\/v2\/product_tag?post=3161"}],"curies":[{"name":"wp","href":"https:\/\/api.w.org\/{rel}","templated":true}]}}