{"id":3167,"date":"2022-06-30T03:57:21","date_gmt":"2022-06-30T07:57:21","guid":{"rendered":"http:\/\/192.46.216.108\/~amster\/producto\/sterling-so\/"},"modified":"2022-06-30T03:57:21","modified_gmt":"2022-06-30T07:57:21","slug":"sterling-so","status":"publish","type":"product","link":"https:\/\/amster.cl\/en\/shop\/sterling-so\/","title":{"rendered":"Sterling\u00ae SO"},"content":{"rendered":"","protected":false},"excerpt":{"rendered":"<p>Semi-reinforcing carbon black according to standard grade FEF N550. Recommended for applications where a module and medium reinforcement are needed in addition to good processing characteristics. Particularly used for passenger car tire casing in addition to hoses, windshield wipers, extruded profiles, seals, molded products, among others.<\/p>","protected":false},"featured_media":0,"template":"","meta":[],"pwb-brand":[573],"product_brand":[],"product_cat":[568,516,674],"product_tag":[],"class_list":{"0":"post-3167","1":"product","2":"type-product","3":"status-publish","5":"pwb-brand-cabot-corporation","6":"product_cat-cargas-caucho","7":"product_cat-caucho","8":"product_cat-negro-de-humo-cargas-caucho","10":"first","11":"instock","12":"shipping-taxable","13":"product-type-simple","14":"prodpage-classic"},"yoast_head":"<!-- This site is optimized with the Yoast SEO plugin v27.4 - https:\/\/yoast.com\/product\/yoast-seo-wordpress\/ -->\n<title>Sterling\u00ae SO - AMSTER<\/title>\n<meta name=\"robots\" content=\"index, follow, max-snippet:-1, max-image-preview:large, max-video-preview:-1\" \/>\n<link rel=\"canonical\" href=\"https:\/\/amster.cl\/en\/shop\/sterling-so\/\" \/>\n<meta property=\"og:locale\" content=\"en_US\" \/>\n<meta property=\"og:type\" content=\"article\" \/>\n<meta property=\"og:title\" content=\"Sterling\u00ae SO - AMSTER\" \/>\n<meta property=\"og:description\" content=\"Negro de humo semireforzante conforme al grado est\u00e1ndar FEF N550. Recomendado para aplicaciones donde se necesite un m\u00f3dulo y refuerzo medio adem\u00e1s de buenas caracter\u00edsticas de procesamiento. Usado particularmente para la carcasa de neum\u00e1ticos de autos de pasajeros adem\u00e1s de mangueras, limpiaparabrisas, perfiles extru\u00eddos, sellos, productos moldeados, entre otros.\" \/>\n<meta property=\"og:url\" content=\"https:\/\/amster.cl\/en\/shop\/sterling-so\/\" \/>\n<meta property=\"og:site_name\" content=\"AMSTER\" \/>\n<meta name=\"twitter:card\" content=\"summary_large_image\" \/>\n<script type=\"application\/ld+json\" class=\"yoast-schema-graph\">{\"@context\":\"https:\\\/\\\/schema.org\",\"@graph\":[{\"@type\":\"WebPage\",\"@id\":\"https:\\\/\\\/amster.cl\\\/shop\\\/sterling-so\\\/\",\"url\":\"https:\\\/\\\/amster.cl\\\/shop\\\/sterling-so\\\/\",\"name\":\"Sterling\u00ae SO - AMSTER\",\"isPartOf\":{\"@id\":\"https:\\\/\\\/amster.cl\\\/#website\"},\"datePublished\":\"2022-06-30T07:57:21+00:00\",\"breadcrumb\":{\"@id\":\"https:\\\/\\\/amster.cl\\\/shop\\\/sterling-so\\\/#breadcrumb\"},\"inLanguage\":\"en-US\",\"potentialAction\":[{\"@type\":\"ReadAction\",\"target\":[\"https:\\\/\\\/amster.cl\\\/shop\\\/sterling-so\\\/\"]}]},{\"@type\":\"BreadcrumbList\",\"@id\":\"https:\\\/\\\/amster.cl\\\/shop\\\/sterling-so\\\/#breadcrumb\",\"itemListElement\":[{\"@type\":\"ListItem\",\"position\":1,\"name\":\"Portada\",\"item\":\"https:\\\/\\\/amster.cl\\\/\"},{\"@type\":\"ListItem\",\"position\":2,\"name\":\"Tienda\",\"item\":\"https:\\\/\\\/amster.cl\\\/tienda\\\/\"},{\"@type\":\"ListItem\",\"position\":3,\"name\":\"Sterling\u00ae SO\"}]},{\"@type\":\"WebSite\",\"@id\":\"https:\\\/\\\/amster.cl\\\/#website\",\"url\":\"https:\\\/\\\/amster.cl\\\/\",\"name\":\"AMSTER\",\"description\":\"Proveedor de materias primas para la industria chilena\",\"potentialAction\":[{\"@type\":\"SearchAction\",\"target\":{\"@type\":\"EntryPoint\",\"urlTemplate\":\"https:\\\/\\\/amster.cl\\\/?s={search_term_string}\"},\"query-input\":{\"@type\":\"PropertyValueSpecification\",\"valueRequired\":true,\"valueName\":\"search_term_string\"}}],\"inLanguage\":\"en-US\"}]}<\/script>\n<!-- \/ Yoast SEO plugin. -->","yoast_head_json":{"title":"Sterling\u00ae SO - AMSTER","robots":{"index":"index","follow":"follow","max-snippet":"max-snippet:-1","max-image-preview":"max-image-preview:large","max-video-preview":"max-video-preview:-1"},"canonical":"https:\/\/amster.cl\/en\/shop\/sterling-so\/","og_locale":"en_US","og_type":"article","og_title":"Sterling\u00ae SO - AMSTER","og_description":"Negro de humo semireforzante conforme al grado est\u00e1ndar FEF N550. Recomendado para aplicaciones donde se necesite un m\u00f3dulo y refuerzo medio adem\u00e1s de buenas caracter\u00edsticas de procesamiento. Usado particularmente para la carcasa de neum\u00e1ticos de autos de pasajeros adem\u00e1s de mangueras, limpiaparabrisas, perfiles extru\u00eddos, sellos, productos moldeados, entre otros.","og_url":"https:\/\/amster.cl\/en\/shop\/sterling-so\/","og_site_name":"AMSTER","twitter_card":"summary_large_image","schema":{"@context":"https:\/\/schema.org","@graph":[{"@type":"WebPage","@id":"https:\/\/amster.cl\/shop\/sterling-so\/","url":"https:\/\/amster.cl\/shop\/sterling-so\/","name":"Sterling\u00ae SO - AMSTER","isPartOf":{"@id":"https:\/\/amster.cl\/#website"},"datePublished":"2022-06-30T07:57:21+00:00","breadcrumb":{"@id":"https:\/\/amster.cl\/shop\/sterling-so\/#breadcrumb"},"inLanguage":"en-US","potentialAction":[{"@type":"ReadAction","target":["https:\/\/amster.cl\/shop\/sterling-so\/"]}]},{"@type":"BreadcrumbList","@id":"https:\/\/amster.cl\/shop\/sterling-so\/#breadcrumb","itemListElement":[{"@type":"ListItem","position":1,"name":"Portada","item":"https:\/\/amster.cl\/"},{"@type":"ListItem","position":2,"name":"Tienda","item":"https:\/\/amster.cl\/tienda\/"},{"@type":"ListItem","position":3,"name":"Sterling\u00ae SO"}]},{"@type":"WebSite","@id":"https:\/\/amster.cl\/#website","url":"https:\/\/amster.cl\/","name":"AMSTER","description":"Proveedor de materias primas para la industria chilena","potentialAction":[{"@type":"SearchAction","target":{"@type":"EntryPoint","urlTemplate":"https:\/\/amster.cl\/?s={search_term_string}"},"query-input":{"@type":"PropertyValueSpecification","valueRequired":true,"valueName":"search_term_string"}}],"inLanguage":"en-US"}]}},"brands":[{"id":573,"name":"Cabot Corporation","slug":"cabot-corporation"}],"_links":{"self":[{"href":"https:\/\/amster.cl\/en\/wp-json\/wp\/v2\/product\/3167","targetHints":{"allow":["GET"]}}],"collection":[{"href":"https:\/\/amster.cl\/en\/wp-json\/wp\/v2\/product"}],"about":[{"href":"https:\/\/amster.cl\/en\/wp-json\/wp\/v2\/types\/product"}],"wp:attachment":[{"href":"https:\/\/amster.cl\/en\/wp-json\/wp\/v2\/media?parent=3167"}],"wp:term":[{"taxonomy":"pwb-brand","embeddable":true,"href":"https:\/\/amster.cl\/en\/wp-json\/wp\/v2\/pwb-brand?post=3167"},{"taxonomy":"product_brand","embeddable":true,"href":"https:\/\/amster.cl\/en\/wp-json\/wp\/v2\/product_brand?post=3167"},{"taxonomy":"product_cat","embeddable":true,"href":"https:\/\/amster.cl\/en\/wp-json\/wp\/v2\/product_cat?post=3167"},{"taxonomy":"product_tag","embeddable":true,"href":"https:\/\/amster.cl\/en\/wp-json\/wp\/v2\/product_tag?post=3167"}],"curies":[{"name":"wp","href":"https:\/\/api.w.org\/{rel}","templated":true}]}}