{"id":3169,"date":"2022-06-30T03:57:21","date_gmt":"2022-06-30T07:57:21","guid":{"rendered":"http:\/\/192.46.216.108\/~amster\/producto\/sterling-v-2\/"},"modified":"2022-06-30T03:57:21","modified_gmt":"2022-06-30T07:57:21","slug":"sterling-v-2","status":"publish","type":"product","link":"https:\/\/amster.cl\/en\/shop\/sterling-v-2\/","title":{"rendered":"Sterling\u00ae V"},"content":{"rendered":"","protected":false},"excerpt":{"rendered":"<p>Semi-reinforcing carbon black according to GPF N660 standard grade. It has a colloidal structure that imparts moderate reinforcement, low hysteresis to rubber compounds, good mechanical properties, low heat generation, good elasticity and processing. It has no significant effect on the viscosity of the compound and allows high charge contents. Recommended for interior linings, sides, composed of layers, tread and tire tubes.<\/p>","protected":false},"featured_media":0,"template":"","meta":[],"pwb-brand":[573],"product_brand":[],"product_cat":[568,516,674],"product_tag":[],"class_list":{"0":"post-3169","1":"product","2":"type-product","3":"status-publish","5":"pwb-brand-cabot-corporation","6":"product_cat-cargas-caucho","7":"product_cat-caucho","8":"product_cat-negro-de-humo-cargas-caucho","10":"first","11":"instock","12":"shipping-taxable","13":"product-type-simple","14":"prodpage-classic"},"yoast_head":"<!-- This site is optimized with the Yoast SEO plugin v27.4 - https:\/\/yoast.com\/product\/yoast-seo-wordpress\/ -->\n<title>Sterling\u00ae V - AMSTER<\/title>\n<meta name=\"robots\" content=\"index, follow, max-snippet:-1, max-image-preview:large, max-video-preview:-1\" \/>\n<link rel=\"canonical\" href=\"https:\/\/amster.cl\/en\/shop\/sterling-v-2\/\" \/>\n<meta property=\"og:locale\" content=\"en_US\" \/>\n<meta property=\"og:type\" content=\"article\" \/>\n<meta property=\"og:title\" content=\"Sterling\u00ae V - AMSTER\" \/>\n<meta property=\"og:description\" content=\"Negro de humo semireforzante conforme al grado est\u00e1ndar GPF N660. Posee estructura coloidal que imparte refuerzo moderado, baja hist\u00e9resis a los compuestos de caucho, buenas propiedades mec\u00e1nicas, baja generaci\u00f3n de calor, buena elasticidad y procesamiento. No tiene efecto significativo en la viscosidad del compuesto y permite altos contenidos de carga. Recomendado para revestimientos interiores, laterales, compuesto de capas, banda de rodadura y c\u00e1maras de neum\u00e1ticos.\" \/>\n<meta property=\"og:url\" content=\"https:\/\/amster.cl\/en\/shop\/sterling-v-2\/\" \/>\n<meta property=\"og:site_name\" content=\"AMSTER\" \/>\n<meta name=\"twitter:card\" content=\"summary_large_image\" \/>\n<script type=\"application\/ld+json\" class=\"yoast-schema-graph\">{\"@context\":\"https:\\\/\\\/schema.org\",\"@graph\":[{\"@type\":\"WebPage\",\"@id\":\"https:\\\/\\\/amster.cl\\\/shop\\\/sterling-v-2\\\/\",\"url\":\"https:\\\/\\\/amster.cl\\\/shop\\\/sterling-v-2\\\/\",\"name\":\"Sterling\u00ae V - AMSTER\",\"isPartOf\":{\"@id\":\"https:\\\/\\\/amster.cl\\\/#website\"},\"datePublished\":\"2022-06-30T07:57:21+00:00\",\"breadcrumb\":{\"@id\":\"https:\\\/\\\/amster.cl\\\/shop\\\/sterling-v-2\\\/#breadcrumb\"},\"inLanguage\":\"en-US\",\"potentialAction\":[{\"@type\":\"ReadAction\",\"target\":[\"https:\\\/\\\/amster.cl\\\/shop\\\/sterling-v-2\\\/\"]}]},{\"@type\":\"BreadcrumbList\",\"@id\":\"https:\\\/\\\/amster.cl\\\/shop\\\/sterling-v-2\\\/#breadcrumb\",\"itemListElement\":[{\"@type\":\"ListItem\",\"position\":1,\"name\":\"Portada\",\"item\":\"https:\\\/\\\/amster.cl\\\/\"},{\"@type\":\"ListItem\",\"position\":2,\"name\":\"Tienda\",\"item\":\"https:\\\/\\\/amster.cl\\\/tienda\\\/\"},{\"@type\":\"ListItem\",\"position\":3,\"name\":\"Sterling\u00ae V\"}]},{\"@type\":\"WebSite\",\"@id\":\"https:\\\/\\\/amster.cl\\\/#website\",\"url\":\"https:\\\/\\\/amster.cl\\\/\",\"name\":\"AMSTER\",\"description\":\"Proveedor de materias primas para la industria chilena\",\"potentialAction\":[{\"@type\":\"SearchAction\",\"target\":{\"@type\":\"EntryPoint\",\"urlTemplate\":\"https:\\\/\\\/amster.cl\\\/?s={search_term_string}\"},\"query-input\":{\"@type\":\"PropertyValueSpecification\",\"valueRequired\":true,\"valueName\":\"search_term_string\"}}],\"inLanguage\":\"en-US\"}]}<\/script>\n<!-- \/ Yoast SEO plugin. -->","yoast_head_json":{"title":"Sterling\u00ae V - AMSTER","robots":{"index":"index","follow":"follow","max-snippet":"max-snippet:-1","max-image-preview":"max-image-preview:large","max-video-preview":"max-video-preview:-1"},"canonical":"https:\/\/amster.cl\/en\/shop\/sterling-v-2\/","og_locale":"en_US","og_type":"article","og_title":"Sterling\u00ae V - AMSTER","og_description":"Negro de humo semireforzante conforme al grado est\u00e1ndar GPF N660. Posee estructura coloidal que imparte refuerzo moderado, baja hist\u00e9resis a los compuestos de caucho, buenas propiedades mec\u00e1nicas, baja generaci\u00f3n de calor, buena elasticidad y procesamiento. No tiene efecto significativo en la viscosidad del compuesto y permite altos contenidos de carga. Recomendado para revestimientos interiores, laterales, compuesto de capas, banda de rodadura y c\u00e1maras de neum\u00e1ticos.","og_url":"https:\/\/amster.cl\/en\/shop\/sterling-v-2\/","og_site_name":"AMSTER","twitter_card":"summary_large_image","schema":{"@context":"https:\/\/schema.org","@graph":[{"@type":"WebPage","@id":"https:\/\/amster.cl\/shop\/sterling-v-2\/","url":"https:\/\/amster.cl\/shop\/sterling-v-2\/","name":"Sterling\u00ae V - AMSTER","isPartOf":{"@id":"https:\/\/amster.cl\/#website"},"datePublished":"2022-06-30T07:57:21+00:00","breadcrumb":{"@id":"https:\/\/amster.cl\/shop\/sterling-v-2\/#breadcrumb"},"inLanguage":"en-US","potentialAction":[{"@type":"ReadAction","target":["https:\/\/amster.cl\/shop\/sterling-v-2\/"]}]},{"@type":"BreadcrumbList","@id":"https:\/\/amster.cl\/shop\/sterling-v-2\/#breadcrumb","itemListElement":[{"@type":"ListItem","position":1,"name":"Portada","item":"https:\/\/amster.cl\/"},{"@type":"ListItem","position":2,"name":"Tienda","item":"https:\/\/amster.cl\/tienda\/"},{"@type":"ListItem","position":3,"name":"Sterling\u00ae V"}]},{"@type":"WebSite","@id":"https:\/\/amster.cl\/#website","url":"https:\/\/amster.cl\/","name":"AMSTER","description":"Proveedor de materias primas para la industria chilena","potentialAction":[{"@type":"SearchAction","target":{"@type":"EntryPoint","urlTemplate":"https:\/\/amster.cl\/?s={search_term_string}"},"query-input":{"@type":"PropertyValueSpecification","valueRequired":true,"valueName":"search_term_string"}}],"inLanguage":"en-US"}]}},"brands":[{"id":573,"name":"Cabot Corporation","slug":"cabot-corporation"}],"_links":{"self":[{"href":"https:\/\/amster.cl\/en\/wp-json\/wp\/v2\/product\/3169","targetHints":{"allow":["GET"]}}],"collection":[{"href":"https:\/\/amster.cl\/en\/wp-json\/wp\/v2\/product"}],"about":[{"href":"https:\/\/amster.cl\/en\/wp-json\/wp\/v2\/types\/product"}],"wp:attachment":[{"href":"https:\/\/amster.cl\/en\/wp-json\/wp\/v2\/media?parent=3169"}],"wp:term":[{"taxonomy":"pwb-brand","embeddable":true,"href":"https:\/\/amster.cl\/en\/wp-json\/wp\/v2\/pwb-brand?post=3169"},{"taxonomy":"product_brand","embeddable":true,"href":"https:\/\/amster.cl\/en\/wp-json\/wp\/v2\/product_brand?post=3169"},{"taxonomy":"product_cat","embeddable":true,"href":"https:\/\/amster.cl\/en\/wp-json\/wp\/v2\/product_cat?post=3169"},{"taxonomy":"product_tag","embeddable":true,"href":"https:\/\/amster.cl\/en\/wp-json\/wp\/v2\/product_tag?post=3169"}],"curies":[{"name":"wp","href":"https:\/\/api.w.org\/{rel}","templated":true}]}}