{"id":3170,"date":"2022-06-30T03:57:21","date_gmt":"2022-06-30T07:57:21","guid":{"rendered":"http:\/\/192.46.216.108\/~amster\/producto\/struktol-40-ms\/"},"modified":"2022-06-30T03:57:21","modified_gmt":"2022-06-30T07:57:21","slug":"struktol-40-ms","status":"publish","type":"product","link":"https:\/\/amster.cl\/en\/shop\/struktol-40-ms\/","title":{"rendered":"Struktol\u00ae 40 MS"},"content":{"rendered":"","protected":false},"excerpt":{"rendered":"<p>Complex mixture of aromatic and aliphatic resins that improves the homogeneity of elastomeres of different polarity and viscosity. Easily absorbable during mixing, reduces the viscosity of the compound, the tendency to bagging, increases the extrusion speed without increasing swelling in the head, also improves calendering properties. It also has good solubility in aromatic and chlorinated oils, increases green tactocity, does not harden during vulcanization and does not reduce the hardness of the compound. It is not recommended for clear compounds and can stain under certain conditions.<\/p>","protected":false},"featured_media":0,"template":"","meta":[],"pwb-brand":[677],"product_brand":[],"product_cat":[521,516,675],"product_tag":[],"class_list":{"0":"post-3170","1":"product","2":"type-product","3":"status-publish","5":"pwb-brand-struktol","6":"product_cat-aditivos-caucho","7":"product_cat-caucho","8":"product_cat-ayudantes-de-proceso-homogeneizantes","10":"first","11":"instock","12":"shipping-taxable","13":"product-type-simple","14":"prodpage-classic"},"yoast_head":"<!-- This site is optimized with the Yoast SEO plugin v27.4 - https:\/\/yoast.com\/product\/yoast-seo-wordpress\/ -->\n<title>Struktol\u00ae 40 MS - AMSTER<\/title>\n<meta name=\"robots\" content=\"index, follow, max-snippet:-1, max-image-preview:large, max-video-preview:-1\" \/>\n<link rel=\"canonical\" href=\"https:\/\/amster.cl\/en\/shop\/struktol-40-ms\/\" \/>\n<meta property=\"og:locale\" content=\"en_US\" \/>\n<meta property=\"og:type\" content=\"article\" \/>\n<meta property=\"og:title\" content=\"Struktol\u00ae 40 MS - AMSTER\" \/>\n<meta property=\"og:description\" content=\"Mezcla compleja de resinas arom\u00e1ticas y alif\u00e1ticas que mejora la homogeneidad de los elastom\u00e9ros de diferente polaridad y viscosidad. F\u00e1cilmente absorbible durante el mezclado, reduce la viscosidad del compuesto, la tendencia al embolsado, aumenta la velocidad de extrusi\u00f3n sin aumentar el hinchamiento en el cabezal, mejora adem\u00e1s las propiedades de calandrado. Tambi\u00e9n tiene buena solubilidad en aceites arom\u00e1ticos y clorados, aumenta la tactocidad en verde, no se endurece durante la vulcanizaci\u00f3n y no reduce la dureza del compuesto. No se recomienda para compuestos claros y puede manchar bajo ciertas condiciones.\" \/>\n<meta property=\"og:url\" content=\"https:\/\/amster.cl\/en\/shop\/struktol-40-ms\/\" \/>\n<meta property=\"og:site_name\" content=\"AMSTER\" \/>\n<meta name=\"twitter:card\" content=\"summary_large_image\" \/>\n<script type=\"application\/ld+json\" class=\"yoast-schema-graph\">{\"@context\":\"https:\\\/\\\/schema.org\",\"@graph\":[{\"@type\":\"WebPage\",\"@id\":\"https:\\\/\\\/amster.cl\\\/shop\\\/struktol-40-ms\\\/\",\"url\":\"https:\\\/\\\/amster.cl\\\/shop\\\/struktol-40-ms\\\/\",\"name\":\"Struktol\u00ae 40 MS - AMSTER\",\"isPartOf\":{\"@id\":\"https:\\\/\\\/amster.cl\\\/#website\"},\"datePublished\":\"2022-06-30T07:57:21+00:00\",\"breadcrumb\":{\"@id\":\"https:\\\/\\\/amster.cl\\\/shop\\\/struktol-40-ms\\\/#breadcrumb\"},\"inLanguage\":\"en-US\",\"potentialAction\":[{\"@type\":\"ReadAction\",\"target\":[\"https:\\\/\\\/amster.cl\\\/shop\\\/struktol-40-ms\\\/\"]}]},{\"@type\":\"BreadcrumbList\",\"@id\":\"https:\\\/\\\/amster.cl\\\/shop\\\/struktol-40-ms\\\/#breadcrumb\",\"itemListElement\":[{\"@type\":\"ListItem\",\"position\":1,\"name\":\"Portada\",\"item\":\"https:\\\/\\\/amster.cl\\\/\"},{\"@type\":\"ListItem\",\"position\":2,\"name\":\"Tienda\",\"item\":\"https:\\\/\\\/amster.cl\\\/tienda\\\/\"},{\"@type\":\"ListItem\",\"position\":3,\"name\":\"Struktol\u00ae 40 MS\"}]},{\"@type\":\"WebSite\",\"@id\":\"https:\\\/\\\/amster.cl\\\/#website\",\"url\":\"https:\\\/\\\/amster.cl\\\/\",\"name\":\"AMSTER\",\"description\":\"Proveedor de materias primas para la industria chilena\",\"potentialAction\":[{\"@type\":\"SearchAction\",\"target\":{\"@type\":\"EntryPoint\",\"urlTemplate\":\"https:\\\/\\\/amster.cl\\\/?s={search_term_string}\"},\"query-input\":{\"@type\":\"PropertyValueSpecification\",\"valueRequired\":true,\"valueName\":\"search_term_string\"}}],\"inLanguage\":\"en-US\"}]}<\/script>\n<!-- \/ Yoast SEO plugin. -->","yoast_head_json":{"title":"Struktol\u00ae 40 MS - AMSTER","robots":{"index":"index","follow":"follow","max-snippet":"max-snippet:-1","max-image-preview":"max-image-preview:large","max-video-preview":"max-video-preview:-1"},"canonical":"https:\/\/amster.cl\/en\/shop\/struktol-40-ms\/","og_locale":"en_US","og_type":"article","og_title":"Struktol\u00ae 40 MS - AMSTER","og_description":"Mezcla compleja de resinas arom\u00e1ticas y alif\u00e1ticas que mejora la homogeneidad de los elastom\u00e9ros de diferente polaridad y viscosidad. F\u00e1cilmente absorbible durante el mezclado, reduce la viscosidad del compuesto, la tendencia al embolsado, aumenta la velocidad de extrusi\u00f3n sin aumentar el hinchamiento en el cabezal, mejora adem\u00e1s las propiedades de calandrado. Tambi\u00e9n tiene buena solubilidad en aceites arom\u00e1ticos y clorados, aumenta la tactocidad en verde, no se endurece durante la vulcanizaci\u00f3n y no reduce la dureza del compuesto. No se recomienda para compuestos claros y puede manchar bajo ciertas condiciones.","og_url":"https:\/\/amster.cl\/en\/shop\/struktol-40-ms\/","og_site_name":"AMSTER","twitter_card":"summary_large_image","schema":{"@context":"https:\/\/schema.org","@graph":[{"@type":"WebPage","@id":"https:\/\/amster.cl\/shop\/struktol-40-ms\/","url":"https:\/\/amster.cl\/shop\/struktol-40-ms\/","name":"Struktol\u00ae 40 MS - AMSTER","isPartOf":{"@id":"https:\/\/amster.cl\/#website"},"datePublished":"2022-06-30T07:57:21+00:00","breadcrumb":{"@id":"https:\/\/amster.cl\/shop\/struktol-40-ms\/#breadcrumb"},"inLanguage":"en-US","potentialAction":[{"@type":"ReadAction","target":["https:\/\/amster.cl\/shop\/struktol-40-ms\/"]}]},{"@type":"BreadcrumbList","@id":"https:\/\/amster.cl\/shop\/struktol-40-ms\/#breadcrumb","itemListElement":[{"@type":"ListItem","position":1,"name":"Portada","item":"https:\/\/amster.cl\/"},{"@type":"ListItem","position":2,"name":"Tienda","item":"https:\/\/amster.cl\/tienda\/"},{"@type":"ListItem","position":3,"name":"Struktol\u00ae 40 MS"}]},{"@type":"WebSite","@id":"https:\/\/amster.cl\/#website","url":"https:\/\/amster.cl\/","name":"AMSTER","description":"Proveedor de materias primas para la industria chilena","potentialAction":[{"@type":"SearchAction","target":{"@type":"EntryPoint","urlTemplate":"https:\/\/amster.cl\/?s={search_term_string}"},"query-input":{"@type":"PropertyValueSpecification","valueRequired":true,"valueName":"search_term_string"}}],"inLanguage":"en-US"}]}},"brands":[{"id":677,"name":"Struktol","slug":"struktol"}],"_links":{"self":[{"href":"https:\/\/amster.cl\/en\/wp-json\/wp\/v2\/product\/3170","targetHints":{"allow":["GET"]}}],"collection":[{"href":"https:\/\/amster.cl\/en\/wp-json\/wp\/v2\/product"}],"about":[{"href":"https:\/\/amster.cl\/en\/wp-json\/wp\/v2\/types\/product"}],"wp:attachment":[{"href":"https:\/\/amster.cl\/en\/wp-json\/wp\/v2\/media?parent=3170"}],"wp:term":[{"taxonomy":"pwb-brand","embeddable":true,"href":"https:\/\/amster.cl\/en\/wp-json\/wp\/v2\/pwb-brand?post=3170"},{"taxonomy":"product_brand","embeddable":true,"href":"https:\/\/amster.cl\/en\/wp-json\/wp\/v2\/product_brand?post=3170"},{"taxonomy":"product_cat","embeddable":true,"href":"https:\/\/amster.cl\/en\/wp-json\/wp\/v2\/product_cat?post=3170"},{"taxonomy":"product_tag","embeddable":true,"href":"https:\/\/amster.cl\/en\/wp-json\/wp\/v2\/product_tag?post=3170"}],"curies":[{"name":"wp","href":"https:\/\/api.w.org\/{rel}","templated":true}]}}