{"id":3172,"date":"2022-06-30T03:57:22","date_gmt":"2022-06-30T07:57:22","guid":{"rendered":"http:\/\/192.46.216.108\/~amster\/producto\/struktol-a-60\/"},"modified":"2022-06-30T03:57:22","modified_gmt":"2022-06-30T07:57:22","slug":"struktol-a-60","status":"publish","type":"product","link":"https:\/\/amster.cl\/en\/shop\/struktol-a-60\/","title":{"rendered":"Struktol\u00ae A 60"},"content":{"rendered":"","protected":false},"excerpt":{"rendered":"<p>Mixture of zinc soaps of high molecular weight fatty acids that produces a faster physical peptization of natural rubber. It is effective at low temperatures and can be used for chewing in an independent stage but also in a single mixing stage. It favors the incorporation of loads by reducing the mixing time without affecting the hardness of the compound. Due to its high solubility it does not migrate in vulcanized compounds and reduces the use of stearic acid or paraffins.<\/p>","protected":false},"featured_media":0,"template":"","meta":[],"pwb-brand":[677],"product_brand":[],"product_cat":[521,516,678],"product_tag":[],"class_list":{"0":"post-3172","1":"product","2":"type-product","3":"status-publish","5":"pwb-brand-struktol","6":"product_cat-aditivos-caucho","7":"product_cat-caucho","8":"product_cat-ayudantes-de-proceso-peptizantes","10":"first","11":"instock","12":"shipping-taxable","13":"product-type-simple","14":"prodpage-classic"},"yoast_head":"<!-- This site is optimized with the Yoast SEO plugin v27.5 - https:\/\/yoast.com\/product\/yoast-seo-wordpress\/ -->\n<title>Struktol\u00ae A 60 - AMSTER<\/title>\n<meta name=\"robots\" content=\"index, follow, max-snippet:-1, max-image-preview:large, max-video-preview:-1\" \/>\n<link rel=\"canonical\" href=\"https:\/\/amster.cl\/en\/shop\/struktol-a-60\/\" \/>\n<meta property=\"og:locale\" content=\"en_US\" \/>\n<meta property=\"og:type\" content=\"article\" \/>\n<meta property=\"og:title\" content=\"Struktol\u00ae A 60 - AMSTER\" \/>\n<meta property=\"og:description\" content=\"Mezcla de jabones de zinc de \u00e1cidos grasos de alto peso molecular que produce una peptizaci\u00f3n f\u00edsica m\u00e1s r\u00e1pida del caucho natural. Es efectivo a bajas temperaturas y puede usarse para la masticaci\u00f3n en una etapa independiente pero tambi\u00e9n en una sola etapa de mezclado. Favorece la incorporaci\u00f3n de cargas disminuyendo el tiempo de mezclado sin afectar la dureza del compuesto. Debido a su alta solubilidad no migra en los compuestos vulcanizados y reduce el uso de \u00e1cido este\u00e1rico o parafinas.\" \/>\n<meta property=\"og:url\" content=\"https:\/\/amster.cl\/en\/shop\/struktol-a-60\/\" \/>\n<meta property=\"og:site_name\" content=\"AMSTER\" \/>\n<meta name=\"twitter:card\" content=\"summary_large_image\" \/>\n<script type=\"application\/ld+json\" class=\"yoast-schema-graph\">{\"@context\":\"https:\\\/\\\/schema.org\",\"@graph\":[{\"@type\":\"WebPage\",\"@id\":\"https:\\\/\\\/amster.cl\\\/shop\\\/struktol-a-60\\\/\",\"url\":\"https:\\\/\\\/amster.cl\\\/shop\\\/struktol-a-60\\\/\",\"name\":\"Struktol\u00ae A 60 - AMSTER\",\"isPartOf\":{\"@id\":\"https:\\\/\\\/amster.cl\\\/#website\"},\"datePublished\":\"2022-06-30T07:57:22+00:00\",\"breadcrumb\":{\"@id\":\"https:\\\/\\\/amster.cl\\\/shop\\\/struktol-a-60\\\/#breadcrumb\"},\"inLanguage\":\"en-US\",\"potentialAction\":[{\"@type\":\"ReadAction\",\"target\":[\"https:\\\/\\\/amster.cl\\\/shop\\\/struktol-a-60\\\/\"]}]},{\"@type\":\"BreadcrumbList\",\"@id\":\"https:\\\/\\\/amster.cl\\\/shop\\\/struktol-a-60\\\/#breadcrumb\",\"itemListElement\":[{\"@type\":\"ListItem\",\"position\":1,\"name\":\"Portada\",\"item\":\"https:\\\/\\\/amster.cl\\\/\"},{\"@type\":\"ListItem\",\"position\":2,\"name\":\"Tienda\",\"item\":\"https:\\\/\\\/amster.cl\\\/tienda\\\/\"},{\"@type\":\"ListItem\",\"position\":3,\"name\":\"Struktol\u00ae A 60\"}]},{\"@type\":\"WebSite\",\"@id\":\"https:\\\/\\\/amster.cl\\\/#website\",\"url\":\"https:\\\/\\\/amster.cl\\\/\",\"name\":\"AMSTER\",\"description\":\"Proveedor de materias primas para la industria chilena\",\"potentialAction\":[{\"@type\":\"SearchAction\",\"target\":{\"@type\":\"EntryPoint\",\"urlTemplate\":\"https:\\\/\\\/amster.cl\\\/?s={search_term_string}\"},\"query-input\":{\"@type\":\"PropertyValueSpecification\",\"valueRequired\":true,\"valueName\":\"search_term_string\"}}],\"inLanguage\":\"en-US\"}]}<\/script>\n<!-- \/ Yoast SEO plugin. -->","yoast_head_json":{"title":"Struktol\u00ae A 60 - AMSTER","robots":{"index":"index","follow":"follow","max-snippet":"max-snippet:-1","max-image-preview":"max-image-preview:large","max-video-preview":"max-video-preview:-1"},"canonical":"https:\/\/amster.cl\/en\/shop\/struktol-a-60\/","og_locale":"en_US","og_type":"article","og_title":"Struktol\u00ae A 60 - AMSTER","og_description":"Mezcla de jabones de zinc de \u00e1cidos grasos de alto peso molecular que produce una peptizaci\u00f3n f\u00edsica m\u00e1s r\u00e1pida del caucho natural. Es efectivo a bajas temperaturas y puede usarse para la masticaci\u00f3n en una etapa independiente pero tambi\u00e9n en una sola etapa de mezclado. Favorece la incorporaci\u00f3n de cargas disminuyendo el tiempo de mezclado sin afectar la dureza del compuesto. Debido a su alta solubilidad no migra en los compuestos vulcanizados y reduce el uso de \u00e1cido este\u00e1rico o parafinas.","og_url":"https:\/\/amster.cl\/en\/shop\/struktol-a-60\/","og_site_name":"AMSTER","twitter_card":"summary_large_image","schema":{"@context":"https:\/\/schema.org","@graph":[{"@type":"WebPage","@id":"https:\/\/amster.cl\/shop\/struktol-a-60\/","url":"https:\/\/amster.cl\/shop\/struktol-a-60\/","name":"Struktol\u00ae A 60 - AMSTER","isPartOf":{"@id":"https:\/\/amster.cl\/#website"},"datePublished":"2022-06-30T07:57:22+00:00","breadcrumb":{"@id":"https:\/\/amster.cl\/shop\/struktol-a-60\/#breadcrumb"},"inLanguage":"en-US","potentialAction":[{"@type":"ReadAction","target":["https:\/\/amster.cl\/shop\/struktol-a-60\/"]}]},{"@type":"BreadcrumbList","@id":"https:\/\/amster.cl\/shop\/struktol-a-60\/#breadcrumb","itemListElement":[{"@type":"ListItem","position":1,"name":"Portada","item":"https:\/\/amster.cl\/"},{"@type":"ListItem","position":2,"name":"Tienda","item":"https:\/\/amster.cl\/tienda\/"},{"@type":"ListItem","position":3,"name":"Struktol\u00ae A 60"}]},{"@type":"WebSite","@id":"https:\/\/amster.cl\/#website","url":"https:\/\/amster.cl\/","name":"AMSTER","description":"Proveedor de materias primas para la industria chilena","potentialAction":[{"@type":"SearchAction","target":{"@type":"EntryPoint","urlTemplate":"https:\/\/amster.cl\/?s={search_term_string}"},"query-input":{"@type":"PropertyValueSpecification","valueRequired":true,"valueName":"search_term_string"}}],"inLanguage":"en-US"}]}},"brands":[{"id":677,"name":"Struktol","slug":"struktol"}],"_links":{"self":[{"href":"https:\/\/amster.cl\/en\/wp-json\/wp\/v2\/product\/3172","targetHints":{"allow":["GET"]}}],"collection":[{"href":"https:\/\/amster.cl\/en\/wp-json\/wp\/v2\/product"}],"about":[{"href":"https:\/\/amster.cl\/en\/wp-json\/wp\/v2\/types\/product"}],"wp:attachment":[{"href":"https:\/\/amster.cl\/en\/wp-json\/wp\/v2\/media?parent=3172"}],"wp:term":[{"taxonomy":"pwb-brand","embeddable":true,"href":"https:\/\/amster.cl\/en\/wp-json\/wp\/v2\/pwb-brand?post=3172"},{"taxonomy":"product_brand","embeddable":true,"href":"https:\/\/amster.cl\/en\/wp-json\/wp\/v2\/product_brand?post=3172"},{"taxonomy":"product_cat","embeddable":true,"href":"https:\/\/amster.cl\/en\/wp-json\/wp\/v2\/product_cat?post=3172"},{"taxonomy":"product_tag","embeddable":true,"href":"https:\/\/amster.cl\/en\/wp-json\/wp\/v2\/product_tag?post=3172"}],"curies":[{"name":"wp","href":"https:\/\/api.w.org\/{rel}","templated":true}]}}