{"id":3176,"date":"2022-06-30T03:57:23","date_gmt":"2022-06-30T07:57:23","guid":{"rendered":"http:\/\/192.46.216.108\/~amster\/producto\/struktol-aktivator-73a\/"},"modified":"2022-06-30T03:57:23","modified_gmt":"2022-06-30T07:57:23","slug":"struktol-aktivator-73a","status":"publish","type":"product","link":"https:\/\/amster.cl\/en\/shop\/struktol-aktivator-73a\/","title":{"rendered":"Struktol\u00ae Aktivator 73A"},"content":{"rendered":"","protected":false},"excerpt":{"rendered":"<p>Mixture of zinc salts of aromatic and aliphatic carboxylic acids formulated to activate sulfur vulcanization of diene rubbers, especially natural rubber and that can partially or totally replace conventional activators based on fatty acids such as stearic acid, zinc stearate and zinc-2-ethylhexanoate. It prolongs the reversal time, increases the module, decreases heat generation due to dynamic loads, reduces the compression set at high temperatures, improves properties at high curing temperatures and reduces viscosity in the high shear range. It can also be used as a natural rubber peptizant that improves mixing, extrusion and molding.<\/p>","protected":false},"featured_media":0,"template":"","meta":[],"pwb-brand":[677],"product_brand":[],"product_cat":[546,521,516],"product_tag":[],"class_list":{"0":"post-3176","1":"product","2":"type-product","3":"status-publish","5":"pwb-brand-struktol","6":"product_cat-activadores-de-vulcanizacion","7":"product_cat-aditivos-caucho","8":"product_cat-caucho","10":"first","11":"instock","12":"shipping-taxable","13":"product-type-simple","14":"prodpage-classic"},"yoast_head":"<!-- This site is optimized with the Yoast SEO plugin v27.4 - https:\/\/yoast.com\/product\/yoast-seo-wordpress\/ -->\n<title>Struktol\u00ae Aktivator 73A - AMSTER<\/title>\n<meta name=\"robots\" content=\"index, follow, max-snippet:-1, max-image-preview:large, max-video-preview:-1\" \/>\n<link rel=\"canonical\" href=\"https:\/\/amster.cl\/en\/shop\/struktol-aktivator-73a\/\" \/>\n<meta property=\"og:locale\" content=\"en_US\" \/>\n<meta property=\"og:type\" content=\"article\" \/>\n<meta property=\"og:title\" content=\"Struktol\u00ae Aktivator 73A - AMSTER\" \/>\n<meta property=\"og:description\" content=\"Mezcla de sales de zinc de \u00e1cidos carbox\u00edlicos arom\u00e1ticos y alif\u00e1ticos formuladas para activar la vulcanizaci\u00f3n con azufre de cauchos de dieno, especialmente caucho natural y que puede reemplazar parcial o totalmente los activadores convencionales basados en \u00e1cidos grasos como \u00e1cido este\u00e1rico, estearato de zinc y zinc-2-etilhexanoate. Prolonga el tiempo de reversi\u00f3n, aumenta el m\u00f3dulo, disminuye la generaci\u00f3n de calor debido a cargas din\u00e1micas, reduce el compression set a elevadas temperaturas, mejora las propiedades a temperaturas de curado altas y reduce la viscosidad en el intervalo de alta cizalladura. Puede adem\u00e1s ser usado como peptizante de caucho natural que mejora el mezclado, la extrusi\u00f3n y el moldeo.\" \/>\n<meta property=\"og:url\" content=\"https:\/\/amster.cl\/en\/shop\/struktol-aktivator-73a\/\" \/>\n<meta property=\"og:site_name\" content=\"AMSTER\" \/>\n<meta name=\"twitter:card\" content=\"summary_large_image\" \/>\n<script type=\"application\/ld+json\" class=\"yoast-schema-graph\">{\"@context\":\"https:\\\/\\\/schema.org\",\"@graph\":[{\"@type\":\"WebPage\",\"@id\":\"https:\\\/\\\/amster.cl\\\/shop\\\/struktol-aktivator-73a\\\/\",\"url\":\"https:\\\/\\\/amster.cl\\\/shop\\\/struktol-aktivator-73a\\\/\",\"name\":\"Struktol\u00ae Aktivator 73A - AMSTER\",\"isPartOf\":{\"@id\":\"https:\\\/\\\/amster.cl\\\/#website\"},\"datePublished\":\"2022-06-30T07:57:23+00:00\",\"breadcrumb\":{\"@id\":\"https:\\\/\\\/amster.cl\\\/shop\\\/struktol-aktivator-73a\\\/#breadcrumb\"},\"inLanguage\":\"en-US\",\"potentialAction\":[{\"@type\":\"ReadAction\",\"target\":[\"https:\\\/\\\/amster.cl\\\/shop\\\/struktol-aktivator-73a\\\/\"]}]},{\"@type\":\"BreadcrumbList\",\"@id\":\"https:\\\/\\\/amster.cl\\\/shop\\\/struktol-aktivator-73a\\\/#breadcrumb\",\"itemListElement\":[{\"@type\":\"ListItem\",\"position\":1,\"name\":\"Portada\",\"item\":\"https:\\\/\\\/amster.cl\\\/\"},{\"@type\":\"ListItem\",\"position\":2,\"name\":\"Tienda\",\"item\":\"https:\\\/\\\/amster.cl\\\/tienda\\\/\"},{\"@type\":\"ListItem\",\"position\":3,\"name\":\"Struktol\u00ae Aktivator 73A\"}]},{\"@type\":\"WebSite\",\"@id\":\"https:\\\/\\\/amster.cl\\\/#website\",\"url\":\"https:\\\/\\\/amster.cl\\\/\",\"name\":\"AMSTER\",\"description\":\"Proveedor de materias primas para la industria chilena\",\"potentialAction\":[{\"@type\":\"SearchAction\",\"target\":{\"@type\":\"EntryPoint\",\"urlTemplate\":\"https:\\\/\\\/amster.cl\\\/?s={search_term_string}\"},\"query-input\":{\"@type\":\"PropertyValueSpecification\",\"valueRequired\":true,\"valueName\":\"search_term_string\"}}],\"inLanguage\":\"en-US\"}]}<\/script>\n<!-- \/ Yoast SEO plugin. -->","yoast_head_json":{"title":"Struktol\u00ae Aktivator 73A - AMSTER","robots":{"index":"index","follow":"follow","max-snippet":"max-snippet:-1","max-image-preview":"max-image-preview:large","max-video-preview":"max-video-preview:-1"},"canonical":"https:\/\/amster.cl\/en\/shop\/struktol-aktivator-73a\/","og_locale":"en_US","og_type":"article","og_title":"Struktol\u00ae Aktivator 73A - AMSTER","og_description":"Mezcla de sales de zinc de \u00e1cidos carbox\u00edlicos arom\u00e1ticos y alif\u00e1ticos formuladas para activar la vulcanizaci\u00f3n con azufre de cauchos de dieno, especialmente caucho natural y que puede reemplazar parcial o totalmente los activadores convencionales basados en \u00e1cidos grasos como \u00e1cido este\u00e1rico, estearato de zinc y zinc-2-etilhexanoate. Prolonga el tiempo de reversi\u00f3n, aumenta el m\u00f3dulo, disminuye la generaci\u00f3n de calor debido a cargas din\u00e1micas, reduce el compression set a elevadas temperaturas, mejora las propiedades a temperaturas de curado altas y reduce la viscosidad en el intervalo de alta cizalladura. Puede adem\u00e1s ser usado como peptizante de caucho natural que mejora el mezclado, la extrusi\u00f3n y el moldeo.","og_url":"https:\/\/amster.cl\/en\/shop\/struktol-aktivator-73a\/","og_site_name":"AMSTER","twitter_card":"summary_large_image","schema":{"@context":"https:\/\/schema.org","@graph":[{"@type":"WebPage","@id":"https:\/\/amster.cl\/shop\/struktol-aktivator-73a\/","url":"https:\/\/amster.cl\/shop\/struktol-aktivator-73a\/","name":"Struktol\u00ae Aktivator 73A - AMSTER","isPartOf":{"@id":"https:\/\/amster.cl\/#website"},"datePublished":"2022-06-30T07:57:23+00:00","breadcrumb":{"@id":"https:\/\/amster.cl\/shop\/struktol-aktivator-73a\/#breadcrumb"},"inLanguage":"en-US","potentialAction":[{"@type":"ReadAction","target":["https:\/\/amster.cl\/shop\/struktol-aktivator-73a\/"]}]},{"@type":"BreadcrumbList","@id":"https:\/\/amster.cl\/shop\/struktol-aktivator-73a\/#breadcrumb","itemListElement":[{"@type":"ListItem","position":1,"name":"Portada","item":"https:\/\/amster.cl\/"},{"@type":"ListItem","position":2,"name":"Tienda","item":"https:\/\/amster.cl\/tienda\/"},{"@type":"ListItem","position":3,"name":"Struktol\u00ae Aktivator 73A"}]},{"@type":"WebSite","@id":"https:\/\/amster.cl\/#website","url":"https:\/\/amster.cl\/","name":"AMSTER","description":"Proveedor de materias primas para la industria chilena","potentialAction":[{"@type":"SearchAction","target":{"@type":"EntryPoint","urlTemplate":"https:\/\/amster.cl\/?s={search_term_string}"},"query-input":{"@type":"PropertyValueSpecification","valueRequired":true,"valueName":"search_term_string"}}],"inLanguage":"en-US"}]}},"brands":[{"id":677,"name":"Struktol","slug":"struktol"}],"_links":{"self":[{"href":"https:\/\/amster.cl\/en\/wp-json\/wp\/v2\/product\/3176","targetHints":{"allow":["GET"]}}],"collection":[{"href":"https:\/\/amster.cl\/en\/wp-json\/wp\/v2\/product"}],"about":[{"href":"https:\/\/amster.cl\/en\/wp-json\/wp\/v2\/types\/product"}],"wp:attachment":[{"href":"https:\/\/amster.cl\/en\/wp-json\/wp\/v2\/media?parent=3176"}],"wp:term":[{"taxonomy":"pwb-brand","embeddable":true,"href":"https:\/\/amster.cl\/en\/wp-json\/wp\/v2\/pwb-brand?post=3176"},{"taxonomy":"product_brand","embeddable":true,"href":"https:\/\/amster.cl\/en\/wp-json\/wp\/v2\/product_brand?post=3176"},{"taxonomy":"product_cat","embeddable":true,"href":"https:\/\/amster.cl\/en\/wp-json\/wp\/v2\/product_cat?post=3176"},{"taxonomy":"product_tag","embeddable":true,"href":"https:\/\/amster.cl\/en\/wp-json\/wp\/v2\/product_tag?post=3176"}],"curies":[{"name":"wp","href":"https:\/\/api.w.org\/{rel}","templated":true}]}}