{"id":3177,"date":"2022-06-30T03:57:23","date_gmt":"2022-06-30T07:57:23","guid":{"rendered":"http:\/\/192.46.216.108\/~amster\/producto\/struktol-aw-1\/"},"modified":"2022-06-30T03:57:23","modified_gmt":"2022-06-30T07:57:23","slug":"struktol-aw-1","status":"publish","type":"product","link":"https:\/\/amster.cl\/en\/shop\/struktol-aw-1\/","title":{"rendered":"Struktol\u00ae AW 1"},"content":{"rendered":"","protected":false},"excerpt":{"rendered":"<p>Special purpose synthetic ester-based plasticizer used primarily in nitrile rubber-based compounds. It reduces viscosity for easy processing, is also antistatic for NBR, SR and natural rubber compounds with mineral fillers. Incompatible with aliphatic hydrocarbons, oils and fats.<\/p>","protected":false},"featured_media":0,"template":"","meta":[],"pwb-brand":[677],"product_brand":[],"product_cat":[521,679,516],"product_tag":[],"class_list":{"0":"post-3177","1":"product","2":"type-product","3":"status-publish","5":"pwb-brand-struktol","6":"product_cat-aditivos-caucho","7":"product_cat-ayudantes-de-proceso-aditivos-caucho","8":"product_cat-caucho","10":"first","11":"instock","12":"shipping-taxable","13":"product-type-simple","14":"prodpage-classic"},"yoast_head":"<!-- This site is optimized with the Yoast SEO plugin v27.4 - https:\/\/yoast.com\/product\/yoast-seo-wordpress\/ -->\n<title>Struktol\u00ae AW 1 - AMSTER<\/title>\n<meta name=\"robots\" content=\"index, follow, max-snippet:-1, max-image-preview:large, max-video-preview:-1\" \/>\n<link rel=\"canonical\" href=\"https:\/\/amster.cl\/en\/shop\/struktol-aw-1\/\" \/>\n<meta property=\"og:locale\" content=\"en_US\" \/>\n<meta property=\"og:type\" content=\"article\" \/>\n<meta property=\"og:title\" content=\"Struktol\u00ae AW 1 - AMSTER\" \/>\n<meta property=\"og:description\" content=\"Plastificante basado en \u00e9ster sint\u00e9tico de prop\u00f3sito especial usado principalmente en compuestos basados en caucho de nitrilo. Reduce la viscosidad para facilitar el procesamiento, es adem\u00e1s antiest\u00e1tico para compuestos de NBR, SR y caucho natural con cargas minerales. Incompatible con hidrocarburos alif\u00e1ticos, aceites y grasas.\" \/>\n<meta property=\"og:url\" content=\"https:\/\/amster.cl\/en\/shop\/struktol-aw-1\/\" \/>\n<meta property=\"og:site_name\" content=\"AMSTER\" \/>\n<meta name=\"twitter:card\" content=\"summary_large_image\" \/>\n<script type=\"application\/ld+json\" class=\"yoast-schema-graph\">{\"@context\":\"https:\\\/\\\/schema.org\",\"@graph\":[{\"@type\":\"WebPage\",\"@id\":\"https:\\\/\\\/amster.cl\\\/shop\\\/struktol-aw-1\\\/\",\"url\":\"https:\\\/\\\/amster.cl\\\/shop\\\/struktol-aw-1\\\/\",\"name\":\"Struktol\u00ae AW 1 - AMSTER\",\"isPartOf\":{\"@id\":\"https:\\\/\\\/amster.cl\\\/#website\"},\"datePublished\":\"2022-06-30T07:57:23+00:00\",\"breadcrumb\":{\"@id\":\"https:\\\/\\\/amster.cl\\\/shop\\\/struktol-aw-1\\\/#breadcrumb\"},\"inLanguage\":\"en-US\",\"potentialAction\":[{\"@type\":\"ReadAction\",\"target\":[\"https:\\\/\\\/amster.cl\\\/shop\\\/struktol-aw-1\\\/\"]}]},{\"@type\":\"BreadcrumbList\",\"@id\":\"https:\\\/\\\/amster.cl\\\/shop\\\/struktol-aw-1\\\/#breadcrumb\",\"itemListElement\":[{\"@type\":\"ListItem\",\"position\":1,\"name\":\"Portada\",\"item\":\"https:\\\/\\\/amster.cl\\\/\"},{\"@type\":\"ListItem\",\"position\":2,\"name\":\"Tienda\",\"item\":\"https:\\\/\\\/amster.cl\\\/tienda\\\/\"},{\"@type\":\"ListItem\",\"position\":3,\"name\":\"Struktol\u00ae AW 1\"}]},{\"@type\":\"WebSite\",\"@id\":\"https:\\\/\\\/amster.cl\\\/#website\",\"url\":\"https:\\\/\\\/amster.cl\\\/\",\"name\":\"AMSTER\",\"description\":\"Proveedor de materias primas para la industria chilena\",\"potentialAction\":[{\"@type\":\"SearchAction\",\"target\":{\"@type\":\"EntryPoint\",\"urlTemplate\":\"https:\\\/\\\/amster.cl\\\/?s={search_term_string}\"},\"query-input\":{\"@type\":\"PropertyValueSpecification\",\"valueRequired\":true,\"valueName\":\"search_term_string\"}}],\"inLanguage\":\"en-US\"}]}<\/script>\n<!-- \/ Yoast SEO plugin. -->","yoast_head_json":{"title":"Struktol\u00ae AW 1 - AMSTER","robots":{"index":"index","follow":"follow","max-snippet":"max-snippet:-1","max-image-preview":"max-image-preview:large","max-video-preview":"max-video-preview:-1"},"canonical":"https:\/\/amster.cl\/en\/shop\/struktol-aw-1\/","og_locale":"en_US","og_type":"article","og_title":"Struktol\u00ae AW 1 - AMSTER","og_description":"Plastificante basado en \u00e9ster sint\u00e9tico de prop\u00f3sito especial usado principalmente en compuestos basados en caucho de nitrilo. Reduce la viscosidad para facilitar el procesamiento, es adem\u00e1s antiest\u00e1tico para compuestos de NBR, SR y caucho natural con cargas minerales. Incompatible con hidrocarburos alif\u00e1ticos, aceites y grasas.","og_url":"https:\/\/amster.cl\/en\/shop\/struktol-aw-1\/","og_site_name":"AMSTER","twitter_card":"summary_large_image","schema":{"@context":"https:\/\/schema.org","@graph":[{"@type":"WebPage","@id":"https:\/\/amster.cl\/shop\/struktol-aw-1\/","url":"https:\/\/amster.cl\/shop\/struktol-aw-1\/","name":"Struktol\u00ae AW 1 - AMSTER","isPartOf":{"@id":"https:\/\/amster.cl\/#website"},"datePublished":"2022-06-30T07:57:23+00:00","breadcrumb":{"@id":"https:\/\/amster.cl\/shop\/struktol-aw-1\/#breadcrumb"},"inLanguage":"en-US","potentialAction":[{"@type":"ReadAction","target":["https:\/\/amster.cl\/shop\/struktol-aw-1\/"]}]},{"@type":"BreadcrumbList","@id":"https:\/\/amster.cl\/shop\/struktol-aw-1\/#breadcrumb","itemListElement":[{"@type":"ListItem","position":1,"name":"Portada","item":"https:\/\/amster.cl\/"},{"@type":"ListItem","position":2,"name":"Tienda","item":"https:\/\/amster.cl\/tienda\/"},{"@type":"ListItem","position":3,"name":"Struktol\u00ae AW 1"}]},{"@type":"WebSite","@id":"https:\/\/amster.cl\/#website","url":"https:\/\/amster.cl\/","name":"AMSTER","description":"Proveedor de materias primas para la industria chilena","potentialAction":[{"@type":"SearchAction","target":{"@type":"EntryPoint","urlTemplate":"https:\/\/amster.cl\/?s={search_term_string}"},"query-input":{"@type":"PropertyValueSpecification","valueRequired":true,"valueName":"search_term_string"}}],"inLanguage":"en-US"}]}},"brands":[{"id":677,"name":"Struktol","slug":"struktol"}],"_links":{"self":[{"href":"https:\/\/amster.cl\/en\/wp-json\/wp\/v2\/product\/3177","targetHints":{"allow":["GET"]}}],"collection":[{"href":"https:\/\/amster.cl\/en\/wp-json\/wp\/v2\/product"}],"about":[{"href":"https:\/\/amster.cl\/en\/wp-json\/wp\/v2\/types\/product"}],"wp:attachment":[{"href":"https:\/\/amster.cl\/en\/wp-json\/wp\/v2\/media?parent=3177"}],"wp:term":[{"taxonomy":"pwb-brand","embeddable":true,"href":"https:\/\/amster.cl\/en\/wp-json\/wp\/v2\/pwb-brand?post=3177"},{"taxonomy":"product_brand","embeddable":true,"href":"https:\/\/amster.cl\/en\/wp-json\/wp\/v2\/product_brand?post=3177"},{"taxonomy":"product_cat","embeddable":true,"href":"https:\/\/amster.cl\/en\/wp-json\/wp\/v2\/product_cat?post=3177"},{"taxonomy":"product_tag","embeddable":true,"href":"https:\/\/amster.cl\/en\/wp-json\/wp\/v2\/product_tag?post=3177"}],"curies":[{"name":"wp","href":"https:\/\/api.w.org\/{rel}","templated":true}]}}