{"id":3178,"date":"2022-06-30T03:57:23","date_gmt":"2022-06-30T07:57:23","guid":{"rendered":"http:\/\/192.46.216.108\/~amster\/producto\/struktol-ef-44-a\/"},"modified":"2022-06-30T03:57:23","modified_gmt":"2022-06-30T07:57:23","slug":"struktol-ef-44-a","status":"publish","type":"product","link":"https:\/\/amster.cl\/en\/shop\/struktol-ef-44-a\/","title":{"rendered":"Struktol\u00ae EF 44 A"},"content":{"rendered":"","protected":false},"excerpt":{"rendered":"<p>Blend of fatty acid derivatives, predominantly zinc soaps that enhances the processing of natural rubber, SBR and EPDM. Recommended especially for extruded compounds but can be used in transfer molding and injection molding. It improves the dispersion of charges, especially mineral fillers and has a positive influence on batch-to-batch uniformity. It can also act as an activator and allows the reduction of the amount of stearic acid.<\/p>","protected":false},"featured_media":0,"template":"","meta":[],"pwb-brand":[677],"product_brand":[],"product_cat":[521,679,516],"product_tag":[],"class_list":{"0":"post-3178","1":"product","2":"type-product","3":"status-publish","5":"pwb-brand-struktol","6":"product_cat-aditivos-caucho","7":"product_cat-ayudantes-de-proceso-aditivos-caucho","8":"product_cat-caucho","10":"first","11":"instock","12":"shipping-taxable","13":"product-type-simple","14":"prodpage-classic"},"yoast_head":"<!-- This site is optimized with the Yoast SEO plugin v27.4 - https:\/\/yoast.com\/product\/yoast-seo-wordpress\/ -->\n<title>Struktol\u00ae EF 44 A - AMSTER<\/title>\n<meta name=\"robots\" content=\"index, follow, max-snippet:-1, max-image-preview:large, max-video-preview:-1\" \/>\n<link rel=\"canonical\" href=\"https:\/\/amster.cl\/en\/shop\/struktol-ef-44-a\/\" \/>\n<meta property=\"og:locale\" content=\"en_US\" \/>\n<meta property=\"og:type\" content=\"article\" \/>\n<meta property=\"og:title\" content=\"Struktol\u00ae EF 44 A - AMSTER\" \/>\n<meta property=\"og:description\" content=\"Mezcla de derivados de \u00e1cidos grasos, predominantemente jabones de zinc que mejora el procesamiento de caucho natural, SBR y EPDM. Recomendado especialmente para compuestos extru\u00eddos pero puede ser usado en moldeo por transferencia y moldeo por inyecci\u00f3n. Mejora la dispersi\u00f3n de cargas, especialmente cargas minerales y tiene una influencia positiva en la uniformidad lote a lote. Puede adem\u00e1s actuar como activador y permite la reducci\u00f3n de la cantidad de \u00e1cido este\u00e1rico.\" \/>\n<meta property=\"og:url\" content=\"https:\/\/amster.cl\/en\/shop\/struktol-ef-44-a\/\" \/>\n<meta property=\"og:site_name\" content=\"AMSTER\" \/>\n<meta name=\"twitter:card\" content=\"summary_large_image\" \/>\n<script type=\"application\/ld+json\" class=\"yoast-schema-graph\">{\"@context\":\"https:\\\/\\\/schema.org\",\"@graph\":[{\"@type\":\"WebPage\",\"@id\":\"https:\\\/\\\/amster.cl\\\/shop\\\/struktol-ef-44-a\\\/\",\"url\":\"https:\\\/\\\/amster.cl\\\/shop\\\/struktol-ef-44-a\\\/\",\"name\":\"Struktol\u00ae EF 44 A - AMSTER\",\"isPartOf\":{\"@id\":\"https:\\\/\\\/amster.cl\\\/#website\"},\"datePublished\":\"2022-06-30T07:57:23+00:00\",\"breadcrumb\":{\"@id\":\"https:\\\/\\\/amster.cl\\\/shop\\\/struktol-ef-44-a\\\/#breadcrumb\"},\"inLanguage\":\"en-US\",\"potentialAction\":[{\"@type\":\"ReadAction\",\"target\":[\"https:\\\/\\\/amster.cl\\\/shop\\\/struktol-ef-44-a\\\/\"]}]},{\"@type\":\"BreadcrumbList\",\"@id\":\"https:\\\/\\\/amster.cl\\\/shop\\\/struktol-ef-44-a\\\/#breadcrumb\",\"itemListElement\":[{\"@type\":\"ListItem\",\"position\":1,\"name\":\"Portada\",\"item\":\"https:\\\/\\\/amster.cl\\\/\"},{\"@type\":\"ListItem\",\"position\":2,\"name\":\"Tienda\",\"item\":\"https:\\\/\\\/amster.cl\\\/tienda\\\/\"},{\"@type\":\"ListItem\",\"position\":3,\"name\":\"Struktol\u00ae EF 44 A\"}]},{\"@type\":\"WebSite\",\"@id\":\"https:\\\/\\\/amster.cl\\\/#website\",\"url\":\"https:\\\/\\\/amster.cl\\\/\",\"name\":\"AMSTER\",\"description\":\"Proveedor de materias primas para la industria chilena\",\"potentialAction\":[{\"@type\":\"SearchAction\",\"target\":{\"@type\":\"EntryPoint\",\"urlTemplate\":\"https:\\\/\\\/amster.cl\\\/?s={search_term_string}\"},\"query-input\":{\"@type\":\"PropertyValueSpecification\",\"valueRequired\":true,\"valueName\":\"search_term_string\"}}],\"inLanguage\":\"en-US\"}]}<\/script>\n<!-- \/ Yoast SEO plugin. -->","yoast_head_json":{"title":"Struktol\u00ae EF 44 A - AMSTER","robots":{"index":"index","follow":"follow","max-snippet":"max-snippet:-1","max-image-preview":"max-image-preview:large","max-video-preview":"max-video-preview:-1"},"canonical":"https:\/\/amster.cl\/en\/shop\/struktol-ef-44-a\/","og_locale":"en_US","og_type":"article","og_title":"Struktol\u00ae EF 44 A - AMSTER","og_description":"Mezcla de derivados de \u00e1cidos grasos, predominantemente jabones de zinc que mejora el procesamiento de caucho natural, SBR y EPDM. Recomendado especialmente para compuestos extru\u00eddos pero puede ser usado en moldeo por transferencia y moldeo por inyecci\u00f3n. Mejora la dispersi\u00f3n de cargas, especialmente cargas minerales y tiene una influencia positiva en la uniformidad lote a lote. Puede adem\u00e1s actuar como activador y permite la reducci\u00f3n de la cantidad de \u00e1cido este\u00e1rico.","og_url":"https:\/\/amster.cl\/en\/shop\/struktol-ef-44-a\/","og_site_name":"AMSTER","twitter_card":"summary_large_image","schema":{"@context":"https:\/\/schema.org","@graph":[{"@type":"WebPage","@id":"https:\/\/amster.cl\/shop\/struktol-ef-44-a\/","url":"https:\/\/amster.cl\/shop\/struktol-ef-44-a\/","name":"Struktol\u00ae EF 44 A - AMSTER","isPartOf":{"@id":"https:\/\/amster.cl\/#website"},"datePublished":"2022-06-30T07:57:23+00:00","breadcrumb":{"@id":"https:\/\/amster.cl\/shop\/struktol-ef-44-a\/#breadcrumb"},"inLanguage":"en-US","potentialAction":[{"@type":"ReadAction","target":["https:\/\/amster.cl\/shop\/struktol-ef-44-a\/"]}]},{"@type":"BreadcrumbList","@id":"https:\/\/amster.cl\/shop\/struktol-ef-44-a\/#breadcrumb","itemListElement":[{"@type":"ListItem","position":1,"name":"Portada","item":"https:\/\/amster.cl\/"},{"@type":"ListItem","position":2,"name":"Tienda","item":"https:\/\/amster.cl\/tienda\/"},{"@type":"ListItem","position":3,"name":"Struktol\u00ae EF 44 A"}]},{"@type":"WebSite","@id":"https:\/\/amster.cl\/#website","url":"https:\/\/amster.cl\/","name":"AMSTER","description":"Proveedor de materias primas para la industria chilena","potentialAction":[{"@type":"SearchAction","target":{"@type":"EntryPoint","urlTemplate":"https:\/\/amster.cl\/?s={search_term_string}"},"query-input":{"@type":"PropertyValueSpecification","valueRequired":true,"valueName":"search_term_string"}}],"inLanguage":"en-US"}]}},"brands":[{"id":677,"name":"Struktol","slug":"struktol"}],"_links":{"self":[{"href":"https:\/\/amster.cl\/en\/wp-json\/wp\/v2\/product\/3178","targetHints":{"allow":["GET"]}}],"collection":[{"href":"https:\/\/amster.cl\/en\/wp-json\/wp\/v2\/product"}],"about":[{"href":"https:\/\/amster.cl\/en\/wp-json\/wp\/v2\/types\/product"}],"wp:attachment":[{"href":"https:\/\/amster.cl\/en\/wp-json\/wp\/v2\/media?parent=3178"}],"wp:term":[{"taxonomy":"pwb-brand","embeddable":true,"href":"https:\/\/amster.cl\/en\/wp-json\/wp\/v2\/pwb-brand?post=3178"},{"taxonomy":"product_brand","embeddable":true,"href":"https:\/\/amster.cl\/en\/wp-json\/wp\/v2\/product_brand?post=3178"},{"taxonomy":"product_cat","embeddable":true,"href":"https:\/\/amster.cl\/en\/wp-json\/wp\/v2\/product_cat?post=3178"},{"taxonomy":"product_tag","embeddable":true,"href":"https:\/\/amster.cl\/en\/wp-json\/wp\/v2\/product_tag?post=3178"}],"curies":[{"name":"wp","href":"https:\/\/api.w.org\/{rel}","templated":true}]}}