{"id":3179,"date":"2022-06-30T03:57:23","date_gmt":"2022-06-30T07:57:23","guid":{"rendered":"http:\/\/192.46.216.108\/~amster\/producto\/struktol-ht-105a\/"},"modified":"2022-06-30T03:57:23","modified_gmt":"2022-06-30T07:57:23","slug":"struktol-ht-105a","status":"publish","type":"product","link":"https:\/\/amster.cl\/en\/shop\/struktol-ht-105a\/","title":{"rendered":"Struktol\u00ae HT 105A"},"content":{"rendered":"","protected":false},"excerpt":{"rendered":"<p>Combination of metallic soaps and a non-bleaching aromatic disulfide used in chewing to favor the dispersion of powdered ingredients, maintaining the peptizing effect for longer periods of time, also breaking the chains of higher molecular weight, resulting in a more uniform molecular weight distribution and better dynamic properties of vulcanizing.<\/p>","protected":false},"featured_media":0,"template":"","meta":[],"pwb-brand":[677],"product_brand":[],"product_cat":[521,516,678],"product_tag":[],"class_list":{"0":"post-3179","1":"product","2":"type-product","3":"status-publish","5":"pwb-brand-struktol","6":"product_cat-aditivos-caucho","7":"product_cat-caucho","8":"product_cat-ayudantes-de-proceso-peptizantes","10":"first","11":"instock","12":"shipping-taxable","13":"product-type-simple","14":"prodpage-classic"},"yoast_head":"<!-- This site is optimized with the Yoast SEO plugin v27.4 - https:\/\/yoast.com\/product\/yoast-seo-wordpress\/ -->\n<title>Struktol\u00ae HT 105A - AMSTER<\/title>\n<meta name=\"robots\" content=\"index, follow, max-snippet:-1, max-image-preview:large, max-video-preview:-1\" \/>\n<link rel=\"canonical\" href=\"https:\/\/amster.cl\/en\/shop\/struktol-ht-105a\/\" \/>\n<meta property=\"og:locale\" content=\"en_US\" \/>\n<meta property=\"og:type\" content=\"article\" \/>\n<meta property=\"og:title\" content=\"Struktol\u00ae HT 105A - AMSTER\" \/>\n<meta property=\"og:description\" content=\"Combinaci\u00f3n de jabones met\u00e1licos y un disulfuro arom\u00e1tico no decolorante usando en la masticaci\u00f3n para favorecer la dispersi\u00f3n de ingredientes en polvo, manteniendo el efecto peptizante por per\u00edodos de tiempo m\u00e1s largos, rompiendo adem\u00e1s las cadenas de mayor peso molecular, resutando en una distribuci\u00f3n de peso molecular m\u00e1s uniforme y mejores propiedades din\u00e1micas del vulcanizado.\" \/>\n<meta property=\"og:url\" content=\"https:\/\/amster.cl\/en\/shop\/struktol-ht-105a\/\" \/>\n<meta property=\"og:site_name\" content=\"AMSTER\" \/>\n<meta name=\"twitter:card\" content=\"summary_large_image\" \/>\n<script type=\"application\/ld+json\" class=\"yoast-schema-graph\">{\"@context\":\"https:\\\/\\\/schema.org\",\"@graph\":[{\"@type\":\"WebPage\",\"@id\":\"https:\\\/\\\/amster.cl\\\/shop\\\/struktol-ht-105a\\\/\",\"url\":\"https:\\\/\\\/amster.cl\\\/shop\\\/struktol-ht-105a\\\/\",\"name\":\"Struktol\u00ae HT 105A - AMSTER\",\"isPartOf\":{\"@id\":\"https:\\\/\\\/amster.cl\\\/#website\"},\"datePublished\":\"2022-06-30T07:57:23+00:00\",\"breadcrumb\":{\"@id\":\"https:\\\/\\\/amster.cl\\\/shop\\\/struktol-ht-105a\\\/#breadcrumb\"},\"inLanguage\":\"en-US\",\"potentialAction\":[{\"@type\":\"ReadAction\",\"target\":[\"https:\\\/\\\/amster.cl\\\/shop\\\/struktol-ht-105a\\\/\"]}]},{\"@type\":\"BreadcrumbList\",\"@id\":\"https:\\\/\\\/amster.cl\\\/shop\\\/struktol-ht-105a\\\/#breadcrumb\",\"itemListElement\":[{\"@type\":\"ListItem\",\"position\":1,\"name\":\"Portada\",\"item\":\"https:\\\/\\\/amster.cl\\\/\"},{\"@type\":\"ListItem\",\"position\":2,\"name\":\"Tienda\",\"item\":\"https:\\\/\\\/amster.cl\\\/tienda\\\/\"},{\"@type\":\"ListItem\",\"position\":3,\"name\":\"Struktol\u00ae HT 105A\"}]},{\"@type\":\"WebSite\",\"@id\":\"https:\\\/\\\/amster.cl\\\/#website\",\"url\":\"https:\\\/\\\/amster.cl\\\/\",\"name\":\"AMSTER\",\"description\":\"Proveedor de materias primas para la industria chilena\",\"potentialAction\":[{\"@type\":\"SearchAction\",\"target\":{\"@type\":\"EntryPoint\",\"urlTemplate\":\"https:\\\/\\\/amster.cl\\\/?s={search_term_string}\"},\"query-input\":{\"@type\":\"PropertyValueSpecification\",\"valueRequired\":true,\"valueName\":\"search_term_string\"}}],\"inLanguage\":\"en-US\"}]}<\/script>\n<!-- \/ Yoast SEO plugin. -->","yoast_head_json":{"title":"Struktol\u00ae HT 105A - AMSTER","robots":{"index":"index","follow":"follow","max-snippet":"max-snippet:-1","max-image-preview":"max-image-preview:large","max-video-preview":"max-video-preview:-1"},"canonical":"https:\/\/amster.cl\/en\/shop\/struktol-ht-105a\/","og_locale":"en_US","og_type":"article","og_title":"Struktol\u00ae HT 105A - AMSTER","og_description":"Combinaci\u00f3n de jabones met\u00e1licos y un disulfuro arom\u00e1tico no decolorante usando en la masticaci\u00f3n para favorecer la dispersi\u00f3n de ingredientes en polvo, manteniendo el efecto peptizante por per\u00edodos de tiempo m\u00e1s largos, rompiendo adem\u00e1s las cadenas de mayor peso molecular, resutando en una distribuci\u00f3n de peso molecular m\u00e1s uniforme y mejores propiedades din\u00e1micas del vulcanizado.","og_url":"https:\/\/amster.cl\/en\/shop\/struktol-ht-105a\/","og_site_name":"AMSTER","twitter_card":"summary_large_image","schema":{"@context":"https:\/\/schema.org","@graph":[{"@type":"WebPage","@id":"https:\/\/amster.cl\/shop\/struktol-ht-105a\/","url":"https:\/\/amster.cl\/shop\/struktol-ht-105a\/","name":"Struktol\u00ae HT 105A - AMSTER","isPartOf":{"@id":"https:\/\/amster.cl\/#website"},"datePublished":"2022-06-30T07:57:23+00:00","breadcrumb":{"@id":"https:\/\/amster.cl\/shop\/struktol-ht-105a\/#breadcrumb"},"inLanguage":"en-US","potentialAction":[{"@type":"ReadAction","target":["https:\/\/amster.cl\/shop\/struktol-ht-105a\/"]}]},{"@type":"BreadcrumbList","@id":"https:\/\/amster.cl\/shop\/struktol-ht-105a\/#breadcrumb","itemListElement":[{"@type":"ListItem","position":1,"name":"Portada","item":"https:\/\/amster.cl\/"},{"@type":"ListItem","position":2,"name":"Tienda","item":"https:\/\/amster.cl\/tienda\/"},{"@type":"ListItem","position":3,"name":"Struktol\u00ae HT 105A"}]},{"@type":"WebSite","@id":"https:\/\/amster.cl\/#website","url":"https:\/\/amster.cl\/","name":"AMSTER","description":"Proveedor de materias primas para la industria chilena","potentialAction":[{"@type":"SearchAction","target":{"@type":"EntryPoint","urlTemplate":"https:\/\/amster.cl\/?s={search_term_string}"},"query-input":{"@type":"PropertyValueSpecification","valueRequired":true,"valueName":"search_term_string"}}],"inLanguage":"en-US"}]}},"brands":[{"id":677,"name":"Struktol","slug":"struktol"}],"_links":{"self":[{"href":"https:\/\/amster.cl\/en\/wp-json\/wp\/v2\/product\/3179","targetHints":{"allow":["GET"]}}],"collection":[{"href":"https:\/\/amster.cl\/en\/wp-json\/wp\/v2\/product"}],"about":[{"href":"https:\/\/amster.cl\/en\/wp-json\/wp\/v2\/types\/product"}],"wp:attachment":[{"href":"https:\/\/amster.cl\/en\/wp-json\/wp\/v2\/media?parent=3179"}],"wp:term":[{"taxonomy":"pwb-brand","embeddable":true,"href":"https:\/\/amster.cl\/en\/wp-json\/wp\/v2\/pwb-brand?post=3179"},{"taxonomy":"product_brand","embeddable":true,"href":"https:\/\/amster.cl\/en\/wp-json\/wp\/v2\/product_brand?post=3179"},{"taxonomy":"product_cat","embeddable":true,"href":"https:\/\/amster.cl\/en\/wp-json\/wp\/v2\/product_cat?post=3179"},{"taxonomy":"product_tag","embeddable":true,"href":"https:\/\/amster.cl\/en\/wp-json\/wp\/v2\/product_tag?post=3179"}],"curies":[{"name":"wp","href":"https:\/\/api.w.org\/{rel}","templated":true}]}}