{"id":3181,"date":"2022-06-30T03:57:23","date_gmt":"2022-06-30T07:57:23","guid":{"rendered":"http:\/\/192.46.216.108\/~amster\/producto\/struktol-rp-28-2\/"},"modified":"2022-06-30T03:57:23","modified_gmt":"2022-06-30T07:57:23","slug":"struktol-rp-28-2","status":"publish","type":"product","link":"https:\/\/amster.cl\/en\/shop\/struktol-rp-28-2\/","title":{"rendered":"Struktol\u00ae RP 28"},"content":{"rendered":"","protected":false},"excerpt":{"rendered":"<p>Mixture of clear aliphatic resins to increase tactocity and adhesion in highly charged thermoplastics while maintaining their physical properties. Reduces viscosity during processing improving fluidity. Improves the mixing of TPOs, formulations with flame retardants and highly charged systems having good solubility in aliphatic, aromatic and chlorinated hydrocarbons. It is especially useful in the processing of recycled PVC by improving the mixing of materials with different viscosities or the incorporation of recycling in virgin powder compounds, also improving the surface finish and avoiding migration.<\/p>","protected":false},"featured_media":0,"template":"","meta":[],"pwb-brand":[677],"product_brand":[],"product_cat":[544,680,523],"product_tag":[],"class_list":{"0":"post-3181","1":"product","2":"type-product","3":"status-publish","5":"pwb-brand-struktol","6":"product_cat-aditivos","7":"product_cat-ayudantes-de-proceso-dispersantes","8":"product_cat-plastico","10":"first","11":"instock","12":"shipping-taxable","13":"product-type-simple","14":"prodpage-classic"},"yoast_head":"<!-- This site is optimized with the Yoast SEO plugin v27.4 - https:\/\/yoast.com\/product\/yoast-seo-wordpress\/ -->\n<title>Struktol\u00ae RP 28 - AMSTER<\/title>\n<meta name=\"robots\" content=\"index, follow, max-snippet:-1, max-image-preview:large, max-video-preview:-1\" \/>\n<link rel=\"canonical\" href=\"https:\/\/amster.cl\/en\/shop\/struktol-rp-28-2\/\" \/>\n<meta property=\"og:locale\" content=\"en_US\" \/>\n<meta property=\"og:type\" content=\"article\" \/>\n<meta property=\"og:title\" content=\"Struktol\u00ae RP 28 - AMSTER\" \/>\n<meta property=\"og:description\" content=\"Mezcla de resinas alif\u00e1ticas claras para aumentar la tactocidad y la adhesi\u00f3n en termopl\u00e1sticos altamente cargados manteniendo sus propiedades f\u00edsicas. Reduce la viscosidad durante el procesamiento mejorando la fluidez. Mejora el mezclado de TPOs, formulaciones con retardantes a la llama y sistemas altamente cargados teniendo buena solubilidad en hidrocarburos alif\u00e1ticos, arom\u00e1ticos y clorados. Es especialmente \u00fatil en el procesamiento de PVC reciclado mejorando el mezclado de materiales con diferentes viscosidades o la incorporaci\u00f3n de reciclado en compuestos v\u00edrgenes en polvo, mejorando adem\u00e1s el acabado superficial y evitando la migraci\u00f3n.\" \/>\n<meta property=\"og:url\" content=\"https:\/\/amster.cl\/en\/shop\/struktol-rp-28-2\/\" \/>\n<meta property=\"og:site_name\" content=\"AMSTER\" \/>\n<meta name=\"twitter:card\" content=\"summary_large_image\" \/>\n<script type=\"application\/ld+json\" class=\"yoast-schema-graph\">{\"@context\":\"https:\\\/\\\/schema.org\",\"@graph\":[{\"@type\":\"WebPage\",\"@id\":\"https:\\\/\\\/amster.cl\\\/shop\\\/struktol-rp-28-2\\\/\",\"url\":\"https:\\\/\\\/amster.cl\\\/shop\\\/struktol-rp-28-2\\\/\",\"name\":\"Struktol\u00ae RP 28 - AMSTER\",\"isPartOf\":{\"@id\":\"https:\\\/\\\/amster.cl\\\/#website\"},\"datePublished\":\"2022-06-30T07:57:23+00:00\",\"breadcrumb\":{\"@id\":\"https:\\\/\\\/amster.cl\\\/shop\\\/struktol-rp-28-2\\\/#breadcrumb\"},\"inLanguage\":\"en-US\",\"potentialAction\":[{\"@type\":\"ReadAction\",\"target\":[\"https:\\\/\\\/amster.cl\\\/shop\\\/struktol-rp-28-2\\\/\"]}]},{\"@type\":\"BreadcrumbList\",\"@id\":\"https:\\\/\\\/amster.cl\\\/shop\\\/struktol-rp-28-2\\\/#breadcrumb\",\"itemListElement\":[{\"@type\":\"ListItem\",\"position\":1,\"name\":\"Portada\",\"item\":\"https:\\\/\\\/amster.cl\\\/\"},{\"@type\":\"ListItem\",\"position\":2,\"name\":\"Tienda\",\"item\":\"https:\\\/\\\/amster.cl\\\/tienda\\\/\"},{\"@type\":\"ListItem\",\"position\":3,\"name\":\"Struktol\u00ae RP 28\"}]},{\"@type\":\"WebSite\",\"@id\":\"https:\\\/\\\/amster.cl\\\/#website\",\"url\":\"https:\\\/\\\/amster.cl\\\/\",\"name\":\"AMSTER\",\"description\":\"Proveedor de materias primas para la industria chilena\",\"potentialAction\":[{\"@type\":\"SearchAction\",\"target\":{\"@type\":\"EntryPoint\",\"urlTemplate\":\"https:\\\/\\\/amster.cl\\\/?s={search_term_string}\"},\"query-input\":{\"@type\":\"PropertyValueSpecification\",\"valueRequired\":true,\"valueName\":\"search_term_string\"}}],\"inLanguage\":\"en-US\"}]}<\/script>\n<!-- \/ Yoast SEO plugin. -->","yoast_head_json":{"title":"Struktol\u00ae RP 28 - AMSTER","robots":{"index":"index","follow":"follow","max-snippet":"max-snippet:-1","max-image-preview":"max-image-preview:large","max-video-preview":"max-video-preview:-1"},"canonical":"https:\/\/amster.cl\/en\/shop\/struktol-rp-28-2\/","og_locale":"en_US","og_type":"article","og_title":"Struktol\u00ae RP 28 - AMSTER","og_description":"Mezcla de resinas alif\u00e1ticas claras para aumentar la tactocidad y la adhesi\u00f3n en termopl\u00e1sticos altamente cargados manteniendo sus propiedades f\u00edsicas. Reduce la viscosidad durante el procesamiento mejorando la fluidez. Mejora el mezclado de TPOs, formulaciones con retardantes a la llama y sistemas altamente cargados teniendo buena solubilidad en hidrocarburos alif\u00e1ticos, arom\u00e1ticos y clorados. Es especialmente \u00fatil en el procesamiento de PVC reciclado mejorando el mezclado de materiales con diferentes viscosidades o la incorporaci\u00f3n de reciclado en compuestos v\u00edrgenes en polvo, mejorando adem\u00e1s el acabado superficial y evitando la migraci\u00f3n.","og_url":"https:\/\/amster.cl\/en\/shop\/struktol-rp-28-2\/","og_site_name":"AMSTER","twitter_card":"summary_large_image","schema":{"@context":"https:\/\/schema.org","@graph":[{"@type":"WebPage","@id":"https:\/\/amster.cl\/shop\/struktol-rp-28-2\/","url":"https:\/\/amster.cl\/shop\/struktol-rp-28-2\/","name":"Struktol\u00ae RP 28 - AMSTER","isPartOf":{"@id":"https:\/\/amster.cl\/#website"},"datePublished":"2022-06-30T07:57:23+00:00","breadcrumb":{"@id":"https:\/\/amster.cl\/shop\/struktol-rp-28-2\/#breadcrumb"},"inLanguage":"en-US","potentialAction":[{"@type":"ReadAction","target":["https:\/\/amster.cl\/shop\/struktol-rp-28-2\/"]}]},{"@type":"BreadcrumbList","@id":"https:\/\/amster.cl\/shop\/struktol-rp-28-2\/#breadcrumb","itemListElement":[{"@type":"ListItem","position":1,"name":"Portada","item":"https:\/\/amster.cl\/"},{"@type":"ListItem","position":2,"name":"Tienda","item":"https:\/\/amster.cl\/tienda\/"},{"@type":"ListItem","position":3,"name":"Struktol\u00ae RP 28"}]},{"@type":"WebSite","@id":"https:\/\/amster.cl\/#website","url":"https:\/\/amster.cl\/","name":"AMSTER","description":"Proveedor de materias primas para la industria chilena","potentialAction":[{"@type":"SearchAction","target":{"@type":"EntryPoint","urlTemplate":"https:\/\/amster.cl\/?s={search_term_string}"},"query-input":{"@type":"PropertyValueSpecification","valueRequired":true,"valueName":"search_term_string"}}],"inLanguage":"en-US"}]}},"brands":[{"id":677,"name":"Struktol","slug":"struktol"}],"_links":{"self":[{"href":"https:\/\/amster.cl\/en\/wp-json\/wp\/v2\/product\/3181","targetHints":{"allow":["GET"]}}],"collection":[{"href":"https:\/\/amster.cl\/en\/wp-json\/wp\/v2\/product"}],"about":[{"href":"https:\/\/amster.cl\/en\/wp-json\/wp\/v2\/types\/product"}],"wp:attachment":[{"href":"https:\/\/amster.cl\/en\/wp-json\/wp\/v2\/media?parent=3181"}],"wp:term":[{"taxonomy":"pwb-brand","embeddable":true,"href":"https:\/\/amster.cl\/en\/wp-json\/wp\/v2\/pwb-brand?post=3181"},{"taxonomy":"product_brand","embeddable":true,"href":"https:\/\/amster.cl\/en\/wp-json\/wp\/v2\/product_brand?post=3181"},{"taxonomy":"product_cat","embeddable":true,"href":"https:\/\/amster.cl\/en\/wp-json\/wp\/v2\/product_cat?post=3181"},{"taxonomy":"product_tag","embeddable":true,"href":"https:\/\/amster.cl\/en\/wp-json\/wp\/v2\/product_tag?post=3181"}],"curies":[{"name":"wp","href":"https:\/\/api.w.org\/{rel}","templated":true}]}}