{"id":3190,"date":"2022-06-30T03:57:23","date_gmt":"2022-06-30T07:57:23","guid":{"rendered":"http:\/\/192.46.216.108\/~amster\/producto\/struktol-wb-222\/"},"modified":"2022-06-30T03:57:23","modified_gmt":"2022-06-30T07:57:23","slug":"struktol-wb-222","status":"publish","type":"product","link":"https:\/\/amster.cl\/en\/shop\/struktol-wb-222\/","title":{"rendered":"Struktol\u00ae WB 222"},"content":{"rendered":"","protected":false},"excerpt":{"rendered":"<p>Zinc-free mixture of high molecular weight aliphatic fatty acid esters free of water and condensation products that improves the processing properties of the compound without affecting the powder ingredients but that decreases the mixing time since it favors its incorporation. It prevents the adhesion of the compound to rotors and rollers, in addition to the risk of scorch in highly loaded compounds. Being also plasticizer, it allows a faster filling of the mold at lower pressures during injection or transfer molding, it also helps to demold easily. It considerably improves the dispersion of loads, fluidity and release during the processing, especially of nitrile compounds.<\/p>","protected":false},"featured_media":0,"template":"","meta":[],"pwb-brand":[677],"product_brand":[],"product_cat":[521,679,516],"product_tag":[],"class_list":{"0":"post-3190","1":"product","2":"type-product","3":"status-publish","5":"pwb-brand-struktol","6":"product_cat-aditivos-caucho","7":"product_cat-ayudantes-de-proceso-aditivos-caucho","8":"product_cat-caucho","10":"first","11":"instock","12":"shipping-taxable","13":"product-type-simple","14":"prodpage-classic"},"yoast_head":"<!-- This site is optimized with the Yoast SEO plugin v27.4 - https:\/\/yoast.com\/product\/yoast-seo-wordpress\/ -->\n<title>Struktol\u00ae WB 222 - AMSTER<\/title>\n<meta name=\"robots\" content=\"index, follow, max-snippet:-1, max-image-preview:large, max-video-preview:-1\" \/>\n<link rel=\"canonical\" href=\"https:\/\/amster.cl\/en\/shop\/struktol-wb-222\/\" \/>\n<meta property=\"og:locale\" content=\"en_US\" \/>\n<meta property=\"og:type\" content=\"article\" \/>\n<meta property=\"og:title\" content=\"Struktol\u00ae WB 222 - AMSTER\" \/>\n<meta property=\"og:description\" content=\"Mezcla libre de zinc de \u00e9steres de \u00e1cidos grasos alif\u00e1ticos de alto peso molecular libre de agua y productos de condensaci\u00f3n que mejora las propiedades de procesamiento del compuesto sin afectar a los ingredientes en polvo pero que disminuye el tiempo de mezclado ya que favorece su incorporaci\u00f3n. Previene la adhesi\u00f3n del compuesto a los rotores y rodillos, adem\u00e1s del riesgo de scorch en compuestos altamente cargados. Al ser adem\u00e1s plastificante, permite un llenado m\u00e1s r\u00e1pido del molde a presiones menores durante la inyecci\u00f3n o moldeo por transferencia, ayuda tambi\u00e9n a desmoldear f\u00e1cilmente. Mejora considerablemente la dispersi\u00f3n de cargas, fluidez y liberaci\u00f3n durante el procesamiento en especial de compuestos de nitrilo.\" \/>\n<meta property=\"og:url\" content=\"https:\/\/amster.cl\/en\/shop\/struktol-wb-222\/\" \/>\n<meta property=\"og:site_name\" content=\"AMSTER\" \/>\n<meta name=\"twitter:card\" content=\"summary_large_image\" \/>\n<script type=\"application\/ld+json\" class=\"yoast-schema-graph\">{\"@context\":\"https:\\\/\\\/schema.org\",\"@graph\":[{\"@type\":\"WebPage\",\"@id\":\"https:\\\/\\\/amster.cl\\\/shop\\\/struktol-wb-222\\\/\",\"url\":\"https:\\\/\\\/amster.cl\\\/shop\\\/struktol-wb-222\\\/\",\"name\":\"Struktol\u00ae WB 222 - AMSTER\",\"isPartOf\":{\"@id\":\"https:\\\/\\\/amster.cl\\\/#website\"},\"datePublished\":\"2022-06-30T07:57:23+00:00\",\"breadcrumb\":{\"@id\":\"https:\\\/\\\/amster.cl\\\/shop\\\/struktol-wb-222\\\/#breadcrumb\"},\"inLanguage\":\"en-US\",\"potentialAction\":[{\"@type\":\"ReadAction\",\"target\":[\"https:\\\/\\\/amster.cl\\\/shop\\\/struktol-wb-222\\\/\"]}]},{\"@type\":\"BreadcrumbList\",\"@id\":\"https:\\\/\\\/amster.cl\\\/shop\\\/struktol-wb-222\\\/#breadcrumb\",\"itemListElement\":[{\"@type\":\"ListItem\",\"position\":1,\"name\":\"Portada\",\"item\":\"https:\\\/\\\/amster.cl\\\/\"},{\"@type\":\"ListItem\",\"position\":2,\"name\":\"Tienda\",\"item\":\"https:\\\/\\\/amster.cl\\\/tienda\\\/\"},{\"@type\":\"ListItem\",\"position\":3,\"name\":\"Struktol\u00ae WB 222\"}]},{\"@type\":\"WebSite\",\"@id\":\"https:\\\/\\\/amster.cl\\\/#website\",\"url\":\"https:\\\/\\\/amster.cl\\\/\",\"name\":\"AMSTER\",\"description\":\"Proveedor de materias primas para la industria chilena\",\"potentialAction\":[{\"@type\":\"SearchAction\",\"target\":{\"@type\":\"EntryPoint\",\"urlTemplate\":\"https:\\\/\\\/amster.cl\\\/?s={search_term_string}\"},\"query-input\":{\"@type\":\"PropertyValueSpecification\",\"valueRequired\":true,\"valueName\":\"search_term_string\"}}],\"inLanguage\":\"en-US\"}]}<\/script>\n<!-- \/ Yoast SEO plugin. -->","yoast_head_json":{"title":"Struktol\u00ae WB 222 - AMSTER","robots":{"index":"index","follow":"follow","max-snippet":"max-snippet:-1","max-image-preview":"max-image-preview:large","max-video-preview":"max-video-preview:-1"},"canonical":"https:\/\/amster.cl\/en\/shop\/struktol-wb-222\/","og_locale":"en_US","og_type":"article","og_title":"Struktol\u00ae WB 222 - AMSTER","og_description":"Mezcla libre de zinc de \u00e9steres de \u00e1cidos grasos alif\u00e1ticos de alto peso molecular libre de agua y productos de condensaci\u00f3n que mejora las propiedades de procesamiento del compuesto sin afectar a los ingredientes en polvo pero que disminuye el tiempo de mezclado ya que favorece su incorporaci\u00f3n. Previene la adhesi\u00f3n del compuesto a los rotores y rodillos, adem\u00e1s del riesgo de scorch en compuestos altamente cargados. Al ser adem\u00e1s plastificante, permite un llenado m\u00e1s r\u00e1pido del molde a presiones menores durante la inyecci\u00f3n o moldeo por transferencia, ayuda tambi\u00e9n a desmoldear f\u00e1cilmente. Mejora considerablemente la dispersi\u00f3n de cargas, fluidez y liberaci\u00f3n durante el procesamiento en especial de compuestos de nitrilo.","og_url":"https:\/\/amster.cl\/en\/shop\/struktol-wb-222\/","og_site_name":"AMSTER","twitter_card":"summary_large_image","schema":{"@context":"https:\/\/schema.org","@graph":[{"@type":"WebPage","@id":"https:\/\/amster.cl\/shop\/struktol-wb-222\/","url":"https:\/\/amster.cl\/shop\/struktol-wb-222\/","name":"Struktol\u00ae WB 222 - AMSTER","isPartOf":{"@id":"https:\/\/amster.cl\/#website"},"datePublished":"2022-06-30T07:57:23+00:00","breadcrumb":{"@id":"https:\/\/amster.cl\/shop\/struktol-wb-222\/#breadcrumb"},"inLanguage":"en-US","potentialAction":[{"@type":"ReadAction","target":["https:\/\/amster.cl\/shop\/struktol-wb-222\/"]}]},{"@type":"BreadcrumbList","@id":"https:\/\/amster.cl\/shop\/struktol-wb-222\/#breadcrumb","itemListElement":[{"@type":"ListItem","position":1,"name":"Portada","item":"https:\/\/amster.cl\/"},{"@type":"ListItem","position":2,"name":"Tienda","item":"https:\/\/amster.cl\/tienda\/"},{"@type":"ListItem","position":3,"name":"Struktol\u00ae WB 222"}]},{"@type":"WebSite","@id":"https:\/\/amster.cl\/#website","url":"https:\/\/amster.cl\/","name":"AMSTER","description":"Proveedor de materias primas para la industria chilena","potentialAction":[{"@type":"SearchAction","target":{"@type":"EntryPoint","urlTemplate":"https:\/\/amster.cl\/?s={search_term_string}"},"query-input":{"@type":"PropertyValueSpecification","valueRequired":true,"valueName":"search_term_string"}}],"inLanguage":"en-US"}]}},"brands":[{"id":677,"name":"Struktol","slug":"struktol"}],"_links":{"self":[{"href":"https:\/\/amster.cl\/en\/wp-json\/wp\/v2\/product\/3190","targetHints":{"allow":["GET"]}}],"collection":[{"href":"https:\/\/amster.cl\/en\/wp-json\/wp\/v2\/product"}],"about":[{"href":"https:\/\/amster.cl\/en\/wp-json\/wp\/v2\/types\/product"}],"wp:attachment":[{"href":"https:\/\/amster.cl\/en\/wp-json\/wp\/v2\/media?parent=3190"}],"wp:term":[{"taxonomy":"pwb-brand","embeddable":true,"href":"https:\/\/amster.cl\/en\/wp-json\/wp\/v2\/pwb-brand?post=3190"},{"taxonomy":"product_brand","embeddable":true,"href":"https:\/\/amster.cl\/en\/wp-json\/wp\/v2\/product_brand?post=3190"},{"taxonomy":"product_cat","embeddable":true,"href":"https:\/\/amster.cl\/en\/wp-json\/wp\/v2\/product_cat?post=3190"},{"taxonomy":"product_tag","embeddable":true,"href":"https:\/\/amster.cl\/en\/wp-json\/wp\/v2\/product_tag?post=3190"}],"curies":[{"name":"wp","href":"https:\/\/api.w.org\/{rel}","templated":true}]}}