{"id":3191,"date":"2022-06-30T03:57:23","date_gmt":"2022-06-30T07:57:23","guid":{"rendered":"http:\/\/192.46.216.108\/~amster\/producto\/struktol-wb-300\/"},"modified":"2022-06-30T03:57:23","modified_gmt":"2022-06-30T07:57:23","slug":"struktol-wb-300","status":"publish","type":"product","link":"https:\/\/amster.cl\/en\/shop\/struktol-wb-300\/","title":{"rendered":"Struktol\u00ae WB 300"},"content":{"rendered":"","protected":false},"excerpt":{"rendered":"<p>Fatty or synthetic acid esters used as a special purpose plasticizer of nitrile-based compounds, mainly. It decreases the viscosity of the compound in addition to improving its resistance to oil and fuels. Its incompatibility with aliphatic hydrocarbons, minerals, oils and fats, prevents hardening or unwanted contractions of the vulcanized compound. It is highly compatible with phenolic resins modified with NBR\/PVC polymixtures.<\/p>","protected":false},"featured_media":0,"template":"","meta":[],"pwb-brand":[677],"product_brand":[],"product_cat":[521,516,682],"product_tag":[],"class_list":{"0":"post-3191","1":"product","2":"type-product","3":"status-publish","5":"pwb-brand-struktol","6":"product_cat-aditivos-caucho","7":"product_cat-caucho","8":"product_cat-ayudantes-de-proceso-plastificantes","10":"first","11":"instock","12":"shipping-taxable","13":"product-type-simple","14":"prodpage-classic"},"yoast_head":"<!-- This site is optimized with the Yoast SEO plugin v27.4 - https:\/\/yoast.com\/product\/yoast-seo-wordpress\/ -->\n<title>Struktol\u00ae WB 300 - AMSTER<\/title>\n<meta name=\"robots\" content=\"index, follow, max-snippet:-1, max-image-preview:large, max-video-preview:-1\" \/>\n<link rel=\"canonical\" href=\"https:\/\/amster.cl\/en\/shop\/struktol-wb-300\/\" \/>\n<meta property=\"og:locale\" content=\"en_US\" \/>\n<meta property=\"og:type\" content=\"article\" \/>\n<meta property=\"og:title\" content=\"Struktol\u00ae WB 300 - AMSTER\" \/>\n<meta property=\"og:description\" content=\"\u00c9steres de \u00e1cidos grasos o sint\u00e9ticos usado como plastificante de prop\u00f3sitos especiales de compuestos basado en nitrilo, principalmente. Disminuye la viscosidad del compuesto adem\u00e1s de mejorar la resitencia al aceite y combustibles del mismo. Su incompatibilidad con hidrocarburos alif\u00e1ticos, minerales, aceites y grasas, evita que haya endurecimiento o contracciones indeseadas del compuesto vulcanizado. Es altamente compatible con resinas fen\u00f3licas modificadas con polimezclas de NBR\/PVC.\" \/>\n<meta property=\"og:url\" content=\"https:\/\/amster.cl\/en\/shop\/struktol-wb-300\/\" \/>\n<meta property=\"og:site_name\" content=\"AMSTER\" \/>\n<meta name=\"twitter:card\" content=\"summary_large_image\" \/>\n<script type=\"application\/ld+json\" class=\"yoast-schema-graph\">{\"@context\":\"https:\\\/\\\/schema.org\",\"@graph\":[{\"@type\":\"WebPage\",\"@id\":\"https:\\\/\\\/amster.cl\\\/shop\\\/struktol-wb-300\\\/\",\"url\":\"https:\\\/\\\/amster.cl\\\/shop\\\/struktol-wb-300\\\/\",\"name\":\"Struktol\u00ae WB 300 - AMSTER\",\"isPartOf\":{\"@id\":\"https:\\\/\\\/amster.cl\\\/#website\"},\"datePublished\":\"2022-06-30T07:57:23+00:00\",\"breadcrumb\":{\"@id\":\"https:\\\/\\\/amster.cl\\\/shop\\\/struktol-wb-300\\\/#breadcrumb\"},\"inLanguage\":\"en-US\",\"potentialAction\":[{\"@type\":\"ReadAction\",\"target\":[\"https:\\\/\\\/amster.cl\\\/shop\\\/struktol-wb-300\\\/\"]}]},{\"@type\":\"BreadcrumbList\",\"@id\":\"https:\\\/\\\/amster.cl\\\/shop\\\/struktol-wb-300\\\/#breadcrumb\",\"itemListElement\":[{\"@type\":\"ListItem\",\"position\":1,\"name\":\"Portada\",\"item\":\"https:\\\/\\\/amster.cl\\\/\"},{\"@type\":\"ListItem\",\"position\":2,\"name\":\"Tienda\",\"item\":\"https:\\\/\\\/amster.cl\\\/tienda\\\/\"},{\"@type\":\"ListItem\",\"position\":3,\"name\":\"Struktol\u00ae WB 300\"}]},{\"@type\":\"WebSite\",\"@id\":\"https:\\\/\\\/amster.cl\\\/#website\",\"url\":\"https:\\\/\\\/amster.cl\\\/\",\"name\":\"AMSTER\",\"description\":\"Proveedor de materias primas para la industria chilena\",\"potentialAction\":[{\"@type\":\"SearchAction\",\"target\":{\"@type\":\"EntryPoint\",\"urlTemplate\":\"https:\\\/\\\/amster.cl\\\/?s={search_term_string}\"},\"query-input\":{\"@type\":\"PropertyValueSpecification\",\"valueRequired\":true,\"valueName\":\"search_term_string\"}}],\"inLanguage\":\"en-US\"}]}<\/script>\n<!-- \/ Yoast SEO plugin. -->","yoast_head_json":{"title":"Struktol\u00ae WB 300 - AMSTER","robots":{"index":"index","follow":"follow","max-snippet":"max-snippet:-1","max-image-preview":"max-image-preview:large","max-video-preview":"max-video-preview:-1"},"canonical":"https:\/\/amster.cl\/en\/shop\/struktol-wb-300\/","og_locale":"en_US","og_type":"article","og_title":"Struktol\u00ae WB 300 - AMSTER","og_description":"\u00c9steres de \u00e1cidos grasos o sint\u00e9ticos usado como plastificante de prop\u00f3sitos especiales de compuestos basado en nitrilo, principalmente. Disminuye la viscosidad del compuesto adem\u00e1s de mejorar la resitencia al aceite y combustibles del mismo. Su incompatibilidad con hidrocarburos alif\u00e1ticos, minerales, aceites y grasas, evita que haya endurecimiento o contracciones indeseadas del compuesto vulcanizado. Es altamente compatible con resinas fen\u00f3licas modificadas con polimezclas de NBR\/PVC.","og_url":"https:\/\/amster.cl\/en\/shop\/struktol-wb-300\/","og_site_name":"AMSTER","twitter_card":"summary_large_image","schema":{"@context":"https:\/\/schema.org","@graph":[{"@type":"WebPage","@id":"https:\/\/amster.cl\/shop\/struktol-wb-300\/","url":"https:\/\/amster.cl\/shop\/struktol-wb-300\/","name":"Struktol\u00ae WB 300 - AMSTER","isPartOf":{"@id":"https:\/\/amster.cl\/#website"},"datePublished":"2022-06-30T07:57:23+00:00","breadcrumb":{"@id":"https:\/\/amster.cl\/shop\/struktol-wb-300\/#breadcrumb"},"inLanguage":"en-US","potentialAction":[{"@type":"ReadAction","target":["https:\/\/amster.cl\/shop\/struktol-wb-300\/"]}]},{"@type":"BreadcrumbList","@id":"https:\/\/amster.cl\/shop\/struktol-wb-300\/#breadcrumb","itemListElement":[{"@type":"ListItem","position":1,"name":"Portada","item":"https:\/\/amster.cl\/"},{"@type":"ListItem","position":2,"name":"Tienda","item":"https:\/\/amster.cl\/tienda\/"},{"@type":"ListItem","position":3,"name":"Struktol\u00ae WB 300"}]},{"@type":"WebSite","@id":"https:\/\/amster.cl\/#website","url":"https:\/\/amster.cl\/","name":"AMSTER","description":"Proveedor de materias primas para la industria chilena","potentialAction":[{"@type":"SearchAction","target":{"@type":"EntryPoint","urlTemplate":"https:\/\/amster.cl\/?s={search_term_string}"},"query-input":{"@type":"PropertyValueSpecification","valueRequired":true,"valueName":"search_term_string"}}],"inLanguage":"en-US"}]}},"brands":[{"id":677,"name":"Struktol","slug":"struktol"}],"_links":{"self":[{"href":"https:\/\/amster.cl\/en\/wp-json\/wp\/v2\/product\/3191","targetHints":{"allow":["GET"]}}],"collection":[{"href":"https:\/\/amster.cl\/en\/wp-json\/wp\/v2\/product"}],"about":[{"href":"https:\/\/amster.cl\/en\/wp-json\/wp\/v2\/types\/product"}],"wp:attachment":[{"href":"https:\/\/amster.cl\/en\/wp-json\/wp\/v2\/media?parent=3191"}],"wp:term":[{"taxonomy":"pwb-brand","embeddable":true,"href":"https:\/\/amster.cl\/en\/wp-json\/wp\/v2\/pwb-brand?post=3191"},{"taxonomy":"product_brand","embeddable":true,"href":"https:\/\/amster.cl\/en\/wp-json\/wp\/v2\/product_brand?post=3191"},{"taxonomy":"product_cat","embeddable":true,"href":"https:\/\/amster.cl\/en\/wp-json\/wp\/v2\/product_cat?post=3191"},{"taxonomy":"product_tag","embeddable":true,"href":"https:\/\/amster.cl\/en\/wp-json\/wp\/v2\/product_tag?post=3191"}],"curies":[{"name":"wp","href":"https:\/\/api.w.org\/{rel}","templated":true}]}}