{"id":3194,"date":"2022-06-30T03:57:24","date_gmt":"2022-06-30T07:57:24","guid":{"rendered":"http:\/\/192.46.216.108\/~amster\/producto\/struktol-wb-900a\/"},"modified":"2022-06-30T03:57:24","modified_gmt":"2022-06-30T07:57:24","slug":"struktol-wb-900a","status":"publish","type":"product","link":"https:\/\/amster.cl\/en\/shop\/struktol-wb-900a\/","title":{"rendered":"Struktol\u00ae WB 900A"},"content":{"rendered":"","protected":false},"excerpt":{"rendered":"<p>Magnesium oxide dispersion recommended as a dispersing agent in compounds that do not allow untreated metal oxides. It also reduces the adhesion of the compound to rotors and rollers, protects against moisture and carbon dioxide and the risk of premature scorch of chloroprene compounds.<\/p>","protected":false},"featured_media":0,"template":"","meta":[],"pwb-brand":[677],"product_brand":[],"product_cat":[546,521,516],"product_tag":[],"class_list":{"0":"post-3194","1":"product","2":"type-product","3":"status-publish","5":"pwb-brand-struktol","6":"product_cat-activadores-de-vulcanizacion","7":"product_cat-aditivos-caucho","8":"product_cat-caucho","10":"first","11":"instock","12":"shipping-taxable","13":"product-type-simple","14":"prodpage-classic"},"yoast_head":"<!-- This site is optimized with the Yoast SEO plugin v27.4 - https:\/\/yoast.com\/product\/yoast-seo-wordpress\/ -->\n<title>Struktol\u00ae WB 900A - AMSTER<\/title>\n<meta name=\"robots\" content=\"index, follow, max-snippet:-1, max-image-preview:large, max-video-preview:-1\" \/>\n<link rel=\"canonical\" href=\"https:\/\/amster.cl\/en\/shop\/struktol-wb-900a\/\" \/>\n<meta property=\"og:locale\" content=\"en_US\" \/>\n<meta property=\"og:type\" content=\"article\" \/>\n<meta property=\"og:title\" content=\"Struktol\u00ae WB 900A - AMSTER\" \/>\n<meta property=\"og:description\" content=\"Dispersi\u00f3n de \u00f3xido de magnesio recomendada como agente dispersante en compuestos que no permiten \u00f3xidos met\u00e1licos sin tratar. Reduce adem\u00e1s la adhesi\u00f3n del compuesto a los rotores y rodillos, prot\u00e9g\u00e9 de la humedad y di\u00f3xido de carbono y el riesgo de scorch prematuro de compuestos de cloropreno.\" \/>\n<meta property=\"og:url\" content=\"https:\/\/amster.cl\/en\/shop\/struktol-wb-900a\/\" \/>\n<meta property=\"og:site_name\" content=\"AMSTER\" \/>\n<meta name=\"twitter:card\" content=\"summary_large_image\" \/>\n<script type=\"application\/ld+json\" class=\"yoast-schema-graph\">{\"@context\":\"https:\\\/\\\/schema.org\",\"@graph\":[{\"@type\":\"WebPage\",\"@id\":\"https:\\\/\\\/amster.cl\\\/shop\\\/struktol-wb-900a\\\/\",\"url\":\"https:\\\/\\\/amster.cl\\\/shop\\\/struktol-wb-900a\\\/\",\"name\":\"Struktol\u00ae WB 900A - AMSTER\",\"isPartOf\":{\"@id\":\"https:\\\/\\\/amster.cl\\\/#website\"},\"datePublished\":\"2022-06-30T07:57:24+00:00\",\"breadcrumb\":{\"@id\":\"https:\\\/\\\/amster.cl\\\/shop\\\/struktol-wb-900a\\\/#breadcrumb\"},\"inLanguage\":\"en-US\",\"potentialAction\":[{\"@type\":\"ReadAction\",\"target\":[\"https:\\\/\\\/amster.cl\\\/shop\\\/struktol-wb-900a\\\/\"]}]},{\"@type\":\"BreadcrumbList\",\"@id\":\"https:\\\/\\\/amster.cl\\\/shop\\\/struktol-wb-900a\\\/#breadcrumb\",\"itemListElement\":[{\"@type\":\"ListItem\",\"position\":1,\"name\":\"Portada\",\"item\":\"https:\\\/\\\/amster.cl\\\/\"},{\"@type\":\"ListItem\",\"position\":2,\"name\":\"Tienda\",\"item\":\"https:\\\/\\\/amster.cl\\\/tienda\\\/\"},{\"@type\":\"ListItem\",\"position\":3,\"name\":\"Struktol\u00ae WB 900A\"}]},{\"@type\":\"WebSite\",\"@id\":\"https:\\\/\\\/amster.cl\\\/#website\",\"url\":\"https:\\\/\\\/amster.cl\\\/\",\"name\":\"AMSTER\",\"description\":\"Proveedor de materias primas para la industria chilena\",\"potentialAction\":[{\"@type\":\"SearchAction\",\"target\":{\"@type\":\"EntryPoint\",\"urlTemplate\":\"https:\\\/\\\/amster.cl\\\/?s={search_term_string}\"},\"query-input\":{\"@type\":\"PropertyValueSpecification\",\"valueRequired\":true,\"valueName\":\"search_term_string\"}}],\"inLanguage\":\"en-US\"}]}<\/script>\n<!-- \/ Yoast SEO plugin. -->","yoast_head_json":{"title":"Struktol\u00ae WB 900A - AMSTER","robots":{"index":"index","follow":"follow","max-snippet":"max-snippet:-1","max-image-preview":"max-image-preview:large","max-video-preview":"max-video-preview:-1"},"canonical":"https:\/\/amster.cl\/en\/shop\/struktol-wb-900a\/","og_locale":"en_US","og_type":"article","og_title":"Struktol\u00ae WB 900A - AMSTER","og_description":"Dispersi\u00f3n de \u00f3xido de magnesio recomendada como agente dispersante en compuestos que no permiten \u00f3xidos met\u00e1licos sin tratar. Reduce adem\u00e1s la adhesi\u00f3n del compuesto a los rotores y rodillos, prot\u00e9g\u00e9 de la humedad y di\u00f3xido de carbono y el riesgo de scorch prematuro de compuestos de cloropreno.","og_url":"https:\/\/amster.cl\/en\/shop\/struktol-wb-900a\/","og_site_name":"AMSTER","twitter_card":"summary_large_image","schema":{"@context":"https:\/\/schema.org","@graph":[{"@type":"WebPage","@id":"https:\/\/amster.cl\/shop\/struktol-wb-900a\/","url":"https:\/\/amster.cl\/shop\/struktol-wb-900a\/","name":"Struktol\u00ae WB 900A - AMSTER","isPartOf":{"@id":"https:\/\/amster.cl\/#website"},"datePublished":"2022-06-30T07:57:24+00:00","breadcrumb":{"@id":"https:\/\/amster.cl\/shop\/struktol-wb-900a\/#breadcrumb"},"inLanguage":"en-US","potentialAction":[{"@type":"ReadAction","target":["https:\/\/amster.cl\/shop\/struktol-wb-900a\/"]}]},{"@type":"BreadcrumbList","@id":"https:\/\/amster.cl\/shop\/struktol-wb-900a\/#breadcrumb","itemListElement":[{"@type":"ListItem","position":1,"name":"Portada","item":"https:\/\/amster.cl\/"},{"@type":"ListItem","position":2,"name":"Tienda","item":"https:\/\/amster.cl\/tienda\/"},{"@type":"ListItem","position":3,"name":"Struktol\u00ae WB 900A"}]},{"@type":"WebSite","@id":"https:\/\/amster.cl\/#website","url":"https:\/\/amster.cl\/","name":"AMSTER","description":"Proveedor de materias primas para la industria chilena","potentialAction":[{"@type":"SearchAction","target":{"@type":"EntryPoint","urlTemplate":"https:\/\/amster.cl\/?s={search_term_string}"},"query-input":{"@type":"PropertyValueSpecification","valueRequired":true,"valueName":"search_term_string"}}],"inLanguage":"en-US"}]}},"brands":[{"id":677,"name":"Struktol","slug":"struktol"}],"_links":{"self":[{"href":"https:\/\/amster.cl\/en\/wp-json\/wp\/v2\/product\/3194","targetHints":{"allow":["GET"]}}],"collection":[{"href":"https:\/\/amster.cl\/en\/wp-json\/wp\/v2\/product"}],"about":[{"href":"https:\/\/amster.cl\/en\/wp-json\/wp\/v2\/types\/product"}],"wp:attachment":[{"href":"https:\/\/amster.cl\/en\/wp-json\/wp\/v2\/media?parent=3194"}],"wp:term":[{"taxonomy":"pwb-brand","embeddable":true,"href":"https:\/\/amster.cl\/en\/wp-json\/wp\/v2\/pwb-brand?post=3194"},{"taxonomy":"product_brand","embeddable":true,"href":"https:\/\/amster.cl\/en\/wp-json\/wp\/v2\/product_brand?post=3194"},{"taxonomy":"product_cat","embeddable":true,"href":"https:\/\/amster.cl\/en\/wp-json\/wp\/v2\/product_cat?post=3194"},{"taxonomy":"product_tag","embeddable":true,"href":"https:\/\/amster.cl\/en\/wp-json\/wp\/v2\/product_tag?post=3194"}],"curies":[{"name":"wp","href":"https:\/\/api.w.org\/{rel}","templated":true}]}}