{"id":3195,"date":"2022-06-30T03:57:24","date_gmt":"2022-06-30T07:57:24","guid":{"rendered":"http:\/\/192.46.216.108\/~amster\/producto\/struktol-zb-47\/"},"modified":"2022-06-30T03:57:24","modified_gmt":"2022-06-30T07:57:24","slug":"struktol-zb-47","status":"publish","type":"product","link":"https:\/\/amster.cl\/en\/shop\/struktol-zb-47\/","title":{"rendered":"Struktol\u00ae ZB 47"},"content":{"rendered":"","protected":false},"excerpt":{"rendered":"<p>Zinc soap compound that helps the processing of charged systems. It gives thermal stability (resistance to reversal), improves the dynamic properties and tactocity of natural rubber compounds containing mineral fillers and silane base couplers. It can partially replace stearic acid in SBR and NBR compound while maintaining physical and mechanical properties without alteration. <\/p>","protected":false},"featured_media":0,"template":"","meta":[],"pwb-brand":[677],"product_brand":[],"product_cat":[521,679,516],"product_tag":[],"class_list":{"0":"post-3195","1":"product","2":"type-product","3":"status-publish","5":"pwb-brand-struktol","6":"product_cat-aditivos-caucho","7":"product_cat-ayudantes-de-proceso-aditivos-caucho","8":"product_cat-caucho","10":"first","11":"instock","12":"shipping-taxable","13":"product-type-simple","14":"prodpage-classic"},"yoast_head":"<!-- This site is optimized with the Yoast SEO plugin v27.4 - https:\/\/yoast.com\/product\/yoast-seo-wordpress\/ -->\n<title>Struktol\u00ae ZB 47 - AMSTER<\/title>\n<meta name=\"robots\" content=\"index, follow, max-snippet:-1, max-image-preview:large, max-video-preview:-1\" \/>\n<link rel=\"canonical\" href=\"https:\/\/amster.cl\/en\/shop\/struktol-zb-47\/\" \/>\n<meta property=\"og:locale\" content=\"en_US\" \/>\n<meta property=\"og:type\" content=\"article\" \/>\n<meta property=\"og:title\" content=\"Struktol\u00ae ZB 47 - AMSTER\" \/>\n<meta property=\"og:description\" content=\"Compuesto de jab\u00f3n de zinc que ayuda al procesamiento de sistemas cargados. Da estabilidad t\u00e9rmica (resistencia a la reversi\u00f3n), mejora las propiedades din\u00e1micas y la tactocidad de compuestos de caucho natural que contienen cargas minerales y acoplantes base silano. Puede reemplazar parcialmente el \u00e1cido este\u00e1rico en compuesto de SBR y NBR manteniendo adem\u00e1s las propiedades f\u00edsicas y mec\u00e1nicas sin alteraci\u00f3n.\" \/>\n<meta property=\"og:url\" content=\"https:\/\/amster.cl\/en\/shop\/struktol-zb-47\/\" \/>\n<meta property=\"og:site_name\" content=\"AMSTER\" \/>\n<meta name=\"twitter:card\" content=\"summary_large_image\" \/>\n<script type=\"application\/ld+json\" class=\"yoast-schema-graph\">{\"@context\":\"https:\\\/\\\/schema.org\",\"@graph\":[{\"@type\":\"WebPage\",\"@id\":\"https:\\\/\\\/amster.cl\\\/en\\\/shop\\\/struktol-zb-47\\\/\",\"url\":\"https:\\\/\\\/amster.cl\\\/en\\\/shop\\\/struktol-zb-47\\\/\",\"name\":\"Struktol\u00ae ZB 47 - AMSTER\",\"isPartOf\":{\"@id\":\"https:\\\/\\\/amster.cl\\\/#website\"},\"datePublished\":\"2022-06-30T07:57:24+00:00\",\"breadcrumb\":{\"@id\":\"https:\\\/\\\/amster.cl\\\/en\\\/shop\\\/struktol-zb-47\\\/#breadcrumb\"},\"inLanguage\":\"en-US\",\"potentialAction\":[{\"@type\":\"ReadAction\",\"target\":[\"https:\\\/\\\/amster.cl\\\/en\\\/shop\\\/struktol-zb-47\\\/\"]}]},{\"@type\":\"BreadcrumbList\",\"@id\":\"https:\\\/\\\/amster.cl\\\/en\\\/shop\\\/struktol-zb-47\\\/#breadcrumb\",\"itemListElement\":[{\"@type\":\"ListItem\",\"position\":1,\"name\":\"Portada\",\"item\":\"https:\\\/\\\/amster.cl\\\/\"},{\"@type\":\"ListItem\",\"position\":2,\"name\":\"Tienda\",\"item\":\"https:\\\/\\\/amster.cl\\\/tienda\\\/\"},{\"@type\":\"ListItem\",\"position\":3,\"name\":\"Struktol\u00ae ZB 47\"}]},{\"@type\":\"WebSite\",\"@id\":\"https:\\\/\\\/amster.cl\\\/#website\",\"url\":\"https:\\\/\\\/amster.cl\\\/\",\"name\":\"AMSTER\",\"description\":\"Proveedor de materias primas para la industria chilena\",\"potentialAction\":[{\"@type\":\"SearchAction\",\"target\":{\"@type\":\"EntryPoint\",\"urlTemplate\":\"https:\\\/\\\/amster.cl\\\/?s={search_term_string}\"},\"query-input\":{\"@type\":\"PropertyValueSpecification\",\"valueRequired\":true,\"valueName\":\"search_term_string\"}}],\"inLanguage\":\"en-US\"}]}<\/script>\n<!-- \/ Yoast SEO plugin. -->","yoast_head_json":{"title":"Struktol\u00ae ZB 47 - AMSTER","robots":{"index":"index","follow":"follow","max-snippet":"max-snippet:-1","max-image-preview":"max-image-preview:large","max-video-preview":"max-video-preview:-1"},"canonical":"https:\/\/amster.cl\/en\/shop\/struktol-zb-47\/","og_locale":"en_US","og_type":"article","og_title":"Struktol\u00ae ZB 47 - AMSTER","og_description":"Compuesto de jab\u00f3n de zinc que ayuda al procesamiento de sistemas cargados. Da estabilidad t\u00e9rmica (resistencia a la reversi\u00f3n), mejora las propiedades din\u00e1micas y la tactocidad de compuestos de caucho natural que contienen cargas minerales y acoplantes base silano. Puede reemplazar parcialmente el \u00e1cido este\u00e1rico en compuesto de SBR y NBR manteniendo adem\u00e1s las propiedades f\u00edsicas y mec\u00e1nicas sin alteraci\u00f3n.","og_url":"https:\/\/amster.cl\/en\/shop\/struktol-zb-47\/","og_site_name":"AMSTER","twitter_card":"summary_large_image","schema":{"@context":"https:\/\/schema.org","@graph":[{"@type":"WebPage","@id":"https:\/\/amster.cl\/en\/shop\/struktol-zb-47\/","url":"https:\/\/amster.cl\/en\/shop\/struktol-zb-47\/","name":"Struktol\u00ae ZB 47 - AMSTER","isPartOf":{"@id":"https:\/\/amster.cl\/#website"},"datePublished":"2022-06-30T07:57:24+00:00","breadcrumb":{"@id":"https:\/\/amster.cl\/en\/shop\/struktol-zb-47\/#breadcrumb"},"inLanguage":"en-US","potentialAction":[{"@type":"ReadAction","target":["https:\/\/amster.cl\/en\/shop\/struktol-zb-47\/"]}]},{"@type":"BreadcrumbList","@id":"https:\/\/amster.cl\/en\/shop\/struktol-zb-47\/#breadcrumb","itemListElement":[{"@type":"ListItem","position":1,"name":"Portada","item":"https:\/\/amster.cl\/"},{"@type":"ListItem","position":2,"name":"Tienda","item":"https:\/\/amster.cl\/tienda\/"},{"@type":"ListItem","position":3,"name":"Struktol\u00ae ZB 47"}]},{"@type":"WebSite","@id":"https:\/\/amster.cl\/#website","url":"https:\/\/amster.cl\/","name":"AMSTER","description":"Proveedor de materias primas para la industria chilena","potentialAction":[{"@type":"SearchAction","target":{"@type":"EntryPoint","urlTemplate":"https:\/\/amster.cl\/?s={search_term_string}"},"query-input":{"@type":"PropertyValueSpecification","valueRequired":true,"valueName":"search_term_string"}}],"inLanguage":"en-US"}]}},"brands":[{"id":677,"name":"Struktol","slug":"struktol"}],"_links":{"self":[{"href":"https:\/\/amster.cl\/en\/wp-json\/wp\/v2\/product\/3195","targetHints":{"allow":["GET"]}}],"collection":[{"href":"https:\/\/amster.cl\/en\/wp-json\/wp\/v2\/product"}],"about":[{"href":"https:\/\/amster.cl\/en\/wp-json\/wp\/v2\/types\/product"}],"wp:attachment":[{"href":"https:\/\/amster.cl\/en\/wp-json\/wp\/v2\/media?parent=3195"}],"wp:term":[{"taxonomy":"pwb-brand","embeddable":true,"href":"https:\/\/amster.cl\/en\/wp-json\/wp\/v2\/pwb-brand?post=3195"},{"taxonomy":"product_brand","embeddable":true,"href":"https:\/\/amster.cl\/en\/wp-json\/wp\/v2\/product_brand?post=3195"},{"taxonomy":"product_cat","embeddable":true,"href":"https:\/\/amster.cl\/en\/wp-json\/wp\/v2\/product_cat?post=3195"},{"taxonomy":"product_tag","embeddable":true,"href":"https:\/\/amster.cl\/en\/wp-json\/wp\/v2\/product_tag?post=3195"}],"curies":[{"name":"wp","href":"https:\/\/api.w.org\/{rel}","templated":true}]}}