{"id":3196,"date":"2022-06-30T03:57:24","date_gmt":"2022-06-30T07:57:24","guid":{"rendered":"http:\/\/192.46.216.108\/~amster\/producto\/struktol-zeh-dl\/"},"modified":"2023-03-17T09:05:24","modified_gmt":"2023-03-17T13:05:24","slug":"struktol-zeh-dl","status":"publish","type":"product","link":"https:\/\/amster.cl\/en\/shop\/struktol-zeh-dl\/","title":{"rendered":"Struktol\u00ae ZEH-DL"},"content":{"rendered":"","protected":false},"excerpt":{"rendered":"<p>Mixture of silica and zinc-2-ethylhexanoate powder that acts as an activator in natural rubber compounds instead of stearic acid. Reduces stress relaxation and primary creep in compounds with efficient vulcanication systems. It also offers thermal stability (resistance to reversal) of natural rubber compounds containing thiazole-based accelerators. It can partially replace stearic acid in synthetic rubber compounds such as SBR and NBR, keeps the values of mechanical and physical properties constant due to its ease of dispersion.<\/p>","protected":false},"featured_media":0,"template":"","meta":[],"pwb-brand":[677],"product_brand":[],"product_cat":[546,521],"product_tag":[],"class_list":{"0":"post-3196","1":"product","2":"type-product","3":"status-publish","5":"pwb-brand-struktol","6":"product_cat-activadores-de-vulcanizacion","7":"product_cat-aditivos-caucho","9":"first","10":"instock","11":"shipping-taxable","12":"product-type-simple","13":"prodpage-classic"},"yoast_head":"<!-- This site is optimized with the Yoast SEO plugin v27.4 - https:\/\/yoast.com\/product\/yoast-seo-wordpress\/ -->\n<title>Struktol\u00ae ZEH-DL - AMSTER<\/title>\n<meta name=\"robots\" content=\"index, follow, max-snippet:-1, max-image-preview:large, max-video-preview:-1\" \/>\n<link rel=\"canonical\" href=\"https:\/\/amster.cl\/en\/shop\/struktol-zeh-dl\/\" \/>\n<meta property=\"og:locale\" content=\"en_US\" \/>\n<meta property=\"og:type\" content=\"article\" \/>\n<meta property=\"og:title\" content=\"Struktol\u00ae ZEH-DL - AMSTER\" \/>\n<meta property=\"og:description\" content=\"Mezcla de s\u00edlice y zinc-2-etilhexanoato en polvo que act\u00faa como activador en compuestos de caucho natural en lugar del \u00e1cido este\u00e1rico. Reduce la relajaci\u00f3n de esfuerzos y el creep primario en compuestos con sistemas de vulcanicaci\u00f3n eficiente. Adem\u00e1s ofrece estabilidad t\u00e9rmica (resistencia a la reversi\u00f3n) de compuestos de caucho natural que contiene aceleradores basados en tiazoles. Puede reemplazar parcialmente el \u00e1cido este\u00e1rico en compuestos de caucho sint\u00e9tico como el SBR y el NBR, mantiene los valores de las propiedades mec\u00e1nicas y f\u00edsicas constantes debido a su facilidad de dispersi\u00f3n.\" \/>\n<meta property=\"og:url\" content=\"https:\/\/amster.cl\/en\/shop\/struktol-zeh-dl\/\" \/>\n<meta property=\"og:site_name\" content=\"AMSTER\" \/>\n<meta property=\"article:modified_time\" content=\"2023-03-17T13:05:24+00:00\" \/>\n<meta name=\"twitter:card\" content=\"summary_large_image\" \/>\n<script type=\"application\/ld+json\" class=\"yoast-schema-graph\">{\"@context\":\"https:\\\/\\\/schema.org\",\"@graph\":[{\"@type\":\"WebPage\",\"@id\":\"https:\\\/\\\/amster.cl\\\/shop\\\/struktol-zeh-dl\\\/\",\"url\":\"https:\\\/\\\/amster.cl\\\/shop\\\/struktol-zeh-dl\\\/\",\"name\":\"Struktol\u00ae ZEH-DL - AMSTER\",\"isPartOf\":{\"@id\":\"https:\\\/\\\/amster.cl\\\/#website\"},\"datePublished\":\"2022-06-30T07:57:24+00:00\",\"dateModified\":\"2023-03-17T13:05:24+00:00\",\"breadcrumb\":{\"@id\":\"https:\\\/\\\/amster.cl\\\/shop\\\/struktol-zeh-dl\\\/#breadcrumb\"},\"inLanguage\":\"en-US\",\"potentialAction\":[{\"@type\":\"ReadAction\",\"target\":[\"https:\\\/\\\/amster.cl\\\/shop\\\/struktol-zeh-dl\\\/\"]}]},{\"@type\":\"BreadcrumbList\",\"@id\":\"https:\\\/\\\/amster.cl\\\/shop\\\/struktol-zeh-dl\\\/#breadcrumb\",\"itemListElement\":[{\"@type\":\"ListItem\",\"position\":1,\"name\":\"Portada\",\"item\":\"https:\\\/\\\/amster.cl\\\/\"},{\"@type\":\"ListItem\",\"position\":2,\"name\":\"Tienda\",\"item\":\"https:\\\/\\\/amster.cl\\\/tienda\\\/\"},{\"@type\":\"ListItem\",\"position\":3,\"name\":\"Struktol\u00ae ZEH-DL\"}]},{\"@type\":\"WebSite\",\"@id\":\"https:\\\/\\\/amster.cl\\\/#website\",\"url\":\"https:\\\/\\\/amster.cl\\\/\",\"name\":\"AMSTER\",\"description\":\"Proveedor de materias primas para la industria chilena\",\"potentialAction\":[{\"@type\":\"SearchAction\",\"target\":{\"@type\":\"EntryPoint\",\"urlTemplate\":\"https:\\\/\\\/amster.cl\\\/?s={search_term_string}\"},\"query-input\":{\"@type\":\"PropertyValueSpecification\",\"valueRequired\":true,\"valueName\":\"search_term_string\"}}],\"inLanguage\":\"en-US\"}]}<\/script>\n<!-- \/ Yoast SEO plugin. -->","yoast_head_json":{"title":"Struktol\u00ae ZEH-DL - AMSTER","robots":{"index":"index","follow":"follow","max-snippet":"max-snippet:-1","max-image-preview":"max-image-preview:large","max-video-preview":"max-video-preview:-1"},"canonical":"https:\/\/amster.cl\/en\/shop\/struktol-zeh-dl\/","og_locale":"en_US","og_type":"article","og_title":"Struktol\u00ae ZEH-DL - AMSTER","og_description":"Mezcla de s\u00edlice y zinc-2-etilhexanoato en polvo que act\u00faa como activador en compuestos de caucho natural en lugar del \u00e1cido este\u00e1rico. Reduce la relajaci\u00f3n de esfuerzos y el creep primario en compuestos con sistemas de vulcanicaci\u00f3n eficiente. Adem\u00e1s ofrece estabilidad t\u00e9rmica (resistencia a la reversi\u00f3n) de compuestos de caucho natural que contiene aceleradores basados en tiazoles. Puede reemplazar parcialmente el \u00e1cido este\u00e1rico en compuestos de caucho sint\u00e9tico como el SBR y el NBR, mantiene los valores de las propiedades mec\u00e1nicas y f\u00edsicas constantes debido a su facilidad de dispersi\u00f3n.","og_url":"https:\/\/amster.cl\/en\/shop\/struktol-zeh-dl\/","og_site_name":"AMSTER","article_modified_time":"2023-03-17T13:05:24+00:00","twitter_card":"summary_large_image","schema":{"@context":"https:\/\/schema.org","@graph":[{"@type":"WebPage","@id":"https:\/\/amster.cl\/shop\/struktol-zeh-dl\/","url":"https:\/\/amster.cl\/shop\/struktol-zeh-dl\/","name":"Struktol\u00ae ZEH-DL - AMSTER","isPartOf":{"@id":"https:\/\/amster.cl\/#website"},"datePublished":"2022-06-30T07:57:24+00:00","dateModified":"2023-03-17T13:05:24+00:00","breadcrumb":{"@id":"https:\/\/amster.cl\/shop\/struktol-zeh-dl\/#breadcrumb"},"inLanguage":"en-US","potentialAction":[{"@type":"ReadAction","target":["https:\/\/amster.cl\/shop\/struktol-zeh-dl\/"]}]},{"@type":"BreadcrumbList","@id":"https:\/\/amster.cl\/shop\/struktol-zeh-dl\/#breadcrumb","itemListElement":[{"@type":"ListItem","position":1,"name":"Portada","item":"https:\/\/amster.cl\/"},{"@type":"ListItem","position":2,"name":"Tienda","item":"https:\/\/amster.cl\/tienda\/"},{"@type":"ListItem","position":3,"name":"Struktol\u00ae ZEH-DL"}]},{"@type":"WebSite","@id":"https:\/\/amster.cl\/#website","url":"https:\/\/amster.cl\/","name":"AMSTER","description":"Proveedor de materias primas para la industria chilena","potentialAction":[{"@type":"SearchAction","target":{"@type":"EntryPoint","urlTemplate":"https:\/\/amster.cl\/?s={search_term_string}"},"query-input":{"@type":"PropertyValueSpecification","valueRequired":true,"valueName":"search_term_string"}}],"inLanguage":"en-US"}]}},"brands":[{"id":677,"name":"Struktol","slug":"struktol"}],"_links":{"self":[{"href":"https:\/\/amster.cl\/en\/wp-json\/wp\/v2\/product\/3196","targetHints":{"allow":["GET"]}}],"collection":[{"href":"https:\/\/amster.cl\/en\/wp-json\/wp\/v2\/product"}],"about":[{"href":"https:\/\/amster.cl\/en\/wp-json\/wp\/v2\/types\/product"}],"wp:attachment":[{"href":"https:\/\/amster.cl\/en\/wp-json\/wp\/v2\/media?parent=3196"}],"wp:term":[{"taxonomy":"pwb-brand","embeddable":true,"href":"https:\/\/amster.cl\/en\/wp-json\/wp\/v2\/pwb-brand?post=3196"},{"taxonomy":"product_brand","embeddable":true,"href":"https:\/\/amster.cl\/en\/wp-json\/wp\/v2\/product_brand?post=3196"},{"taxonomy":"product_cat","embeddable":true,"href":"https:\/\/amster.cl\/en\/wp-json\/wp\/v2\/product_cat?post=3196"},{"taxonomy":"product_tag","embeddable":true,"href":"https:\/\/amster.cl\/en\/wp-json\/wp\/v2\/product_tag?post=3196"}],"curies":[{"name":"wp","href":"https:\/\/api.w.org\/{rel}","templated":true}]}}