{"id":3197,"date":"2022-06-30T03:57:24","date_gmt":"2022-06-30T07:57:24","guid":{"rendered":"http:\/\/192.46.216.108\/~amster\/producto\/stuktol-wb-212\/"},"modified":"2022-06-30T03:57:24","modified_gmt":"2022-06-30T07:57:24","slug":"stuktol-wb-212","status":"publish","type":"product","link":"https:\/\/amster.cl\/en\/shop\/stuktol-wb-212\/","title":{"rendered":"Stuktol\u00ae WB 212"},"content":{"rendered":"","protected":false},"excerpt":{"rendered":"<p>Zinc-free blend of high molecular weight aliphatic fatty acid esters, inert condensation and loading products that improves the processing properties of the compound without affecting the physical properties. It acts as a dispersant of powder materials and accelerates their incorporation, reducing mixing time. Prevents the adhesion of the compound to rotors and rollers, as well as the risk of scorch of highly loaded compounds. Being also plasticizer, the mold can be filled faster at lower pressures during injection or transfer molding, it also helps to demold easily. It has no effect on vulcanization even if the system uses peroxides but may cause a slight activation of the process in chlorosulfonated compounds.<\/p>","protected":false},"featured_media":0,"template":"","meta":[],"pwb-brand":[677],"product_brand":[],"product_cat":[521,679,516],"product_tag":[],"class_list":{"0":"post-3197","1":"product","2":"type-product","3":"status-publish","5":"pwb-brand-struktol","6":"product_cat-aditivos-caucho","7":"product_cat-ayudantes-de-proceso-aditivos-caucho","8":"product_cat-caucho","10":"first","11":"instock","12":"shipping-taxable","13":"product-type-simple","14":"prodpage-classic"},"yoast_head":"<!-- This site is optimized with the Yoast SEO plugin v27.4 - https:\/\/yoast.com\/product\/yoast-seo-wordpress\/ -->\n<title>Stuktol\u00ae WB 212 - AMSTER<\/title>\n<meta name=\"robots\" content=\"index, follow, max-snippet:-1, max-image-preview:large, max-video-preview:-1\" \/>\n<link rel=\"canonical\" href=\"https:\/\/amster.cl\/en\/shop\/stuktol-wb-212\/\" \/>\n<meta property=\"og:locale\" content=\"en_US\" \/>\n<meta property=\"og:type\" content=\"article\" \/>\n<meta property=\"og:title\" content=\"Stuktol\u00ae WB 212 - AMSTER\" \/>\n<meta property=\"og:description\" content=\"Mezcla libre de zinc de \u00e9steres de \u00e1cidos grasos alif\u00e1ticos de alto peso molecular, productos de condensaci\u00f3n y carga inertes que mejora las propiedades de procesamiento del compuesto sin afectar las propiedades f\u00edsicas. Act\u00faa como dispersante de materiales en polvo y acelera la incorporaci\u00f3n de los mismos, disminuyendo el tiempo de mezclado. Previene la adhesi\u00f3n del compuesto a los rotores y rodillos, adem\u00e1s de riesgo de scorch de compuestos altamente cargados. Al ser adem\u00e1s plastificante, se puede llenar el molde m\u00e1s r\u00e1pido a presiones menores durante la inyecci\u00f3n o moldeo por transferencia, ayuda tambi\u00e9n a desmoldear f\u00e1cilmente. No tiene efecto en la vulcanizaci\u00f3n incluso si es sistema usa per\u00f3xidos pero puede causar una ligera activaci\u00f3n del proceso en compuestos clorosulfonados.\" \/>\n<meta property=\"og:url\" content=\"https:\/\/amster.cl\/en\/shop\/stuktol-wb-212\/\" \/>\n<meta property=\"og:site_name\" content=\"AMSTER\" \/>\n<meta name=\"twitter:card\" content=\"summary_large_image\" \/>\n<script type=\"application\/ld+json\" class=\"yoast-schema-graph\">{\"@context\":\"https:\\\/\\\/schema.org\",\"@graph\":[{\"@type\":\"WebPage\",\"@id\":\"https:\\\/\\\/amster.cl\\\/shop\\\/stuktol-wb-212\\\/\",\"url\":\"https:\\\/\\\/amster.cl\\\/shop\\\/stuktol-wb-212\\\/\",\"name\":\"Stuktol\u00ae WB 212 - AMSTER\",\"isPartOf\":{\"@id\":\"https:\\\/\\\/amster.cl\\\/#website\"},\"datePublished\":\"2022-06-30T07:57:24+00:00\",\"breadcrumb\":{\"@id\":\"https:\\\/\\\/amster.cl\\\/shop\\\/stuktol-wb-212\\\/#breadcrumb\"},\"inLanguage\":\"en-US\",\"potentialAction\":[{\"@type\":\"ReadAction\",\"target\":[\"https:\\\/\\\/amster.cl\\\/shop\\\/stuktol-wb-212\\\/\"]}]},{\"@type\":\"BreadcrumbList\",\"@id\":\"https:\\\/\\\/amster.cl\\\/shop\\\/stuktol-wb-212\\\/#breadcrumb\",\"itemListElement\":[{\"@type\":\"ListItem\",\"position\":1,\"name\":\"Portada\",\"item\":\"https:\\\/\\\/amster.cl\\\/\"},{\"@type\":\"ListItem\",\"position\":2,\"name\":\"Tienda\",\"item\":\"https:\\\/\\\/amster.cl\\\/tienda\\\/\"},{\"@type\":\"ListItem\",\"position\":3,\"name\":\"Stuktol\u00ae WB 212\"}]},{\"@type\":\"WebSite\",\"@id\":\"https:\\\/\\\/amster.cl\\\/#website\",\"url\":\"https:\\\/\\\/amster.cl\\\/\",\"name\":\"AMSTER\",\"description\":\"Proveedor de materias primas para la industria chilena\",\"potentialAction\":[{\"@type\":\"SearchAction\",\"target\":{\"@type\":\"EntryPoint\",\"urlTemplate\":\"https:\\\/\\\/amster.cl\\\/?s={search_term_string}\"},\"query-input\":{\"@type\":\"PropertyValueSpecification\",\"valueRequired\":true,\"valueName\":\"search_term_string\"}}],\"inLanguage\":\"en-US\"}]}<\/script>\n<!-- \/ Yoast SEO plugin. -->","yoast_head_json":{"title":"Stuktol\u00ae WB 212 - AMSTER","robots":{"index":"index","follow":"follow","max-snippet":"max-snippet:-1","max-image-preview":"max-image-preview:large","max-video-preview":"max-video-preview:-1"},"canonical":"https:\/\/amster.cl\/en\/shop\/stuktol-wb-212\/","og_locale":"en_US","og_type":"article","og_title":"Stuktol\u00ae WB 212 - AMSTER","og_description":"Mezcla libre de zinc de \u00e9steres de \u00e1cidos grasos alif\u00e1ticos de alto peso molecular, productos de condensaci\u00f3n y carga inertes que mejora las propiedades de procesamiento del compuesto sin afectar las propiedades f\u00edsicas. Act\u00faa como dispersante de materiales en polvo y acelera la incorporaci\u00f3n de los mismos, disminuyendo el tiempo de mezclado. Previene la adhesi\u00f3n del compuesto a los rotores y rodillos, adem\u00e1s de riesgo de scorch de compuestos altamente cargados. Al ser adem\u00e1s plastificante, se puede llenar el molde m\u00e1s r\u00e1pido a presiones menores durante la inyecci\u00f3n o moldeo por transferencia, ayuda tambi\u00e9n a desmoldear f\u00e1cilmente. No tiene efecto en la vulcanizaci\u00f3n incluso si es sistema usa per\u00f3xidos pero puede causar una ligera activaci\u00f3n del proceso en compuestos clorosulfonados.","og_url":"https:\/\/amster.cl\/en\/shop\/stuktol-wb-212\/","og_site_name":"AMSTER","twitter_card":"summary_large_image","schema":{"@context":"https:\/\/schema.org","@graph":[{"@type":"WebPage","@id":"https:\/\/amster.cl\/shop\/stuktol-wb-212\/","url":"https:\/\/amster.cl\/shop\/stuktol-wb-212\/","name":"Stuktol\u00ae WB 212 - AMSTER","isPartOf":{"@id":"https:\/\/amster.cl\/#website"},"datePublished":"2022-06-30T07:57:24+00:00","breadcrumb":{"@id":"https:\/\/amster.cl\/shop\/stuktol-wb-212\/#breadcrumb"},"inLanguage":"en-US","potentialAction":[{"@type":"ReadAction","target":["https:\/\/amster.cl\/shop\/stuktol-wb-212\/"]}]},{"@type":"BreadcrumbList","@id":"https:\/\/amster.cl\/shop\/stuktol-wb-212\/#breadcrumb","itemListElement":[{"@type":"ListItem","position":1,"name":"Portada","item":"https:\/\/amster.cl\/"},{"@type":"ListItem","position":2,"name":"Tienda","item":"https:\/\/amster.cl\/tienda\/"},{"@type":"ListItem","position":3,"name":"Stuktol\u00ae WB 212"}]},{"@type":"WebSite","@id":"https:\/\/amster.cl\/#website","url":"https:\/\/amster.cl\/","name":"AMSTER","description":"Proveedor de materias primas para la industria chilena","potentialAction":[{"@type":"SearchAction","target":{"@type":"EntryPoint","urlTemplate":"https:\/\/amster.cl\/?s={search_term_string}"},"query-input":{"@type":"PropertyValueSpecification","valueRequired":true,"valueName":"search_term_string"}}],"inLanguage":"en-US"}]}},"brands":[{"id":677,"name":"Struktol","slug":"struktol"}],"_links":{"self":[{"href":"https:\/\/amster.cl\/en\/wp-json\/wp\/v2\/product\/3197","targetHints":{"allow":["GET"]}}],"collection":[{"href":"https:\/\/amster.cl\/en\/wp-json\/wp\/v2\/product"}],"about":[{"href":"https:\/\/amster.cl\/en\/wp-json\/wp\/v2\/types\/product"}],"wp:attachment":[{"href":"https:\/\/amster.cl\/en\/wp-json\/wp\/v2\/media?parent=3197"}],"wp:term":[{"taxonomy":"pwb-brand","embeddable":true,"href":"https:\/\/amster.cl\/en\/wp-json\/wp\/v2\/pwb-brand?post=3197"},{"taxonomy":"product_brand","embeddable":true,"href":"https:\/\/amster.cl\/en\/wp-json\/wp\/v2\/product_brand?post=3197"},{"taxonomy":"product_cat","embeddable":true,"href":"https:\/\/amster.cl\/en\/wp-json\/wp\/v2\/product_cat?post=3197"},{"taxonomy":"product_tag","embeddable":true,"href":"https:\/\/amster.cl\/en\/wp-json\/wp\/v2\/product_tag?post=3197"}],"curies":[{"name":"wp","href":"https:\/\/api.w.org\/{rel}","templated":true}]}}