{"id":3199,"date":"2022-06-30T03:57:24","date_gmt":"2022-06-30T07:57:24","guid":{"rendered":"http:\/\/192.46.216.108\/~amster\/producto\/van-gel-b\/"},"modified":"2023-03-17T10:58:32","modified_gmt":"2023-03-17T14:58:32","slug":"van-gel-b","status":"publish","type":"product","link":"https:\/\/amster.cl\/en\/shop\/van-gel-b\/","title":{"rendered":"Van Gel\u00ae B"},"content":{"rendered":"","protected":false},"excerpt":{"rendered":"<p>Mixture of silica and zinc-2-ethylhexanoate powder that acts as an activator in natural rubber compounds instead of stearic acid. Reduces stress relaxation and primary creep in compounds with efficient vulcanication systems. It also offers thermal stability (resistance to reversal) of natural rubber compounds containing thiazole-based accelerators. It can partially replace stearic acid in synthetic rubber compounds such as SBR and NBR, keeps the values of mechanical and physical properties constant due to its ease of dispersion.<\/p>","protected":false},"featured_media":0,"template":"","meta":[],"pwb-brand":[541],"product_brand":[],"product_cat":[582,684],"product_tag":[],"class_list":{"0":"post-3199","1":"product","2":"type-product","3":"status-publish","5":"pwb-brand-vanderbilt-chemicals","6":"product_cat-aditivos-frp","7":"product_cat-ayudantes-de-proceso-aditivos-agroindustria","9":"first","10":"instock","11":"shipping-taxable","12":"product-type-simple","13":"prodpage-classic"},"yoast_head":"<!-- This site is optimized with the Yoast SEO plugin v27.4 - https:\/\/yoast.com\/product\/yoast-seo-wordpress\/ -->\n<title>Van Gel\u00ae B - AMSTER<\/title>\n<meta name=\"robots\" content=\"index, follow, max-snippet:-1, max-image-preview:large, max-video-preview:-1\" \/>\n<link rel=\"canonical\" href=\"https:\/\/amster.cl\/en\/producto\/van-gel-b\/\" \/>\n<meta property=\"og:locale\" content=\"en_US\" \/>\n<meta property=\"og:type\" content=\"article\" \/>\n<meta property=\"og:title\" content=\"Van Gel\u00ae B - AMSTER\" \/>\n<meta property=\"og:description\" content=\"Aluminosilicato de magnesio en suspensi\u00f3n que estabiliza, optimiza y modifica la reolog\u00eda de emulsiones y concentrados en suspensi\u00f3n, adem\u00e1s de dar alta estabilidad, baja viscosidad y fluidez. Puede combinarse con espesantes y es de uso industrial. No se recomienda para uso farmac\u00e9utico o cosm\u00e9tico.\" \/>\n<meta property=\"og:url\" content=\"https:\/\/amster.cl\/en\/producto\/van-gel-b\/\" \/>\n<meta property=\"og:site_name\" content=\"AMSTER\" \/>\n<meta property=\"article:modified_time\" content=\"2023-03-17T14:58:32+00:00\" \/>\n<meta name=\"twitter:card\" content=\"summary_large_image\" \/>\n<script type=\"application\/ld+json\" class=\"yoast-schema-graph\">{\"@context\":\"https:\\\/\\\/schema.org\",\"@graph\":[{\"@type\":\"WebPage\",\"@id\":\"https:\\\/\\\/amster.cl\\\/producto\\\/van-gel-b\\\/\",\"url\":\"https:\\\/\\\/amster.cl\\\/producto\\\/van-gel-b\\\/\",\"name\":\"Van Gel\u00ae B - AMSTER\",\"isPartOf\":{\"@id\":\"https:\\\/\\\/amster.cl\\\/#website\"},\"datePublished\":\"2022-06-30T07:57:24+00:00\",\"dateModified\":\"2023-03-17T14:58:32+00:00\",\"breadcrumb\":{\"@id\":\"https:\\\/\\\/amster.cl\\\/producto\\\/van-gel-b\\\/#breadcrumb\"},\"inLanguage\":\"en-US\",\"potentialAction\":[{\"@type\":\"ReadAction\",\"target\":[\"https:\\\/\\\/amster.cl\\\/producto\\\/van-gel-b\\\/\"]}]},{\"@type\":\"BreadcrumbList\",\"@id\":\"https:\\\/\\\/amster.cl\\\/producto\\\/van-gel-b\\\/#breadcrumb\",\"itemListElement\":[{\"@type\":\"ListItem\",\"position\":1,\"name\":\"Portada\",\"item\":\"https:\\\/\\\/amster.cl\\\/\"},{\"@type\":\"ListItem\",\"position\":2,\"name\":\"Tienda\",\"item\":\"https:\\\/\\\/amster.cl\\\/tienda\\\/\"},{\"@type\":\"ListItem\",\"position\":3,\"name\":\"Van Gel\u00ae B\"}]},{\"@type\":\"WebSite\",\"@id\":\"https:\\\/\\\/amster.cl\\\/#website\",\"url\":\"https:\\\/\\\/amster.cl\\\/\",\"name\":\"AMSTER\",\"description\":\"Proveedor de materias primas para la industria chilena\",\"potentialAction\":[{\"@type\":\"SearchAction\",\"target\":{\"@type\":\"EntryPoint\",\"urlTemplate\":\"https:\\\/\\\/amster.cl\\\/?s={search_term_string}\"},\"query-input\":{\"@type\":\"PropertyValueSpecification\",\"valueRequired\":true,\"valueName\":\"search_term_string\"}}],\"inLanguage\":\"en-US\"}]}<\/script>\n<!-- \/ Yoast SEO plugin. -->","yoast_head_json":{"title":"Van Gel\u00ae B - AMSTER","robots":{"index":"index","follow":"follow","max-snippet":"max-snippet:-1","max-image-preview":"max-image-preview:large","max-video-preview":"max-video-preview:-1"},"canonical":"https:\/\/amster.cl\/en\/producto\/van-gel-b\/","og_locale":"en_US","og_type":"article","og_title":"Van Gel\u00ae B - AMSTER","og_description":"Aluminosilicato de magnesio en suspensi\u00f3n que estabiliza, optimiza y modifica la reolog\u00eda de emulsiones y concentrados en suspensi\u00f3n, adem\u00e1s de dar alta estabilidad, baja viscosidad y fluidez. Puede combinarse con espesantes y es de uso industrial. No se recomienda para uso farmac\u00e9utico o cosm\u00e9tico.","og_url":"https:\/\/amster.cl\/en\/producto\/van-gel-b\/","og_site_name":"AMSTER","article_modified_time":"2023-03-17T14:58:32+00:00","twitter_card":"summary_large_image","schema":{"@context":"https:\/\/schema.org","@graph":[{"@type":"WebPage","@id":"https:\/\/amster.cl\/producto\/van-gel-b\/","url":"https:\/\/amster.cl\/producto\/van-gel-b\/","name":"Van Gel\u00ae B - AMSTER","isPartOf":{"@id":"https:\/\/amster.cl\/#website"},"datePublished":"2022-06-30T07:57:24+00:00","dateModified":"2023-03-17T14:58:32+00:00","breadcrumb":{"@id":"https:\/\/amster.cl\/producto\/van-gel-b\/#breadcrumb"},"inLanguage":"en-US","potentialAction":[{"@type":"ReadAction","target":["https:\/\/amster.cl\/producto\/van-gel-b\/"]}]},{"@type":"BreadcrumbList","@id":"https:\/\/amster.cl\/producto\/van-gel-b\/#breadcrumb","itemListElement":[{"@type":"ListItem","position":1,"name":"Portada","item":"https:\/\/amster.cl\/"},{"@type":"ListItem","position":2,"name":"Tienda","item":"https:\/\/amster.cl\/tienda\/"},{"@type":"ListItem","position":3,"name":"Van Gel\u00ae B"}]},{"@type":"WebSite","@id":"https:\/\/amster.cl\/#website","url":"https:\/\/amster.cl\/","name":"AMSTER","description":"Proveedor de materias primas para la industria chilena","potentialAction":[{"@type":"SearchAction","target":{"@type":"EntryPoint","urlTemplate":"https:\/\/amster.cl\/?s={search_term_string}"},"query-input":{"@type":"PropertyValueSpecification","valueRequired":true,"valueName":"search_term_string"}}],"inLanguage":"en-US"}]}},"brands":[{"id":541,"name":"Vanderbilt Chemicals","slug":"vanderbilt-chemicals"}],"_links":{"self":[{"href":"https:\/\/amster.cl\/en\/wp-json\/wp\/v2\/product\/3199","targetHints":{"allow":["GET"]}}],"collection":[{"href":"https:\/\/amster.cl\/en\/wp-json\/wp\/v2\/product"}],"about":[{"href":"https:\/\/amster.cl\/en\/wp-json\/wp\/v2\/types\/product"}],"wp:attachment":[{"href":"https:\/\/amster.cl\/en\/wp-json\/wp\/v2\/media?parent=3199"}],"wp:term":[{"taxonomy":"pwb-brand","embeddable":true,"href":"https:\/\/amster.cl\/en\/wp-json\/wp\/v2\/pwb-brand?post=3199"},{"taxonomy":"product_brand","embeddable":true,"href":"https:\/\/amster.cl\/en\/wp-json\/wp\/v2\/product_brand?post=3199"},{"taxonomy":"product_cat","embeddable":true,"href":"https:\/\/amster.cl\/en\/wp-json\/wp\/v2\/product_cat?post=3199"},{"taxonomy":"product_tag","embeddable":true,"href":"https:\/\/amster.cl\/en\/wp-json\/wp\/v2\/product_tag?post=3199"}],"curies":[{"name":"wp","href":"https:\/\/api.w.org\/{rel}","templated":true}]}}