{"id":3201,"date":"2022-06-30T03:57:25","date_gmt":"2022-06-30T07:57:25","guid":{"rendered":"http:\/\/192.46.216.108\/~amster\/producto\/veegum-r\/"},"modified":"2023-03-17T11:04:36","modified_gmt":"2023-03-17T15:04:36","slug":"veegum-r","status":"publish","type":"product","link":"https:\/\/amster.cl\/en\/shop\/veegum-r\/","title":{"rendered":"Veegum\u00ae R"},"content":{"rendered":"","protected":false},"excerpt":{"rendered":"<p>Magnesium aluminosilicate that provides stabilizes, optimizes and modifies the rheology of emulsions and concentrates in suspension that also reduces the slippery or sticky sensation of rubbers and polymers providing a silky and dry sensation to the touch of topical preparations and oral and dental products where it can be used as a flavor masker. It is widely used in API solutions (with pharmacologically active ingredients), creams and suspensions with pH greater than 6 (neutral and alkaline) as well as in shampoos. It can also be used as a binder\/disintegrator of tablets and as a release regulator in tablets manufactured by wet granulation.<\/p>","protected":false},"featured_media":0,"template":"","meta":[],"pwb-brand":[541],"product_brand":[],"product_cat":[582,684],"product_tag":[],"class_list":{"0":"post-3201","1":"product","2":"type-product","3":"status-publish","5":"pwb-brand-vanderbilt-chemicals","6":"product_cat-aditivos-frp","7":"product_cat-ayudantes-de-proceso-aditivos-agroindustria","9":"first","10":"instock","11":"shipping-taxable","12":"product-type-simple","13":"prodpage-classic"},"yoast_head":"<!-- This site is optimized with the Yoast SEO plugin v27.4 - https:\/\/yoast.com\/product\/yoast-seo-wordpress\/ -->\n<title>Veegum\u00ae R - AMSTER<\/title>\n<meta name=\"robots\" content=\"index, follow, max-snippet:-1, max-image-preview:large, max-video-preview:-1\" \/>\n<link rel=\"canonical\" href=\"https:\/\/amster.cl\/en\/producto\/veegum-r\/\" \/>\n<meta property=\"og:locale\" content=\"en_US\" \/>\n<meta property=\"og:type\" content=\"article\" \/>\n<meta property=\"og:title\" content=\"Veegum\u00ae R - AMSTER\" \/>\n<meta property=\"og:description\" content=\"Aluminosilicato de magnesio que proporciona estabiliza, optimiza y modifica la reolog\u00eda de emulsiones y concentrados en suspensi\u00f3n que adem\u00e1s reduce la sensaci\u00f3n resbaladiza o pegajosa de gomas y pol\u00edmeros proporcionando una sensaci\u00f3n sedosa y seca al tacto de preparaciones t\u00f3picas y productos orales y dentales donden puede ser usado como enmascarante de sabores. Es usado apliamente en soluciones API (con ingredientes farm\u00e1cogicamente activos), cremas y suspensiones con pH mayor a 6 (neutros y alcalinos) asi como en shampoos. Puede adem\u00e1s emplearse como aglutinante\/desintegrante de tabletas y como regulador de liberaci\u00f3n en tabletas fabricadas por granulaci\u00f3n h\u00fameda.\" \/>\n<meta property=\"og:url\" content=\"https:\/\/amster.cl\/en\/producto\/veegum-r\/\" \/>\n<meta property=\"og:site_name\" content=\"AMSTER\" \/>\n<meta property=\"article:modified_time\" content=\"2023-03-17T15:04:36+00:00\" \/>\n<meta name=\"twitter:card\" content=\"summary_large_image\" \/>\n<script type=\"application\/ld+json\" class=\"yoast-schema-graph\">{\"@context\":\"https:\\\/\\\/schema.org\",\"@graph\":[{\"@type\":\"WebPage\",\"@id\":\"https:\\\/\\\/amster.cl\\\/producto\\\/veegum-r\\\/\",\"url\":\"https:\\\/\\\/amster.cl\\\/producto\\\/veegum-r\\\/\",\"name\":\"Veegum\u00ae R - AMSTER\",\"isPartOf\":{\"@id\":\"https:\\\/\\\/amster.cl\\\/#website\"},\"datePublished\":\"2022-06-30T07:57:25+00:00\",\"dateModified\":\"2023-03-17T15:04:36+00:00\",\"breadcrumb\":{\"@id\":\"https:\\\/\\\/amster.cl\\\/producto\\\/veegum-r\\\/#breadcrumb\"},\"inLanguage\":\"en-US\",\"potentialAction\":[{\"@type\":\"ReadAction\",\"target\":[\"https:\\\/\\\/amster.cl\\\/producto\\\/veegum-r\\\/\"]}]},{\"@type\":\"BreadcrumbList\",\"@id\":\"https:\\\/\\\/amster.cl\\\/producto\\\/veegum-r\\\/#breadcrumb\",\"itemListElement\":[{\"@type\":\"ListItem\",\"position\":1,\"name\":\"Portada\",\"item\":\"https:\\\/\\\/amster.cl\\\/\"},{\"@type\":\"ListItem\",\"position\":2,\"name\":\"Tienda\",\"item\":\"https:\\\/\\\/amster.cl\\\/tienda\\\/\"},{\"@type\":\"ListItem\",\"position\":3,\"name\":\"Veegum\u00ae R\"}]},{\"@type\":\"WebSite\",\"@id\":\"https:\\\/\\\/amster.cl\\\/#website\",\"url\":\"https:\\\/\\\/amster.cl\\\/\",\"name\":\"AMSTER\",\"description\":\"Proveedor de materias primas para la industria chilena\",\"potentialAction\":[{\"@type\":\"SearchAction\",\"target\":{\"@type\":\"EntryPoint\",\"urlTemplate\":\"https:\\\/\\\/amster.cl\\\/?s={search_term_string}\"},\"query-input\":{\"@type\":\"PropertyValueSpecification\",\"valueRequired\":true,\"valueName\":\"search_term_string\"}}],\"inLanguage\":\"en-US\"}]}<\/script>\n<!-- \/ Yoast SEO plugin. -->","yoast_head_json":{"title":"Veegum\u00ae R - AMSTER","robots":{"index":"index","follow":"follow","max-snippet":"max-snippet:-1","max-image-preview":"max-image-preview:large","max-video-preview":"max-video-preview:-1"},"canonical":"https:\/\/amster.cl\/en\/producto\/veegum-r\/","og_locale":"en_US","og_type":"article","og_title":"Veegum\u00ae R - AMSTER","og_description":"Aluminosilicato de magnesio que proporciona estabiliza, optimiza y modifica la reolog\u00eda de emulsiones y concentrados en suspensi\u00f3n que adem\u00e1s reduce la sensaci\u00f3n resbaladiza o pegajosa de gomas y pol\u00edmeros proporcionando una sensaci\u00f3n sedosa y seca al tacto de preparaciones t\u00f3picas y productos orales y dentales donden puede ser usado como enmascarante de sabores. Es usado apliamente en soluciones API (con ingredientes farm\u00e1cogicamente activos), cremas y suspensiones con pH mayor a 6 (neutros y alcalinos) asi como en shampoos. Puede adem\u00e1s emplearse como aglutinante\/desintegrante de tabletas y como regulador de liberaci\u00f3n en tabletas fabricadas por granulaci\u00f3n h\u00fameda.","og_url":"https:\/\/amster.cl\/en\/producto\/veegum-r\/","og_site_name":"AMSTER","article_modified_time":"2023-03-17T15:04:36+00:00","twitter_card":"summary_large_image","schema":{"@context":"https:\/\/schema.org","@graph":[{"@type":"WebPage","@id":"https:\/\/amster.cl\/producto\/veegum-r\/","url":"https:\/\/amster.cl\/producto\/veegum-r\/","name":"Veegum\u00ae R - AMSTER","isPartOf":{"@id":"https:\/\/amster.cl\/#website"},"datePublished":"2022-06-30T07:57:25+00:00","dateModified":"2023-03-17T15:04:36+00:00","breadcrumb":{"@id":"https:\/\/amster.cl\/producto\/veegum-r\/#breadcrumb"},"inLanguage":"en-US","potentialAction":[{"@type":"ReadAction","target":["https:\/\/amster.cl\/producto\/veegum-r\/"]}]},{"@type":"BreadcrumbList","@id":"https:\/\/amster.cl\/producto\/veegum-r\/#breadcrumb","itemListElement":[{"@type":"ListItem","position":1,"name":"Portada","item":"https:\/\/amster.cl\/"},{"@type":"ListItem","position":2,"name":"Tienda","item":"https:\/\/amster.cl\/tienda\/"},{"@type":"ListItem","position":3,"name":"Veegum\u00ae R"}]},{"@type":"WebSite","@id":"https:\/\/amster.cl\/#website","url":"https:\/\/amster.cl\/","name":"AMSTER","description":"Proveedor de materias primas para la industria chilena","potentialAction":[{"@type":"SearchAction","target":{"@type":"EntryPoint","urlTemplate":"https:\/\/amster.cl\/?s={search_term_string}"},"query-input":{"@type":"PropertyValueSpecification","valueRequired":true,"valueName":"search_term_string"}}],"inLanguage":"en-US"}]}},"brands":[{"id":541,"name":"Vanderbilt Chemicals","slug":"vanderbilt-chemicals"}],"_links":{"self":[{"href":"https:\/\/amster.cl\/en\/wp-json\/wp\/v2\/product\/3201","targetHints":{"allow":["GET"]}}],"collection":[{"href":"https:\/\/amster.cl\/en\/wp-json\/wp\/v2\/product"}],"about":[{"href":"https:\/\/amster.cl\/en\/wp-json\/wp\/v2\/types\/product"}],"wp:attachment":[{"href":"https:\/\/amster.cl\/en\/wp-json\/wp\/v2\/media?parent=3201"}],"wp:term":[{"taxonomy":"pwb-brand","embeddable":true,"href":"https:\/\/amster.cl\/en\/wp-json\/wp\/v2\/pwb-brand?post=3201"},{"taxonomy":"product_brand","embeddable":true,"href":"https:\/\/amster.cl\/en\/wp-json\/wp\/v2\/product_brand?post=3201"},{"taxonomy":"product_cat","embeddable":true,"href":"https:\/\/amster.cl\/en\/wp-json\/wp\/v2\/product_cat?post=3201"},{"taxonomy":"product_tag","embeddable":true,"href":"https:\/\/amster.cl\/en\/wp-json\/wp\/v2\/product_tag?post=3201"}],"curies":[{"name":"wp","href":"https:\/\/api.w.org\/{rel}","templated":true}]}}