{"id":3220,"date":"2022-06-30T03:57:26","date_gmt":"2022-06-30T07:57:26","guid":{"rendered":"http:\/\/192.46.216.108\/~amster\/producto\/vulcan-6\/"},"modified":"2022-06-30T03:57:26","modified_gmt":"2022-06-30T07:57:26","slug":"vulcan-6","status":"publish","type":"product","link":"https:\/\/amster.cl\/en\/shop\/vulcan-6\/","title":{"rendered":"Vulcan\u00ae 6"},"content":{"rendered":"","protected":false},"excerpt":{"rendered":"<p>Highly reinforcing carbon black according to ISAF N220 standard grade. It has a high structure that allows better resistance to wear, tearing and cutting, has good dispersion capacity and imparts excellent processing characteristics. Recommended for truck and OTR tread compounds, passenger tires, solid tires, conveyor belts and molded components.<\/p>","protected":false},"featured_media":0,"template":"","meta":[],"pwb-brand":[573],"product_brand":[],"product_cat":[568,516,674],"product_tag":[],"class_list":{"0":"post-3220","1":"product","2":"type-product","3":"status-publish","5":"pwb-brand-cabot-corporation","6":"product_cat-cargas-caucho","7":"product_cat-caucho","8":"product_cat-negro-de-humo-cargas-caucho","10":"first","11":"instock","12":"shipping-taxable","13":"product-type-simple","14":"prodpage-classic"},"yoast_head":"<!-- This site is optimized with the Yoast SEO plugin v27.4 - https:\/\/yoast.com\/product\/yoast-seo-wordpress\/ -->\n<title>Vulcan\u00ae 6 - AMSTER<\/title>\n<meta name=\"robots\" content=\"index, follow, max-snippet:-1, max-image-preview:large, max-video-preview:-1\" \/>\n<link rel=\"canonical\" href=\"https:\/\/amster.cl\/en\/shop\/vulcan-6\/\" \/>\n<meta property=\"og:locale\" content=\"en_US\" \/>\n<meta property=\"og:type\" content=\"article\" \/>\n<meta property=\"og:title\" content=\"Vulcan\u00ae 6 - AMSTER\" \/>\n<meta property=\"og:description\" content=\"Negro de humo altamente reforzante conforme al grado est\u00e1ndar ISAF N220. Posee estructura alta que permite tener mejor resistencia al desgaste, al rasgado y al corte, tiene buena capacidad de dispersi\u00f3n e imparte excelentes caracter\u00edsticas de procesamiento. Recomedado para compuestos de bandas de rodadura de camiones y OTR, neum\u00e1ticos de pasajeros, neum\u00e1ticos s\u00f3lidos, bandas transportadoras y componentes moldeados.\" \/>\n<meta property=\"og:url\" content=\"https:\/\/amster.cl\/en\/shop\/vulcan-6\/\" \/>\n<meta property=\"og:site_name\" content=\"AMSTER\" \/>\n<meta name=\"twitter:card\" content=\"summary_large_image\" \/>\n<script type=\"application\/ld+json\" class=\"yoast-schema-graph\">{\"@context\":\"https:\\\/\\\/schema.org\",\"@graph\":[{\"@type\":\"WebPage\",\"@id\":\"https:\\\/\\\/amster.cl\\\/shop\\\/vulcan-6\\\/\",\"url\":\"https:\\\/\\\/amster.cl\\\/shop\\\/vulcan-6\\\/\",\"name\":\"Vulcan\u00ae 6 - AMSTER\",\"isPartOf\":{\"@id\":\"https:\\\/\\\/amster.cl\\\/#website\"},\"datePublished\":\"2022-06-30T07:57:26+00:00\",\"breadcrumb\":{\"@id\":\"https:\\\/\\\/amster.cl\\\/shop\\\/vulcan-6\\\/#breadcrumb\"},\"inLanguage\":\"en-US\",\"potentialAction\":[{\"@type\":\"ReadAction\",\"target\":[\"https:\\\/\\\/amster.cl\\\/shop\\\/vulcan-6\\\/\"]}]},{\"@type\":\"BreadcrumbList\",\"@id\":\"https:\\\/\\\/amster.cl\\\/shop\\\/vulcan-6\\\/#breadcrumb\",\"itemListElement\":[{\"@type\":\"ListItem\",\"position\":1,\"name\":\"Portada\",\"item\":\"https:\\\/\\\/amster.cl\\\/\"},{\"@type\":\"ListItem\",\"position\":2,\"name\":\"Tienda\",\"item\":\"https:\\\/\\\/amster.cl\\\/tienda\\\/\"},{\"@type\":\"ListItem\",\"position\":3,\"name\":\"Vulcan\u00ae 6\"}]},{\"@type\":\"WebSite\",\"@id\":\"https:\\\/\\\/amster.cl\\\/#website\",\"url\":\"https:\\\/\\\/amster.cl\\\/\",\"name\":\"AMSTER\",\"description\":\"Proveedor de materias primas para la industria chilena\",\"potentialAction\":[{\"@type\":\"SearchAction\",\"target\":{\"@type\":\"EntryPoint\",\"urlTemplate\":\"https:\\\/\\\/amster.cl\\\/?s={search_term_string}\"},\"query-input\":{\"@type\":\"PropertyValueSpecification\",\"valueRequired\":true,\"valueName\":\"search_term_string\"}}],\"inLanguage\":\"en-US\"}]}<\/script>\n<!-- \/ Yoast SEO plugin. -->","yoast_head_json":{"title":"Vulcan\u00ae 6 - AMSTER","robots":{"index":"index","follow":"follow","max-snippet":"max-snippet:-1","max-image-preview":"max-image-preview:large","max-video-preview":"max-video-preview:-1"},"canonical":"https:\/\/amster.cl\/en\/shop\/vulcan-6\/","og_locale":"en_US","og_type":"article","og_title":"Vulcan\u00ae 6 - AMSTER","og_description":"Negro de humo altamente reforzante conforme al grado est\u00e1ndar ISAF N220. Posee estructura alta que permite tener mejor resistencia al desgaste, al rasgado y al corte, tiene buena capacidad de dispersi\u00f3n e imparte excelentes caracter\u00edsticas de procesamiento. Recomedado para compuestos de bandas de rodadura de camiones y OTR, neum\u00e1ticos de pasajeros, neum\u00e1ticos s\u00f3lidos, bandas transportadoras y componentes moldeados.","og_url":"https:\/\/amster.cl\/en\/shop\/vulcan-6\/","og_site_name":"AMSTER","twitter_card":"summary_large_image","schema":{"@context":"https:\/\/schema.org","@graph":[{"@type":"WebPage","@id":"https:\/\/amster.cl\/shop\/vulcan-6\/","url":"https:\/\/amster.cl\/shop\/vulcan-6\/","name":"Vulcan\u00ae 6 - AMSTER","isPartOf":{"@id":"https:\/\/amster.cl\/#website"},"datePublished":"2022-06-30T07:57:26+00:00","breadcrumb":{"@id":"https:\/\/amster.cl\/shop\/vulcan-6\/#breadcrumb"},"inLanguage":"en-US","potentialAction":[{"@type":"ReadAction","target":["https:\/\/amster.cl\/shop\/vulcan-6\/"]}]},{"@type":"BreadcrumbList","@id":"https:\/\/amster.cl\/shop\/vulcan-6\/#breadcrumb","itemListElement":[{"@type":"ListItem","position":1,"name":"Portada","item":"https:\/\/amster.cl\/"},{"@type":"ListItem","position":2,"name":"Tienda","item":"https:\/\/amster.cl\/tienda\/"},{"@type":"ListItem","position":3,"name":"Vulcan\u00ae 6"}]},{"@type":"WebSite","@id":"https:\/\/amster.cl\/#website","url":"https:\/\/amster.cl\/","name":"AMSTER","description":"Proveedor de materias primas para la industria chilena","potentialAction":[{"@type":"SearchAction","target":{"@type":"EntryPoint","urlTemplate":"https:\/\/amster.cl\/?s={search_term_string}"},"query-input":{"@type":"PropertyValueSpecification","valueRequired":true,"valueName":"search_term_string"}}],"inLanguage":"en-US"}]}},"brands":[{"id":573,"name":"Cabot Corporation","slug":"cabot-corporation"}],"_links":{"self":[{"href":"https:\/\/amster.cl\/en\/wp-json\/wp\/v2\/product\/3220","targetHints":{"allow":["GET"]}}],"collection":[{"href":"https:\/\/amster.cl\/en\/wp-json\/wp\/v2\/product"}],"about":[{"href":"https:\/\/amster.cl\/en\/wp-json\/wp\/v2\/types\/product"}],"wp:attachment":[{"href":"https:\/\/amster.cl\/en\/wp-json\/wp\/v2\/media?parent=3220"}],"wp:term":[{"taxonomy":"pwb-brand","embeddable":true,"href":"https:\/\/amster.cl\/en\/wp-json\/wp\/v2\/pwb-brand?post=3220"},{"taxonomy":"product_brand","embeddable":true,"href":"https:\/\/amster.cl\/en\/wp-json\/wp\/v2\/product_brand?post=3220"},{"taxonomy":"product_cat","embeddable":true,"href":"https:\/\/amster.cl\/en\/wp-json\/wp\/v2\/product_cat?post=3220"},{"taxonomy":"product_tag","embeddable":true,"href":"https:\/\/amster.cl\/en\/wp-json\/wp\/v2\/product_tag?post=3220"}],"curies":[{"name":"wp","href":"https:\/\/api.w.org\/{rel}","templated":true}]}}