{"id":3222,"date":"2022-06-30T03:57:26","date_gmt":"2022-06-30T07:57:26","guid":{"rendered":"http:\/\/192.46.216.108\/~amster\/producto\/vulcan-9h\/"},"modified":"2022-06-30T03:57:26","modified_gmt":"2022-06-30T07:57:26","slug":"vulcan-9h","status":"publish","type":"product","link":"https:\/\/amster.cl\/en\/shop\/vulcan-9h\/","title":{"rendered":"Vulcan\u00ae 9H"},"content":{"rendered":"","protected":false},"excerpt":{"rendered":"<p>Reinforcing carbon black according to the large standard N1221. It offers high degree of reinforcement and very high abrasion resistance for synthetic and natural rubbers. Recommended to improve tread wear resistance, high rigidity and good hysteresis. It can be mixed with silica, together, they increase the rigidity, modulus and abrasion resistance of the compound. Recommended for car treads for passengers, heavy and light trucks and for retreading.<\/p>","protected":false},"featured_media":0,"template":"","meta":[],"pwb-brand":[573],"product_brand":[],"product_cat":[568,516,674],"product_tag":[],"class_list":{"0":"post-3222","1":"product","2":"type-product","3":"status-publish","5":"pwb-brand-cabot-corporation","6":"product_cat-cargas-caucho","7":"product_cat-caucho","8":"product_cat-negro-de-humo-cargas-caucho","10":"first","11":"instock","12":"shipping-taxable","13":"product-type-simple","14":"prodpage-classic"},"yoast_head":"<!-- This site is optimized with the Yoast SEO plugin v27.4 - https:\/\/yoast.com\/product\/yoast-seo-wordpress\/ -->\n<title>Vulcan\u00ae 9H - AMSTER<\/title>\n<meta name=\"robots\" content=\"index, follow, max-snippet:-1, max-image-preview:large, max-video-preview:-1\" \/>\n<link rel=\"canonical\" href=\"https:\/\/amster.cl\/en\/shop\/vulcan-9h\/\" \/>\n<meta property=\"og:locale\" content=\"en_US\" \/>\n<meta property=\"og:type\" content=\"article\" \/>\n<meta property=\"og:title\" content=\"Vulcan\u00ae 9H - AMSTER\" \/>\n<meta property=\"og:description\" content=\"Negro de humo reforzante conforme al grando est\u00e1ndar N1221. Ofrece alto grado de refuerzo y muy alta resistencia a la abrasi\u00f3n para cauchos sint\u00e9ticos y naturales. Recomendado para mejorar la resistencia al desgaste de la banda de rodadura, alta rigidez y buena hist\u00e9resis. Puede mezclarse con s\u00edlica, en conjunto, aumentan la rigidez, el m\u00f3dulo y la resistencia a la abrasi\u00f3n del compuesto. Recomendado para bandas de rodadura de autos para pasajeros, camiones pesados y ligeros y para reencauchaje.\" \/>\n<meta property=\"og:url\" content=\"https:\/\/amster.cl\/en\/shop\/vulcan-9h\/\" \/>\n<meta property=\"og:site_name\" content=\"AMSTER\" \/>\n<meta name=\"twitter:card\" content=\"summary_large_image\" \/>\n<script type=\"application\/ld+json\" class=\"yoast-schema-graph\">{\"@context\":\"https:\\\/\\\/schema.org\",\"@graph\":[{\"@type\":\"WebPage\",\"@id\":\"https:\\\/\\\/amster.cl\\\/shop\\\/vulcan-9h\\\/\",\"url\":\"https:\\\/\\\/amster.cl\\\/shop\\\/vulcan-9h\\\/\",\"name\":\"Vulcan\u00ae 9H - AMSTER\",\"isPartOf\":{\"@id\":\"https:\\\/\\\/amster.cl\\\/#website\"},\"datePublished\":\"2022-06-30T07:57:26+00:00\",\"breadcrumb\":{\"@id\":\"https:\\\/\\\/amster.cl\\\/shop\\\/vulcan-9h\\\/#breadcrumb\"},\"inLanguage\":\"en-US\",\"potentialAction\":[{\"@type\":\"ReadAction\",\"target\":[\"https:\\\/\\\/amster.cl\\\/shop\\\/vulcan-9h\\\/\"]}]},{\"@type\":\"BreadcrumbList\",\"@id\":\"https:\\\/\\\/amster.cl\\\/shop\\\/vulcan-9h\\\/#breadcrumb\",\"itemListElement\":[{\"@type\":\"ListItem\",\"position\":1,\"name\":\"Portada\",\"item\":\"https:\\\/\\\/amster.cl\\\/\"},{\"@type\":\"ListItem\",\"position\":2,\"name\":\"Tienda\",\"item\":\"https:\\\/\\\/amster.cl\\\/tienda\\\/\"},{\"@type\":\"ListItem\",\"position\":3,\"name\":\"Vulcan\u00ae 9H\"}]},{\"@type\":\"WebSite\",\"@id\":\"https:\\\/\\\/amster.cl\\\/#website\",\"url\":\"https:\\\/\\\/amster.cl\\\/\",\"name\":\"AMSTER\",\"description\":\"Proveedor de materias primas para la industria chilena\",\"potentialAction\":[{\"@type\":\"SearchAction\",\"target\":{\"@type\":\"EntryPoint\",\"urlTemplate\":\"https:\\\/\\\/amster.cl\\\/?s={search_term_string}\"},\"query-input\":{\"@type\":\"PropertyValueSpecification\",\"valueRequired\":true,\"valueName\":\"search_term_string\"}}],\"inLanguage\":\"en-US\"}]}<\/script>\n<!-- \/ Yoast SEO plugin. -->","yoast_head_json":{"title":"Vulcan\u00ae 9H - AMSTER","robots":{"index":"index","follow":"follow","max-snippet":"max-snippet:-1","max-image-preview":"max-image-preview:large","max-video-preview":"max-video-preview:-1"},"canonical":"https:\/\/amster.cl\/en\/shop\/vulcan-9h\/","og_locale":"en_US","og_type":"article","og_title":"Vulcan\u00ae 9H - AMSTER","og_description":"Negro de humo reforzante conforme al grando est\u00e1ndar N1221. Ofrece alto grado de refuerzo y muy alta resistencia a la abrasi\u00f3n para cauchos sint\u00e9ticos y naturales. Recomendado para mejorar la resistencia al desgaste de la banda de rodadura, alta rigidez y buena hist\u00e9resis. Puede mezclarse con s\u00edlica, en conjunto, aumentan la rigidez, el m\u00f3dulo y la resistencia a la abrasi\u00f3n del compuesto. Recomendado para bandas de rodadura de autos para pasajeros, camiones pesados y ligeros y para reencauchaje.","og_url":"https:\/\/amster.cl\/en\/shop\/vulcan-9h\/","og_site_name":"AMSTER","twitter_card":"summary_large_image","schema":{"@context":"https:\/\/schema.org","@graph":[{"@type":"WebPage","@id":"https:\/\/amster.cl\/shop\/vulcan-9h\/","url":"https:\/\/amster.cl\/shop\/vulcan-9h\/","name":"Vulcan\u00ae 9H - AMSTER","isPartOf":{"@id":"https:\/\/amster.cl\/#website"},"datePublished":"2022-06-30T07:57:26+00:00","breadcrumb":{"@id":"https:\/\/amster.cl\/shop\/vulcan-9h\/#breadcrumb"},"inLanguage":"en-US","potentialAction":[{"@type":"ReadAction","target":["https:\/\/amster.cl\/shop\/vulcan-9h\/"]}]},{"@type":"BreadcrumbList","@id":"https:\/\/amster.cl\/shop\/vulcan-9h\/#breadcrumb","itemListElement":[{"@type":"ListItem","position":1,"name":"Portada","item":"https:\/\/amster.cl\/"},{"@type":"ListItem","position":2,"name":"Tienda","item":"https:\/\/amster.cl\/tienda\/"},{"@type":"ListItem","position":3,"name":"Vulcan\u00ae 9H"}]},{"@type":"WebSite","@id":"https:\/\/amster.cl\/#website","url":"https:\/\/amster.cl\/","name":"AMSTER","description":"Proveedor de materias primas para la industria chilena","potentialAction":[{"@type":"SearchAction","target":{"@type":"EntryPoint","urlTemplate":"https:\/\/amster.cl\/?s={search_term_string}"},"query-input":{"@type":"PropertyValueSpecification","valueRequired":true,"valueName":"search_term_string"}}],"inLanguage":"en-US"}]}},"brands":[{"id":573,"name":"Cabot Corporation","slug":"cabot-corporation"}],"_links":{"self":[{"href":"https:\/\/amster.cl\/en\/wp-json\/wp\/v2\/product\/3222","targetHints":{"allow":["GET"]}}],"collection":[{"href":"https:\/\/amster.cl\/en\/wp-json\/wp\/v2\/product"}],"about":[{"href":"https:\/\/amster.cl\/en\/wp-json\/wp\/v2\/types\/product"}],"wp:attachment":[{"href":"https:\/\/amster.cl\/en\/wp-json\/wp\/v2\/media?parent=3222"}],"wp:term":[{"taxonomy":"pwb-brand","embeddable":true,"href":"https:\/\/amster.cl\/en\/wp-json\/wp\/v2\/pwb-brand?post=3222"},{"taxonomy":"product_brand","embeddable":true,"href":"https:\/\/amster.cl\/en\/wp-json\/wp\/v2\/product_brand?post=3222"},{"taxonomy":"product_cat","embeddable":true,"href":"https:\/\/amster.cl\/en\/wp-json\/wp\/v2\/product_cat?post=3222"},{"taxonomy":"product_tag","embeddable":true,"href":"https:\/\/amster.cl\/en\/wp-json\/wp\/v2\/product_tag?post=3222"}],"curies":[{"name":"wp","href":"https:\/\/api.w.org\/{rel}","templated":true}]}}