{"id":4666,"date":"2026-03-09T13:57:44","date_gmt":"2026-03-09T17:57:44","guid":{"rendered":"https:\/\/amster.cl\/?post_type=product&#038;p=4666"},"modified":"2026-03-09T16:59:11","modified_gmt":"2026-03-09T20:59:11","slug":"masterbatches-blancos","status":"publish","type":"product","link":"https:\/\/amster.cl\/en\/shop\/masterbatches-blancos\/","title":{"rendered":"Masterbatches blancos"},"content":{"rendered":"<p>Masterbatches blancos con excelentes propiedades \u00f3pticas y alta resistencia a la opacidad, tono y color, adem\u00e1s de una buena capacidad de dispersi\u00f3n.<\/p>\n<p>Pueden usarse en pel\u00edculas, fibras, piezas extru\u00eddas e inyectadas y se ofrecen en diferentes tipos de veh\u00edculos para asegurar compatibilidad: <strong>PVC, SAN, PET, PBT, PC, PA, POM, PLA, TPO, PE, EVA, PP, PE, EVA, PP, PS, ABS, TPU.<\/strong><\/p>","protected":false},"excerpt":{"rendered":"<p>Masterbatches blancos con excelentes propiedades \u00f3pticas y alta resistencia a la opacidad, tono y color, adem\u00e1s de una buena capacidad de dispersi\u00f3n. Pueden usarse en pel\u00edculas, fibras, piezas extru\u00eddas e inyectadas y se ofrecen en diferentes tipos de veh\u00edculos para asegurar compatibilidad: PVC, SAN, PET, PBT, PC, PA, POM, PLA, TPO, PE, EVA, PP, PE,<\/p>","protected":false},"featured_media":4667,"template":"","meta":[],"pwb-brand":[],"product_brand":[713],"product_cat":[610,555,523],"product_tag":[],"class_list":{"0":"post-4666","1":"product","2":"type-product","3":"status-publish","4":"has-post-thumbnail","6":"product_brand-cristal-master","7":"product_cat-masterbatch","8":"product_cat-pigmentos-plastico","9":"product_cat-plastico","11":"first","12":"instock","13":"shipping-taxable","14":"product-type-simple","15":"prodpage-classic"},"yoast_head":"<!-- This site is optimized with the Yoast SEO plugin v27.4 - https:\/\/yoast.com\/product\/yoast-seo-wordpress\/ -->\n<title>Masterbatches blancos - AMSTER<\/title>\n<meta name=\"description\" content=\"Masterbatches blancos con excelentes propiedades \u00f3pticas y alta resistencia a la opacidad, tono y color, adem\u00e1s de una buena capacidad de dispersi\u00f3n.Pueden usarse en pel\u00edculas, fibras, piezas extru\u00eddas e inyectadas y se ofrecen en diferentes tipos de veh\u00edculos para asegurar compatibilidad: PVC, SAN, PET, PBT, PC, PA, POM, PLA, TPO, PE, EVA, PP, PE, EVA, PP, PS, ABS, TPU.\" \/>\n<meta name=\"robots\" content=\"index, follow, max-snippet:-1, max-image-preview:large, max-video-preview:-1\" \/>\n<link rel=\"canonical\" href=\"https:\/\/amster.cl\/en\/shop\/masterbatches-blancos\/\" \/>\n<meta property=\"og:locale\" content=\"en_US\" \/>\n<meta property=\"og:type\" content=\"article\" \/>\n<meta property=\"og:title\" content=\"Masterbatches blancos - AMSTER\" \/>\n<meta property=\"og:description\" content=\"Masterbatches blancos con excelentes propiedades \u00f3pticas y alta resistencia a la opacidad, tono y color, adem\u00e1s de una buena capacidad de dispersi\u00f3n.Pueden usarse en pel\u00edculas, fibras, piezas extru\u00eddas e inyectadas y se ofrecen en diferentes tipos de veh\u00edculos para asegurar compatibilidad: PVC, SAN, PET, PBT, PC, PA, POM, PLA, TPO, PE, EVA, PP, PE, EVA, PP, PS, ABS, TPU.\" \/>\n<meta property=\"og:url\" content=\"https:\/\/amster.cl\/en\/shop\/masterbatches-blancos\/\" \/>\n<meta property=\"og:site_name\" content=\"AMSTER\" \/>\n<meta property=\"article:modified_time\" content=\"2026-03-09T20:59:11+00:00\" \/>\n<meta property=\"og:image\" content=\"https:\/\/amster.cl\/wp-content\/uploads\/2026\/03\/Cristal-Master-Masterbatches-blancos.png\" \/>\n\t<meta property=\"og:image:width\" content=\"1536\" \/>\n\t<meta property=\"og:image:height\" content=\"1024\" \/>\n\t<meta property=\"og:image:type\" content=\"image\/png\" \/>\n<meta name=\"twitter:card\" content=\"summary_large_image\" \/>\n<meta name=\"twitter:label1\" content=\"Est. reading time\" \/>\n\t<meta name=\"twitter:data1\" content=\"1 minute\" \/>\n<script type=\"application\/ld+json\" class=\"yoast-schema-graph\">{\"@context\":\"https:\\\/\\\/schema.org\",\"@graph\":[{\"@type\":\"WebPage\",\"@id\":\"https:\\\/\\\/amster.cl\\\/shop\\\/masterbatches-blancos\\\/\",\"url\":\"https:\\\/\\\/amster.cl\\\/shop\\\/masterbatches-blancos\\\/\",\"name\":\"Masterbatches blancos - AMSTER\",\"isPartOf\":{\"@id\":\"https:\\\/\\\/amster.cl\\\/#website\"},\"primaryImageOfPage\":{\"@id\":\"https:\\\/\\\/amster.cl\\\/shop\\\/masterbatches-blancos\\\/#primaryimage\"},\"image\":{\"@id\":\"https:\\\/\\\/amster.cl\\\/shop\\\/masterbatches-blancos\\\/#primaryimage\"},\"thumbnailUrl\":\"https:\\\/\\\/amster.cl\\\/wp-content\\\/uploads\\\/2026\\\/03\\\/Cristal-Master-Masterbatches-blancos.png\",\"datePublished\":\"2026-03-09T17:57:44+00:00\",\"dateModified\":\"2026-03-09T20:59:11+00:00\",\"description\":\"Masterbatches blancos con excelentes propiedades \u00f3pticas y alta resistencia a la opacidad, tono y color, adem\u00e1s de una buena capacidad de dispersi\u00f3n.Pueden usarse en pel\u00edculas, fibras, piezas extru\u00eddas e inyectadas y se ofrecen en diferentes tipos de veh\u00edculos para asegurar compatibilidad: PVC, SAN, PET, PBT, PC, PA, POM, PLA, TPO, PE, EVA, PP, PE, EVA, PP, PS, ABS, TPU.\",\"breadcrumb\":{\"@id\":\"https:\\\/\\\/amster.cl\\\/shop\\\/masterbatches-blancos\\\/#breadcrumb\"},\"inLanguage\":\"en-US\",\"potentialAction\":[{\"@type\":\"ReadAction\",\"target\":[\"https:\\\/\\\/amster.cl\\\/shop\\\/masterbatches-blancos\\\/\"]}]},{\"@type\":\"ImageObject\",\"inLanguage\":\"en-US\",\"@id\":\"https:\\\/\\\/amster.cl\\\/shop\\\/masterbatches-blancos\\\/#primaryimage\",\"url\":\"https:\\\/\\\/amster.cl\\\/wp-content\\\/uploads\\\/2026\\\/03\\\/Cristal-Master-Masterbatches-blancos.png\",\"contentUrl\":\"https:\\\/\\\/amster.cl\\\/wp-content\\\/uploads\\\/2026\\\/03\\\/Cristal-Master-Masterbatches-blancos.png\",\"width\":1536,\"height\":1024},{\"@type\":\"BreadcrumbList\",\"@id\":\"https:\\\/\\\/amster.cl\\\/shop\\\/masterbatches-blancos\\\/#breadcrumb\",\"itemListElement\":[{\"@type\":\"ListItem\",\"position\":1,\"name\":\"Portada\",\"item\":\"https:\\\/\\\/amster.cl\\\/\"},{\"@type\":\"ListItem\",\"position\":2,\"name\":\"Tienda\",\"item\":\"https:\\\/\\\/amster.cl\\\/tienda\\\/\"},{\"@type\":\"ListItem\",\"position\":3,\"name\":\"Masterbatches blancos\"}]},{\"@type\":\"WebSite\",\"@id\":\"https:\\\/\\\/amster.cl\\\/#website\",\"url\":\"https:\\\/\\\/amster.cl\\\/\",\"name\":\"AMSTER\",\"description\":\"Proveedor de materias primas para la industria chilena\",\"potentialAction\":[{\"@type\":\"SearchAction\",\"target\":{\"@type\":\"EntryPoint\",\"urlTemplate\":\"https:\\\/\\\/amster.cl\\\/?s={search_term_string}\"},\"query-input\":{\"@type\":\"PropertyValueSpecification\",\"valueRequired\":true,\"valueName\":\"search_term_string\"}}],\"inLanguage\":\"en-US\"}]}<\/script>\n<!-- \/ Yoast SEO plugin. -->","yoast_head_json":{"title":"Masterbatches blancos - AMSTER","description":"Masterbatches blancos con excelentes propiedades \u00f3pticas y alta resistencia a la opacidad, tono y color, adem\u00e1s de una buena capacidad de dispersi\u00f3n.Pueden usarse en pel\u00edculas, fibras, piezas extru\u00eddas e inyectadas y se ofrecen en diferentes tipos de veh\u00edculos para asegurar compatibilidad: PVC, SAN, PET, PBT, PC, PA, POM, PLA, TPO, PE, EVA, PP, PE, EVA, PP, PS, ABS, TPU.","robots":{"index":"index","follow":"follow","max-snippet":"max-snippet:-1","max-image-preview":"max-image-preview:large","max-video-preview":"max-video-preview:-1"},"canonical":"https:\/\/amster.cl\/en\/shop\/masterbatches-blancos\/","og_locale":"en_US","og_type":"article","og_title":"Masterbatches blancos - AMSTER","og_description":"Masterbatches blancos con excelentes propiedades \u00f3pticas y alta resistencia a la opacidad, tono y color, adem\u00e1s de una buena capacidad de dispersi\u00f3n.Pueden usarse en pel\u00edculas, fibras, piezas extru\u00eddas e inyectadas y se ofrecen en diferentes tipos de veh\u00edculos para asegurar compatibilidad: PVC, SAN, PET, PBT, PC, PA, POM, PLA, TPO, PE, EVA, PP, PE, EVA, PP, PS, ABS, TPU.","og_url":"https:\/\/amster.cl\/en\/shop\/masterbatches-blancos\/","og_site_name":"AMSTER","article_modified_time":"2026-03-09T20:59:11+00:00","og_image":[{"width":1536,"height":1024,"url":"https:\/\/amster.cl\/wp-content\/uploads\/2026\/03\/Cristal-Master-Masterbatches-blancos.png","type":"image\/png"}],"twitter_card":"summary_large_image","twitter_misc":{"Est. reading time":"1 minute"},"schema":{"@context":"https:\/\/schema.org","@graph":[{"@type":"WebPage","@id":"https:\/\/amster.cl\/shop\/masterbatches-blancos\/","url":"https:\/\/amster.cl\/shop\/masterbatches-blancos\/","name":"Masterbatches blancos - AMSTER","isPartOf":{"@id":"https:\/\/amster.cl\/#website"},"primaryImageOfPage":{"@id":"https:\/\/amster.cl\/shop\/masterbatches-blancos\/#primaryimage"},"image":{"@id":"https:\/\/amster.cl\/shop\/masterbatches-blancos\/#primaryimage"},"thumbnailUrl":"https:\/\/amster.cl\/wp-content\/uploads\/2026\/03\/Cristal-Master-Masterbatches-blancos.png","datePublished":"2026-03-09T17:57:44+00:00","dateModified":"2026-03-09T20:59:11+00:00","description":"Masterbatches blancos con excelentes propiedades \u00f3pticas y alta resistencia a la opacidad, tono y color, adem\u00e1s de una buena capacidad de dispersi\u00f3n.Pueden usarse en pel\u00edculas, fibras, piezas extru\u00eddas e inyectadas y se ofrecen en diferentes tipos de veh\u00edculos para asegurar compatibilidad: PVC, SAN, PET, PBT, PC, PA, POM, PLA, TPO, PE, EVA, PP, PE, EVA, PP, PS, ABS, TPU.","breadcrumb":{"@id":"https:\/\/amster.cl\/shop\/masterbatches-blancos\/#breadcrumb"},"inLanguage":"en-US","potentialAction":[{"@type":"ReadAction","target":["https:\/\/amster.cl\/shop\/masterbatches-blancos\/"]}]},{"@type":"ImageObject","inLanguage":"en-US","@id":"https:\/\/amster.cl\/shop\/masterbatches-blancos\/#primaryimage","url":"https:\/\/amster.cl\/wp-content\/uploads\/2026\/03\/Cristal-Master-Masterbatches-blancos.png","contentUrl":"https:\/\/amster.cl\/wp-content\/uploads\/2026\/03\/Cristal-Master-Masterbatches-blancos.png","width":1536,"height":1024},{"@type":"BreadcrumbList","@id":"https:\/\/amster.cl\/shop\/masterbatches-blancos\/#breadcrumb","itemListElement":[{"@type":"ListItem","position":1,"name":"Portada","item":"https:\/\/amster.cl\/"},{"@type":"ListItem","position":2,"name":"Tienda","item":"https:\/\/amster.cl\/tienda\/"},{"@type":"ListItem","position":3,"name":"Masterbatches blancos"}]},{"@type":"WebSite","@id":"https:\/\/amster.cl\/#website","url":"https:\/\/amster.cl\/","name":"AMSTER","description":"Proveedor de materias primas para la industria chilena","potentialAction":[{"@type":"SearchAction","target":{"@type":"EntryPoint","urlTemplate":"https:\/\/amster.cl\/?s={search_term_string}"},"query-input":{"@type":"PropertyValueSpecification","valueRequired":true,"valueName":"search_term_string"}}],"inLanguage":"en-US"}]}},"brands":[],"_links":{"self":[{"href":"https:\/\/amster.cl\/en\/wp-json\/wp\/v2\/product\/4666","targetHints":{"allow":["GET"]}}],"collection":[{"href":"https:\/\/amster.cl\/en\/wp-json\/wp\/v2\/product"}],"about":[{"href":"https:\/\/amster.cl\/en\/wp-json\/wp\/v2\/types\/product"}],"wp:featuredmedia":[{"embeddable":true,"href":"https:\/\/amster.cl\/en\/wp-json\/wp\/v2\/media\/4667"}],"wp:attachment":[{"href":"https:\/\/amster.cl\/en\/wp-json\/wp\/v2\/media?parent=4666"}],"wp:term":[{"taxonomy":"pwb-brand","embeddable":true,"href":"https:\/\/amster.cl\/en\/wp-json\/wp\/v2\/pwb-brand?post=4666"},{"taxonomy":"product_brand","embeddable":true,"href":"https:\/\/amster.cl\/en\/wp-json\/wp\/v2\/product_brand?post=4666"},{"taxonomy":"product_cat","embeddable":true,"href":"https:\/\/amster.cl\/en\/wp-json\/wp\/v2\/product_cat?post=4666"},{"taxonomy":"product_tag","embeddable":true,"href":"https:\/\/amster.cl\/en\/wp-json\/wp\/v2\/product_tag?post=4666"}],"curies":[{"name":"wp","href":"https:\/\/api.w.org\/{rel}","templated":true}]}}