{"id":4674,"date":"2026-03-09T15:54:18","date_gmt":"2026-03-09T19:54:18","guid":{"rendered":"https:\/\/amster.cl\/?post_type=product&#038;p=4674"},"modified":"2026-03-12T12:41:09","modified_gmt":"2026-03-12T16:41:09","slug":"neutralizador-de-olores","status":"publish","type":"product","link":"https:\/\/amster.cl\/en\/shop\/neutralizador-de-olores\/","title":{"rendered":"Neutralizador de olores"},"content":{"rendered":"<p>Este aditivo reacciona con los grupos funcionales responsables de la generaci\u00f3n del mal olor en resinas recicladas, convirti\u00e9ndolos en compuestos no vol\u00e1tiles que no liberan olor.<\/p>","protected":false},"excerpt":{"rendered":"<p>Este aditivo reacciona con los grupos funcionales responsables de la generaci\u00f3n del mal olor en resinas recicladas, convirti\u00e9ndolos en compuestos no vol\u00e1tiles que no liberan olor.<\/p>","protected":false},"featured_media":4675,"template":"","meta":[],"pwb-brand":[],"product_brand":[713],"product_cat":[524,712],"product_tag":[],"class_list":{"0":"post-4674","1":"product","2":"type-product","3":"status-publish","4":"has-post-thumbnail","6":"product_brand-cristal-master","7":"product_cat-aditivos-plastico","8":"product_cat-reciclaje","10":"first","11":"instock","12":"shipping-taxable","13":"product-type-simple","14":"prodpage-classic"},"yoast_head":"<!-- This site is optimized with the Yoast SEO plugin v27.4 - https:\/\/yoast.com\/product\/yoast-seo-wordpress\/ -->\n<title>Neutralizador de olores - AMSTER<\/title>\n<meta name=\"description\" content=\"Este aditivo reacciona con los grupos funcionales responsables de la generaci\u00f3n del mal olor en resinas recicladas, convirti\u00e9ndolos en compuestos no vol\u00e1tiles que no liberan olor.\" \/>\n<meta name=\"robots\" content=\"index, follow, max-snippet:-1, max-image-preview:large, max-video-preview:-1\" \/>\n<link rel=\"canonical\" href=\"https:\/\/amster.cl\/en\/shop\/neutralizador-de-olores\/\" \/>\n<meta property=\"og:locale\" content=\"en_US\" \/>\n<meta property=\"og:type\" content=\"article\" \/>\n<meta property=\"og:title\" content=\"Neutralizador de olores - AMSTER\" \/>\n<meta property=\"og:description\" content=\"Este aditivo reacciona con los grupos funcionales responsables de la generaci\u00f3n del mal olor en resinas recicladas, convirti\u00e9ndolos en compuestos no vol\u00e1tiles que no liberan olor.\" \/>\n<meta property=\"og:url\" content=\"https:\/\/amster.cl\/en\/shop\/neutralizador-de-olores\/\" \/>\n<meta property=\"og:site_name\" content=\"AMSTER\" \/>\n<meta property=\"article:modified_time\" content=\"2026-03-12T16:41:09+00:00\" \/>\n<meta property=\"og:image\" content=\"https:\/\/amster.cl\/wp-content\/uploads\/2026\/03\/Amster-Neutralizador-de-olores.png\" \/>\n\t<meta property=\"og:image:width\" content=\"1536\" \/>\n\t<meta property=\"og:image:height\" content=\"1024\" \/>\n\t<meta property=\"og:image:type\" content=\"image\/png\" \/>\n<meta name=\"twitter:card\" content=\"summary_large_image\" \/>\n<meta name=\"twitter:label1\" content=\"Est. reading time\" \/>\n\t<meta name=\"twitter:data1\" content=\"1 minute\" \/>\n<script type=\"application\/ld+json\" class=\"yoast-schema-graph\">{\"@context\":\"https:\\\/\\\/schema.org\",\"@graph\":[{\"@type\":\"WebPage\",\"@id\":\"https:\\\/\\\/amster.cl\\\/shop\\\/neutralizador-de-olores\\\/\",\"url\":\"https:\\\/\\\/amster.cl\\\/shop\\\/neutralizador-de-olores\\\/\",\"name\":\"Neutralizador de olores - AMSTER\",\"isPartOf\":{\"@id\":\"https:\\\/\\\/amster.cl\\\/#website\"},\"primaryImageOfPage\":{\"@id\":\"https:\\\/\\\/amster.cl\\\/shop\\\/neutralizador-de-olores\\\/#primaryimage\"},\"image\":{\"@id\":\"https:\\\/\\\/amster.cl\\\/shop\\\/neutralizador-de-olores\\\/#primaryimage\"},\"thumbnailUrl\":\"https:\\\/\\\/amster.cl\\\/wp-content\\\/uploads\\\/2026\\\/03\\\/Amster-Neutralizador-de-olores.png\",\"datePublished\":\"2026-03-09T19:54:18+00:00\",\"dateModified\":\"2026-03-12T16:41:09+00:00\",\"description\":\"Este aditivo reacciona con los grupos funcionales responsables de la generaci\u00f3n del mal olor en resinas recicladas, convirti\u00e9ndolos en compuestos no vol\u00e1tiles que no liberan olor.\",\"breadcrumb\":{\"@id\":\"https:\\\/\\\/amster.cl\\\/shop\\\/neutralizador-de-olores\\\/#breadcrumb\"},\"inLanguage\":\"en-US\",\"potentialAction\":[{\"@type\":\"ReadAction\",\"target\":[\"https:\\\/\\\/amster.cl\\\/shop\\\/neutralizador-de-olores\\\/\"]}]},{\"@type\":\"ImageObject\",\"inLanguage\":\"en-US\",\"@id\":\"https:\\\/\\\/amster.cl\\\/shop\\\/neutralizador-de-olores\\\/#primaryimage\",\"url\":\"https:\\\/\\\/amster.cl\\\/wp-content\\\/uploads\\\/2026\\\/03\\\/Amster-Neutralizador-de-olores.png\",\"contentUrl\":\"https:\\\/\\\/amster.cl\\\/wp-content\\\/uploads\\\/2026\\\/03\\\/Amster-Neutralizador-de-olores.png\",\"width\":1536,\"height\":1024},{\"@type\":\"BreadcrumbList\",\"@id\":\"https:\\\/\\\/amster.cl\\\/shop\\\/neutralizador-de-olores\\\/#breadcrumb\",\"itemListElement\":[{\"@type\":\"ListItem\",\"position\":1,\"name\":\"Portada\",\"item\":\"https:\\\/\\\/amster.cl\\\/\"},{\"@type\":\"ListItem\",\"position\":2,\"name\":\"Tienda\",\"item\":\"https:\\\/\\\/amster.cl\\\/tienda\\\/\"},{\"@type\":\"ListItem\",\"position\":3,\"name\":\"Neutralizador de olores\"}]},{\"@type\":\"WebSite\",\"@id\":\"https:\\\/\\\/amster.cl\\\/#website\",\"url\":\"https:\\\/\\\/amster.cl\\\/\",\"name\":\"AMSTER\",\"description\":\"Proveedor de materias primas para la industria chilena\",\"potentialAction\":[{\"@type\":\"SearchAction\",\"target\":{\"@type\":\"EntryPoint\",\"urlTemplate\":\"https:\\\/\\\/amster.cl\\\/?s={search_term_string}\"},\"query-input\":{\"@type\":\"PropertyValueSpecification\",\"valueRequired\":true,\"valueName\":\"search_term_string\"}}],\"inLanguage\":\"en-US\"}]}<\/script>\n<!-- \/ Yoast SEO plugin. -->","yoast_head_json":{"title":"Neutralizador de olores - AMSTER","description":"Este aditivo reacciona con los grupos funcionales responsables de la generaci\u00f3n del mal olor en resinas recicladas, convirti\u00e9ndolos en compuestos no vol\u00e1tiles que no liberan olor.","robots":{"index":"index","follow":"follow","max-snippet":"max-snippet:-1","max-image-preview":"max-image-preview:large","max-video-preview":"max-video-preview:-1"},"canonical":"https:\/\/amster.cl\/en\/shop\/neutralizador-de-olores\/","og_locale":"en_US","og_type":"article","og_title":"Neutralizador de olores - AMSTER","og_description":"Este aditivo reacciona con los grupos funcionales responsables de la generaci\u00f3n del mal olor en resinas recicladas, convirti\u00e9ndolos en compuestos no vol\u00e1tiles que no liberan olor.","og_url":"https:\/\/amster.cl\/en\/shop\/neutralizador-de-olores\/","og_site_name":"AMSTER","article_modified_time":"2026-03-12T16:41:09+00:00","og_image":[{"width":1536,"height":1024,"url":"https:\/\/amster.cl\/wp-content\/uploads\/2026\/03\/Amster-Neutralizador-de-olores.png","type":"image\/png"}],"twitter_card":"summary_large_image","twitter_misc":{"Est. reading time":"1 minute"},"schema":{"@context":"https:\/\/schema.org","@graph":[{"@type":"WebPage","@id":"https:\/\/amster.cl\/shop\/neutralizador-de-olores\/","url":"https:\/\/amster.cl\/shop\/neutralizador-de-olores\/","name":"Neutralizador de olores - AMSTER","isPartOf":{"@id":"https:\/\/amster.cl\/#website"},"primaryImageOfPage":{"@id":"https:\/\/amster.cl\/shop\/neutralizador-de-olores\/#primaryimage"},"image":{"@id":"https:\/\/amster.cl\/shop\/neutralizador-de-olores\/#primaryimage"},"thumbnailUrl":"https:\/\/amster.cl\/wp-content\/uploads\/2026\/03\/Amster-Neutralizador-de-olores.png","datePublished":"2026-03-09T19:54:18+00:00","dateModified":"2026-03-12T16:41:09+00:00","description":"Este aditivo reacciona con los grupos funcionales responsables de la generaci\u00f3n del mal olor en resinas recicladas, convirti\u00e9ndolos en compuestos no vol\u00e1tiles que no liberan olor.","breadcrumb":{"@id":"https:\/\/amster.cl\/shop\/neutralizador-de-olores\/#breadcrumb"},"inLanguage":"en-US","potentialAction":[{"@type":"ReadAction","target":["https:\/\/amster.cl\/shop\/neutralizador-de-olores\/"]}]},{"@type":"ImageObject","inLanguage":"en-US","@id":"https:\/\/amster.cl\/shop\/neutralizador-de-olores\/#primaryimage","url":"https:\/\/amster.cl\/wp-content\/uploads\/2026\/03\/Amster-Neutralizador-de-olores.png","contentUrl":"https:\/\/amster.cl\/wp-content\/uploads\/2026\/03\/Amster-Neutralizador-de-olores.png","width":1536,"height":1024},{"@type":"BreadcrumbList","@id":"https:\/\/amster.cl\/shop\/neutralizador-de-olores\/#breadcrumb","itemListElement":[{"@type":"ListItem","position":1,"name":"Portada","item":"https:\/\/amster.cl\/"},{"@type":"ListItem","position":2,"name":"Tienda","item":"https:\/\/amster.cl\/tienda\/"},{"@type":"ListItem","position":3,"name":"Neutralizador de olores"}]},{"@type":"WebSite","@id":"https:\/\/amster.cl\/#website","url":"https:\/\/amster.cl\/","name":"AMSTER","description":"Proveedor de materias primas para la industria chilena","potentialAction":[{"@type":"SearchAction","target":{"@type":"EntryPoint","urlTemplate":"https:\/\/amster.cl\/?s={search_term_string}"},"query-input":{"@type":"PropertyValueSpecification","valueRequired":true,"valueName":"search_term_string"}}],"inLanguage":"en-US"}]}},"brands":[],"_links":{"self":[{"href":"https:\/\/amster.cl\/en\/wp-json\/wp\/v2\/product\/4674","targetHints":{"allow":["GET"]}}],"collection":[{"href":"https:\/\/amster.cl\/en\/wp-json\/wp\/v2\/product"}],"about":[{"href":"https:\/\/amster.cl\/en\/wp-json\/wp\/v2\/types\/product"}],"wp:featuredmedia":[{"embeddable":true,"href":"https:\/\/amster.cl\/en\/wp-json\/wp\/v2\/media\/4675"}],"wp:attachment":[{"href":"https:\/\/amster.cl\/en\/wp-json\/wp\/v2\/media?parent=4674"}],"wp:term":[{"taxonomy":"pwb-brand","embeddable":true,"href":"https:\/\/amster.cl\/en\/wp-json\/wp\/v2\/pwb-brand?post=4674"},{"taxonomy":"product_brand","embeddable":true,"href":"https:\/\/amster.cl\/en\/wp-json\/wp\/v2\/product_brand?post=4674"},{"taxonomy":"product_cat","embeddable":true,"href":"https:\/\/amster.cl\/en\/wp-json\/wp\/v2\/product_cat?post=4674"},{"taxonomy":"product_tag","embeddable":true,"href":"https:\/\/amster.cl\/en\/wp-json\/wp\/v2\/product_tag?post=4674"}],"curies":[{"name":"wp","href":"https:\/\/api.w.org\/{rel}","templated":true}]}}