{"id":4702,"date":"2026-03-12T12:44:46","date_gmt":"2026-03-12T16:44:46","guid":{"rendered":"https:\/\/amster.cl\/?post_type=product&#038;p=4702"},"modified":"2026-03-12T12:44:46","modified_gmt":"2026-03-12T16:44:46","slug":"antifog","status":"publish","type":"product","link":"https:\/\/amster.cl\/en\/shop\/antifog\/","title":{"rendered":"Antifog"},"content":{"rendered":"<p data-pm-slice=\"1 1 []\">Este aditivo en masterbatch evita la formaci\u00f3n de peque\u00f1as gotas (vapor de agua) de la superficie del film. Es utilizado cuando se desea evitar que un empaque o embalaje quede con un aspecto &#8220;sudado&#8221;. Tambi\u00e9n es indicado en pel\u00edculas agr\u00edcolas, con el fin de evitar que una gota de agua forme una lupa que genere eventualmente quemaduras en las plantas.<\/p>","protected":false},"excerpt":{"rendered":"<p>Este aditivo en masterbatch evita la formaci\u00f3n de peque\u00f1as gotas (vapor de agua) de la superficie del film. Es utilizado cuando se desea evitar que un empaque o embalaje quede con un aspecto &#8220;sudado&#8221;. Tambi\u00e9n es indicado en pel\u00edculas agr\u00edcolas, con el fin de evitar que una gota de agua forme una lupa que genere<\/p>","protected":false},"featured_media":4703,"template":"","meta":[],"pwb-brand":[],"product_brand":[713],"product_cat":[524,531],"product_tag":[],"class_list":{"0":"post-4702","1":"product","2":"type-product","3":"status-publish","4":"has-post-thumbnail","6":"product_brand-cristal-master","7":"product_cat-aditivos-plastico","8":"product_cat-ayudantes-de-proceso","10":"first","11":"instock","12":"shipping-taxable","13":"product-type-simple","14":"prodpage-classic"},"yoast_head":"<!-- This site is optimized with the Yoast SEO plugin v27.4 - https:\/\/yoast.com\/product\/yoast-seo-wordpress\/ -->\n<title>Antifog - AMSTER<\/title>\n<meta name=\"description\" content=\"Este aditivo en masterbatch evita la formaci\u00f3n de peque\u00f1as gotas (vapor de agua) de la superficie del film. Es utilizado cuando se desea evitar que un empaque o embalaje quede con un aspecto &quot;sudado&quot;. Tambi\u00e9n es indicado en pel\u00edculas agr\u00edcolas, con el fin de evitar que una gota de agua forme una lupa que genere eventualmente quemaduras en las plantas.\" \/>\n<meta name=\"robots\" content=\"index, follow, max-snippet:-1, max-image-preview:large, max-video-preview:-1\" \/>\n<link rel=\"canonical\" href=\"https:\/\/amster.cl\/en\/shop\/antifog\/\" \/>\n<meta property=\"og:locale\" content=\"en_US\" \/>\n<meta property=\"og:type\" content=\"article\" \/>\n<meta property=\"og:title\" content=\"Antifog - AMSTER\" \/>\n<meta property=\"og:description\" content=\"Este aditivo en masterbatch evita la formaci\u00f3n de peque\u00f1as gotas (vapor de agua) de la superficie del film. Es utilizado cuando se desea evitar que un empaque o embalaje quede con un aspecto &quot;sudado&quot;. Tambi\u00e9n es indicado en pel\u00edculas agr\u00edcolas, con el fin de evitar que una gota de agua forme una lupa que genere eventualmente quemaduras en las plantas.\" \/>\n<meta property=\"og:url\" content=\"https:\/\/amster.cl\/en\/shop\/antifog\/\" \/>\n<meta property=\"og:site_name\" content=\"AMSTER\" \/>\n<meta property=\"og:image\" content=\"https:\/\/amster.cl\/wp-content\/uploads\/2026\/03\/Amster-Antifog.png\" \/>\n\t<meta property=\"og:image:width\" content=\"1536\" \/>\n\t<meta property=\"og:image:height\" content=\"1024\" \/>\n\t<meta property=\"og:image:type\" content=\"image\/png\" \/>\n<meta name=\"twitter:card\" content=\"summary_large_image\" \/>\n<meta name=\"twitter:label1\" content=\"Est. reading time\" \/>\n\t<meta name=\"twitter:data1\" content=\"1 minute\" \/>\n<script type=\"application\/ld+json\" class=\"yoast-schema-graph\">{\"@context\":\"https:\\\/\\\/schema.org\",\"@graph\":[{\"@type\":\"WebPage\",\"@id\":\"https:\\\/\\\/amster.cl\\\/shop\\\/antifog\\\/\",\"url\":\"https:\\\/\\\/amster.cl\\\/shop\\\/antifog\\\/\",\"name\":\"Antifog - AMSTER\",\"isPartOf\":{\"@id\":\"https:\\\/\\\/amster.cl\\\/#website\"},\"primaryImageOfPage\":{\"@id\":\"https:\\\/\\\/amster.cl\\\/shop\\\/antifog\\\/#primaryimage\"},\"image\":{\"@id\":\"https:\\\/\\\/amster.cl\\\/shop\\\/antifog\\\/#primaryimage\"},\"thumbnailUrl\":\"https:\\\/\\\/amster.cl\\\/wp-content\\\/uploads\\\/2026\\\/03\\\/Amster-Antifog.png\",\"datePublished\":\"2026-03-12T16:44:46+00:00\",\"description\":\"Este aditivo en masterbatch evita la formaci\u00f3n de peque\u00f1as gotas (vapor de agua) de la superficie del film. Es utilizado cuando se desea evitar que un empaque o embalaje quede con un aspecto \\\"sudado\\\". Tambi\u00e9n es indicado en pel\u00edculas agr\u00edcolas, con el fin de evitar que una gota de agua forme una lupa que genere eventualmente quemaduras en las plantas.\",\"breadcrumb\":{\"@id\":\"https:\\\/\\\/amster.cl\\\/shop\\\/antifog\\\/#breadcrumb\"},\"inLanguage\":\"en-US\",\"potentialAction\":[{\"@type\":\"ReadAction\",\"target\":[\"https:\\\/\\\/amster.cl\\\/shop\\\/antifog\\\/\"]}]},{\"@type\":\"ImageObject\",\"inLanguage\":\"en-US\",\"@id\":\"https:\\\/\\\/amster.cl\\\/shop\\\/antifog\\\/#primaryimage\",\"url\":\"https:\\\/\\\/amster.cl\\\/wp-content\\\/uploads\\\/2026\\\/03\\\/Amster-Antifog.png\",\"contentUrl\":\"https:\\\/\\\/amster.cl\\\/wp-content\\\/uploads\\\/2026\\\/03\\\/Amster-Antifog.png\",\"width\":1536,\"height\":1024},{\"@type\":\"BreadcrumbList\",\"@id\":\"https:\\\/\\\/amster.cl\\\/shop\\\/antifog\\\/#breadcrumb\",\"itemListElement\":[{\"@type\":\"ListItem\",\"position\":1,\"name\":\"Portada\",\"item\":\"https:\\\/\\\/amster.cl\\\/\"},{\"@type\":\"ListItem\",\"position\":2,\"name\":\"Tienda\",\"item\":\"https:\\\/\\\/amster.cl\\\/tienda\\\/\"},{\"@type\":\"ListItem\",\"position\":3,\"name\":\"Antifog\"}]},{\"@type\":\"WebSite\",\"@id\":\"https:\\\/\\\/amster.cl\\\/#website\",\"url\":\"https:\\\/\\\/amster.cl\\\/\",\"name\":\"AMSTER\",\"description\":\"Proveedor de materias primas para la industria chilena\",\"potentialAction\":[{\"@type\":\"SearchAction\",\"target\":{\"@type\":\"EntryPoint\",\"urlTemplate\":\"https:\\\/\\\/amster.cl\\\/?s={search_term_string}\"},\"query-input\":{\"@type\":\"PropertyValueSpecification\",\"valueRequired\":true,\"valueName\":\"search_term_string\"}}],\"inLanguage\":\"en-US\"}]}<\/script>\n<!-- \/ Yoast SEO plugin. -->","yoast_head_json":{"title":"Antifog - AMSTER","description":"Este aditivo en masterbatch evita la formaci\u00f3n de peque\u00f1as gotas (vapor de agua) de la superficie del film. Es utilizado cuando se desea evitar que un empaque o embalaje quede con un aspecto \"sudado\". Tambi\u00e9n es indicado en pel\u00edculas agr\u00edcolas, con el fin de evitar que una gota de agua forme una lupa que genere eventualmente quemaduras en las plantas.","robots":{"index":"index","follow":"follow","max-snippet":"max-snippet:-1","max-image-preview":"max-image-preview:large","max-video-preview":"max-video-preview:-1"},"canonical":"https:\/\/amster.cl\/en\/shop\/antifog\/","og_locale":"en_US","og_type":"article","og_title":"Antifog - AMSTER","og_description":"Este aditivo en masterbatch evita la formaci\u00f3n de peque\u00f1as gotas (vapor de agua) de la superficie del film. Es utilizado cuando se desea evitar que un empaque o embalaje quede con un aspecto \"sudado\". Tambi\u00e9n es indicado en pel\u00edculas agr\u00edcolas, con el fin de evitar que una gota de agua forme una lupa que genere eventualmente quemaduras en las plantas.","og_url":"https:\/\/amster.cl\/en\/shop\/antifog\/","og_site_name":"AMSTER","og_image":[{"width":1536,"height":1024,"url":"https:\/\/amster.cl\/wp-content\/uploads\/2026\/03\/Amster-Antifog.png","type":"image\/png"}],"twitter_card":"summary_large_image","twitter_misc":{"Est. reading time":"1 minute"},"schema":{"@context":"https:\/\/schema.org","@graph":[{"@type":"WebPage","@id":"https:\/\/amster.cl\/shop\/antifog\/","url":"https:\/\/amster.cl\/shop\/antifog\/","name":"Antifog - AMSTER","isPartOf":{"@id":"https:\/\/amster.cl\/#website"},"primaryImageOfPage":{"@id":"https:\/\/amster.cl\/shop\/antifog\/#primaryimage"},"image":{"@id":"https:\/\/amster.cl\/shop\/antifog\/#primaryimage"},"thumbnailUrl":"https:\/\/amster.cl\/wp-content\/uploads\/2026\/03\/Amster-Antifog.png","datePublished":"2026-03-12T16:44:46+00:00","description":"Este aditivo en masterbatch evita la formaci\u00f3n de peque\u00f1as gotas (vapor de agua) de la superficie del film. Es utilizado cuando se desea evitar que un empaque o embalaje quede con un aspecto \"sudado\". Tambi\u00e9n es indicado en pel\u00edculas agr\u00edcolas, con el fin de evitar que una gota de agua forme una lupa que genere eventualmente quemaduras en las plantas.","breadcrumb":{"@id":"https:\/\/amster.cl\/shop\/antifog\/#breadcrumb"},"inLanguage":"en-US","potentialAction":[{"@type":"ReadAction","target":["https:\/\/amster.cl\/shop\/antifog\/"]}]},{"@type":"ImageObject","inLanguage":"en-US","@id":"https:\/\/amster.cl\/shop\/antifog\/#primaryimage","url":"https:\/\/amster.cl\/wp-content\/uploads\/2026\/03\/Amster-Antifog.png","contentUrl":"https:\/\/amster.cl\/wp-content\/uploads\/2026\/03\/Amster-Antifog.png","width":1536,"height":1024},{"@type":"BreadcrumbList","@id":"https:\/\/amster.cl\/shop\/antifog\/#breadcrumb","itemListElement":[{"@type":"ListItem","position":1,"name":"Portada","item":"https:\/\/amster.cl\/"},{"@type":"ListItem","position":2,"name":"Tienda","item":"https:\/\/amster.cl\/tienda\/"},{"@type":"ListItem","position":3,"name":"Antifog"}]},{"@type":"WebSite","@id":"https:\/\/amster.cl\/#website","url":"https:\/\/amster.cl\/","name":"AMSTER","description":"Proveedor de materias primas para la industria chilena","potentialAction":[{"@type":"SearchAction","target":{"@type":"EntryPoint","urlTemplate":"https:\/\/amster.cl\/?s={search_term_string}"},"query-input":{"@type":"PropertyValueSpecification","valueRequired":true,"valueName":"search_term_string"}}],"inLanguage":"en-US"}]}},"brands":[],"_links":{"self":[{"href":"https:\/\/amster.cl\/en\/wp-json\/wp\/v2\/product\/4702","targetHints":{"allow":["GET"]}}],"collection":[{"href":"https:\/\/amster.cl\/en\/wp-json\/wp\/v2\/product"}],"about":[{"href":"https:\/\/amster.cl\/en\/wp-json\/wp\/v2\/types\/product"}],"wp:featuredmedia":[{"embeddable":true,"href":"https:\/\/amster.cl\/en\/wp-json\/wp\/v2\/media\/4703"}],"wp:attachment":[{"href":"https:\/\/amster.cl\/en\/wp-json\/wp\/v2\/media?parent=4702"}],"wp:term":[{"taxonomy":"pwb-brand","embeddable":true,"href":"https:\/\/amster.cl\/en\/wp-json\/wp\/v2\/pwb-brand?post=4702"},{"taxonomy":"product_brand","embeddable":true,"href":"https:\/\/amster.cl\/en\/wp-json\/wp\/v2\/product_brand?post=4702"},{"taxonomy":"product_cat","embeddable":true,"href":"https:\/\/amster.cl\/en\/wp-json\/wp\/v2\/product_cat?post=4702"},{"taxonomy":"product_tag","embeddable":true,"href":"https:\/\/amster.cl\/en\/wp-json\/wp\/v2\/product_tag?post=4702"}],"curies":[{"name":"wp","href":"https:\/\/api.w.org\/{rel}","templated":true}]}}